{"id":93,"date":"2024-02-09T01:25:15","date_gmt":"2024-02-09T01:25:17","guid":{"rendered":"https:\/\/localhost:10236\/about-us\/"},"modified":"2025-11-19T18:27:29","modified_gmt":"2025-11-19T23:27:29","slug":"a-propos-de-nous","status":"publish","type":"page","link":"https:\/\/www.intelerad.com\/fr\/a-propos-de-nous\/","title":{"rendered":"\u00c0 propos de nous"},"content":{"rendered":"\t\t<div data-elementor-type=\"wp-page\" data-elementor-id=\"93\" class=\"elementor elementor-93\" data-elementor-post-type=\"page\">\n\t\t\t\t<div class=\"elementor-element elementor-element-9311a2f e-flex e-con-boxed e-con e-parent\" data-id=\"9311a2f\" data-element_type=\"container\" data-e-type=\"container\">\n\t\t\t\t\t<div class=\"e-con-inner\">\n\t\t\t\t<div class=\"elementor-element elementor-element-bf0c38e elementor-widget elementor-widget-intelerad-homepage-hero-widget\" data-id=\"bf0c38e\" data-element_type=\"widget\" data-e-type=\"widget\" data-widget_type=\"intelerad-homepage-hero-widget.default\">\n\t\t\t\t<div class=\"elementor-widget-container\">\n\t\t\t\t\t  <section>\n    <div class=\"pt-10 pb-16\">\n      <div class=\"container px-3 mx-auto\">\n                  <div class=\"flex flex-col-reverse gap-8 lg:flex-row lg:items-center\">\n            <div class=\"w-full py-8 lg:w-1\/2\">\n              <div class=\"bannerContent\">\n                                  <div class=\"lg:max-w-[458px]\">\n                                          <h1 class=\"h1 lg:pr-7\">Simplification du chemin vers les r\u00e9ponses<\/h1>\n                                                              <div class=\"pt-6 prose\"><p>Pour les patients qui naviguent dans le syst\u00e8me de sant\u00e9, l'inconnu est ce qui les emp\u00eache de rester la nuit. Nous travaillons avec des professionnels de la sant\u00e9 pour cr\u00e9er un syst\u00e8me qui clarifie l'ensemble du processus d'imagerie, de la capture au stockage en passant par le partage, afin qu'ils puissent offrir aux patients des soins essentiels plus rapidement.<\/p><\/div>\n                                                          <\/div>\n                                    \n              <\/div>\n            <\/div>\n            <div class=\"w-full lg:w-1\/2\">\n                              <div class=\"bannerImgCol\">\n                  <img decoding=\"async\" class=\"hidden lg:block\" src=\"https:\/\/www.intelerad.com\/en\/wp-content\/uploads\/sites\/2\/2024\/04\/About-Us-1.png\" alt=\"Two business professionals, a woman and a man, smiling and engaging in a conversation while the woman holds a tablet. they are dressed in smart casual attire, with a linkedin logo in the background.\">\n                  <img decoding=\"async\" class=\"lg:hidden\" src=\"https:\/\/www.intelerad.com\/en\/wp-content\/uploads\/sites\/2\/2024\/04\/About-Us-1.png\" alt=\"Two business professionals, a woman and a man, smiling and engaging in a conversation while the woman holds a tablet. they are dressed in smart casual attire, with a linkedin logo in the background.\">\n                <\/div>\n                          <\/div>\n          <\/div>\n         \n      <\/div>\n    <\/div>\n  <\/section>\n\t\t\t\t\t<\/div>\n\t\t\t\t<\/div>\n\t\t\t\t\t<\/div>\n\t\t\t\t<\/div>\n\t\t<div class=\"elementor-element elementor-element-68c8e08 e-flex e-con-boxed e-con e-parent\" data-id=\"68c8e08\" data-element_type=\"container\" data-e-type=\"container\">\n\t\t\t\t\t<div class=\"e-con-inner\">\n\t\t\t\t<div class=\"elementor-element elementor-element-ed06412 elementor-widget elementor-widget-intelerad-three-columned-callout-widget\" data-id=\"ed06412\" data-element_type=\"widget\" data-e-type=\"widget\" data-widget_type=\"intelerad-three-columned-callout-widget.default\">\n\t\t\t\t<div class=\"elementor-widget-container\">\n\t\t\t\t\t  <section>\n  <div class=\"py-10 md:py-[70px]\">\n      <div class=\"container px-3 mx-auto\">\n        <div class=\"mb-6 md:mb-14 max-w-[52rem] mx-auto\">\n          <h2 class=\"text-center h1\">Faire progresser les processus, faire progresser les soins aux patients<\/h2>\n        <\/div>\n        <div class=\"grid grid-cols-1 gap-4 md:grid-cols-2 lg:grid-cols-3 md:gap-5 lg:gap-7\">\n                      <div class=\"transition-all processCard\">\n              <span class=\"processText\">1,500+<\/span>\n              <h4><p>Clients mondiaux<\/p><\/h4>\n            <\/div>\n                      <div class=\"transition-all processCard\">\n              <span class=\"processText\">230M<\/span>\n              <h4><p>Examens par ann\u00e9e<\/p><\/h4>\n            <\/div>\n                      <div class=\"transition-all processCard\">\n              <span class=\"processText\">94<sup>%<\/sup><\/span>\n              <h4><p>Satisfaction de la client\u00e8le<\/p><\/h4>\n            <\/div>\n                  <\/div>\n      <\/div>\n    <\/div>\n  <\/section>\n\t\t\t\t\t<\/div>\n\t\t\t\t<\/div>\n\t\t\t\t\t<\/div>\n\t\t\t\t<\/div>\n\t\t<div class=\"elementor-element elementor-element-acec962 e-flex e-con-boxed e-con e-parent\" data-id=\"acec962\" data-element_type=\"container\" data-e-type=\"container\">\n\t\t\t\t\t<div class=\"e-con-inner\">\n\t\t\t\t<div class=\"elementor-element elementor-element-081e499 elementor-widget elementor-widget-intelerad-organizations-widget\" data-id=\"081e499\" data-element_type=\"widget\" data-e-type=\"widget\" data-widget_type=\"intelerad-organizations-widget.default\">\n\t\t\t\t<div class=\"elementor-widget-container\">\n\t\t\t\t\t    <section>\n      <div class=\"py-10 md:py-[70px]\">\n        <div class=\"container px-3 mx-auto\">\n          <div class=\"trustedOrgSection\">\n            <div class=\"mb-6 md:mb-8 lg:mb-14\">\n              <h4 class=\"text-xl font-semibold md:text-2xl lg:text-3xl\">Trusted by Organizations Everywhere<\/h4>\n            <\/div>\n            <ul class=\"orgLogos\">\n                              <li><img decoding=\"async\" src=\"https:\/\/www.intelerad.com\/wp-content\/uploads\/sites\/2\/2024\/02\/RCI-1_EDIT-1.svg\" alt=\"\"><\/li>\n                              <li><img decoding=\"async\" src=\"https:\/\/www.intelerad.com\/wp-content\/uploads\/sites\/2\/2024\/02\/Simon-1_EDIT-1.svg\" alt=\"\"><\/li>\n                              <li><img decoding=\"async\" src=\"https:\/\/www.intelerad.com\/wp-content\/uploads\/sites\/2\/2024\/02\/i-med-logo_web-patient-transparent_EDIT-1.svg\" alt=\"\"><\/li>\n                              <li><img decoding=\"async\" src=\"https:\/\/www.intelerad.com\/wp-content\/uploads\/sites\/2\/2024\/02\/Penn_EDIT-1.svg\" alt=\"\"><\/li>\n                              <li><img decoding=\"async\" src=\"https:\/\/www.intelerad.com\/wp-content\/uploads\/sites\/2\/2024\/02\/YaleNewHaven.svg\" alt=\"\"><\/li>\n                              <li><img decoding=\"async\" src=\"https:\/\/www.intelerad.com\/wp-content\/uploads\/sites\/2\/2024\/02\/DessertRadiologoy.svg\" alt=\"\"><\/li>\n                              <li><img decoding=\"async\" src=\"https:\/\/www.intelerad.com\/wp-content\/uploads\/sites\/2\/2024\/02\/Canopy-Partners.svg\" alt=\"\"><\/li>\n                              <li><img decoding=\"async\" src=\"https:\/\/www.intelerad.com\/wp-content\/uploads\/sites\/2\/2024\/02\/Vector.svg\" alt=\"\"><\/li>\n                              <li><img decoding=\"async\" src=\"https:\/\/www.intelerad.com\/wp-content\/uploads\/sites\/2\/2024\/02\/Vector-1.svg\" alt=\"\"><\/li>\n                              <li><img decoding=\"async\" src=\"https:\/\/www.intelerad.com\/wp-content\/uploads\/sites\/2\/2024\/02\/FINAO.svg\" alt=\"\"><\/li>\n                          <\/ul>\n          <\/div>\n        <\/div>\n      <\/div>\n    <\/section>\n\t\t\t\t\t<\/div>\n\t\t\t\t<\/div>\n\t\t\t\t\t<\/div>\n\t\t\t\t<\/div>\n\t\t<div class=\"elementor-element elementor-element-7ec261b e-flex e-con-boxed e-con e-parent\" data-id=\"7ec261b\" data-element_type=\"container\" data-e-type=\"container\">\n\t\t\t\t\t<div class=\"e-con-inner\">\n\t\t\t\t<div class=\"elementor-element elementor-element-cc64a6c elementor-widget elementor-widget-intelerad-three-columned-image-widget\" data-id=\"cc64a6c\" data-element_type=\"widget\" data-e-type=\"widget\" data-widget_type=\"intelerad-three-columned-image-widget.default\">\n\t\t\t\t<div class=\"elementor-widget-container\">\n\t\t\t\t\t  <section>\n  <div class=\"py-10 md:py-[70px]\">\n      <div class=\"container px-3 mx-auto\">\n        <div class=\"text-center\">\n          <h2 class=\"mb-4 h1 lg:mb-6\">Technologie d'imagerie de pointe<\/h2>\n          <div class=\"prose lgText !max-w-screen-md mx-auto\"><p>Nous avons des visions audacieuses de la fa\u00e7on dont l'avenir de l'imagerie peut \u00eatre plus int\u00e9gr\u00e9, intuitif et accessible. En simplifiant les processus d'imagerie, nous pouvons am\u00e9liorer les exp\u00e9riences de soins de sant\u00e9 des patients et des m\u00e9decins.<\/p><\/div>\n          <div class=\"grid flex-wrap items-center justify-center grid-cols-2 gap-5 pt-8 mx-auto sm:flex lg:gap-10 lg:py-14\">\n                          <img decoding=\"async\" class=\"w-[15rem] h-auto object-contain\" class=\"\" src=\"https:\/\/www.intelerad.com\/wp-content\/uploads\/sites\/2\/2024\/02\/KlasAward1.png\" alt=\"\">\n                          <img decoding=\"async\" class=\"w-[15rem] h-auto object-contain\" class=\"\" src=\"https:\/\/www.intelerad.com\/wp-content\/uploads\/sites\/2\/2024\/02\/KlasAward2.png\" alt=\"\">\n                          <img decoding=\"async\" class=\"w-[15rem] h-auto object-contain\" class=\"\" src=\"https:\/\/www.intelerad.com\/wp-content\/uploads\/sites\/2\/2024\/02\/KlasAward3.png\" alt=\"\">\n                          <img decoding=\"async\" class=\"w-[15rem] h-auto object-contain\" class=\"\" src=\"https:\/\/www.intelerad.com\/wp-content\/uploads\/sites\/2\/2024\/02\/KlasAward4.png\" alt=\"\">\n                      <\/div>\n        <\/div>\n      <\/div>\n    <\/div>\n  <\/section>\n\t\t\t\t\t<\/div>\n\t\t\t\t<\/div>\n\t\t\t\t\t<\/div>\n\t\t\t\t<\/div>\n\t\t<div class=\"elementor-element elementor-element-6632bba e-flex e-con-boxed e-con e-parent\" data-id=\"6632bba\" data-element_type=\"container\" data-e-type=\"container\">\n\t\t\t\t\t<div class=\"e-con-inner\">\n\t\t\t\t<div class=\"elementor-element elementor-element-1c1ba1b elementor-widget elementor-widget-intelerad-featured-tabs-2-widget\" data-id=\"1c1ba1b\" data-element_type=\"widget\" data-e-type=\"widget\" data-widget_type=\"intelerad-featured-tabs-2-widget.default\">\n\t\t\t\t<div class=\"elementor-widget-container\">\n\t\t\t\t\t  <section>\n  <div class=\"py-10 md:py-[70px]\">\n      <div class=\"container px-3 mx-auto\">\n        <div class=\"mb-6 text-center md:mb-10 lg:mb-14\">\n          <h2 class=\"mb-4 h1 lg:mb-6\">Voir la situation dans son ensemble<\/h2>\n          <div class=\"prose lgText\"><p>Nous croyons que le chemin vers les r\u00e9ponses dans les soins de sant\u00e9 devrait \u00eatre clair, que vous attendiez un diagnostic ou que vous essayiez d'en acc\u00e9l\u00e9rer un. D\u00e8s le d\u00e9but, nous avons travaill\u00e9 \u00e0 cr\u00e9er des solutions qui am\u00e9liorent les exp\u00e9riences de soins de sant\u00e9 pour les m\u00e9decins et les patients.<\/p><\/div>\n        <\/div>\n        <div class=\"ts1Section\">\n          <div class=\"tabStyle1 w-[calc(100%+22px)] lg:w-auto !rounded-tr-none !rounded-br-none md:!rounded-tr-[6px] md:!rounded-br-[6px]\">\n            <ul class=\"lg:justify-center\">\n                              <li><button class=\"ts1Trigger active\" data-tab=\"tab-0\">Le d\u00e9but<\/button><\/li>\n                              <li><button class=\"ts1Trigger \" data-tab=\"tab-1\">Le milieu<\/button><\/li>\n                              <li><button class=\"ts1Trigger \" data-tab=\"tab-2\">Aujourd'hui<\/button><\/li>\n                          <\/ul>\n          <\/div>\n          <div class=\"mt-6 ts1ContentBody lg:mt-10 xl:mt-14 \">\n                          <div class=\"ts1Content active\" id=\"tab-0\">\n                  \n                <div class=\"lg:flex\">\n                  <div class=\"w-full pb-6 lg:w-7\/12 lg:pb-0 lg:pr-8 xl:pr-14\">\n                    <div class=\"imgStyle1Col\">\n                      <img decoding=\"async\" src=\"https:\/\/www.intelerad.com\/wp-content\/uploads\/sites\/2\/2024\/02\/beginning-img.webp\" alt=\"Une vision audacieuse\" class=\"imgStyle1\">\n                    <\/div>\n                  <\/div>\n                  <div class=\"w-full lg:w-5\/12\">\n                    <div class=\"pictureTextCol\">\n                      <h4>Une vision audacieuse<\/h4>\n                      <div class=\"prose\"><p>Dans les ann\u00e9es 1990, quatre dipl\u00f4m\u00e9s coll\u00e9giaux travaillant dans le d\u00e9partement d'imagerie m\u00e9dicale du Centre universitaire de sant\u00e9 McGill \u00e0 Montr\u00e9al, au Canada, ont d\u00e9couvert un probl\u00e8me. Le stockage et le partage d'images m\u00e9dicales vitales \u00e9taient un processus manuel fastidieux qui a entra\u00een\u00e9 de nombreuses erreurs. Ils se sont associ\u00e9s \u00e0 une vision visant \u00e0 cr\u00e9er des solutions d'imagerie plus accessibles. Cette vision est devenue Intelerad, qui a \u00e9t\u00e9 le pionnier de l'imagerie m\u00e9dicale bas\u00e9e sur le cloud.<\/p><\/div>\n                    <\/div>\n                  <\/div>\n                <\/div>\n                              <\/div>\n                          <div class=\"ts1Content \" id=\"tab-1\">\n                  \n                <div class=\"lg:flex\">\n                  <div class=\"w-full pb-6 lg:w-7\/12 lg:pb-0 lg:pr-8 xl:pr-14\">\n                    <div class=\"imgStyle1Col\">\n                      <img decoding=\"async\" src=\"https:\/\/www.intelerad.com\/wp-content\/uploads\/sites\/2\/2024\/02\/middle-img.webp\" alt=\"Am\u00e9liorer avec Insight\" class=\"imgStyle1\">\n                    <\/div>\n                  <\/div>\n                  <div class=\"w-full lg:w-5\/12\">\n                    <div class=\"pictureTextCol\">\n                      <h4>Am\u00e9liorer avec Insight<\/h4>\n                      <div class=\"prose\"><p>Au fur et \u00e0 mesure que les processus d'imagerie m\u00e9dicale ont \u00e9volu\u00e9, Intelerad a \u00e9galement \u00e9volu\u00e9. Nous trouvons toujours de nouvelles fa\u00e7ons de connecter les syst\u00e8mes de sant\u00e9 et d'am\u00e9liorer les flux de travail des cliniciens, en acqu\u00e9rant et en int\u00e9grant des produits pour cr\u00e9er la solution la plus compl\u00e8te et intuitive possible. Certaines de nos acquisitions incluent Clario pour l'orchestration de flux de travail et l'automatisation des listes de travail. Ambra pour le VNA et le partage d'image, et HeartIT pour la visualisation cardio avanc\u00e9e. Chaque d\u00e9cision d'affaires que nous prenons est soigneusement pens\u00e9e pour am\u00e9liorer la vie des cliniciens et de leurs patients.<\/p><\/div>\n                    <\/div>\n                  <\/div>\n                <\/div>\n                              <\/div>\n                          <div class=\"ts1Content \" id=\"tab-2\">\n                  \n                <div class=\"lg:flex\">\n                  <div class=\"w-full pb-6 lg:w-7\/12 lg:pb-0 lg:pr-8 xl:pr-14\">\n                    <div class=\"imgStyle1Col\">\n                      <img decoding=\"async\" src=\"https:\/\/www.intelerad.com\/wp-content\/uploads\/sites\/2\/2024\/02\/today-img.webp\" alt=\"R\u00e9ponses que vous pouvez voir\" class=\"imgStyle1\">\n                    <\/div>\n                  <\/div>\n                  <div class=\"w-full lg:w-5\/12\">\n                    <div class=\"pictureTextCol\">\n                      <h4>R\u00e9ponses que vous pouvez voir<\/h4>\n                      <div class=\"prose\"><p>Nous faisons progresser l'avenir de l'imagerie m\u00e9dicale gr\u00e2ce \u00e0 une architecture unifi\u00e9e qui relie les m\u00e9decins et le personnel clinique au-del\u00e0 des d\u00e9partements et des fronti\u00e8res. Notre portefeuille est adapt\u00e9 \u00e0 diff\u00e9rents contextes o\u00f9 l'imagerie m\u00e9dicale a lieu et est con\u00e7u pour s'adapter aux besoins uniques de votre organisation. Avec un logiciel intuitif de votre c\u00f4t\u00e9, vous \u00eates en mesure de d\u00e9couvrir des r\u00e9ponses qui changent la vie plus t\u00f4t et d'offrir de meilleurs soins aux patients. Nous voulons que nos clients voient la situation dans son ensemble. Nous travaillons avec vous pour que ce soit clair.<\/p><\/div>\n                    <\/div>\n                  <\/div>\n                <\/div>\n                              <\/div>\n                      <\/div>\n        <\/div>\n      <\/div>\n    <\/div>\n  <\/section>\n\t\t\t\t\t<\/div>\n\t\t\t\t<\/div>\n\t\t\t\t\t<\/div>\n\t\t\t\t<\/div>\n\t\t<div class=\"elementor-element elementor-element-5f98284 e-con-full e-flex e-con e-parent\" data-id=\"5f98284\" data-element_type=\"container\" data-e-type=\"container\">\n\t\t\t\t<div class=\"elementor-element elementor-element-84be2fc elementor-widget elementor-widget-intelerad-cta\" data-id=\"84be2fc\" data-element_type=\"widget\" data-e-type=\"widget\" data-widget_type=\"intelerad-cta.default\">\n\t\t\t\t<div class=\"elementor-widget-container\">\n\t\t\t\t\t          <section>\n        <div class=\"pt-10 md:py-[70px] pb-14\">\n                    <div class=\"mb-10 overflow-hidden text-center shapeCol lg:mb-16\">\n            <span\n              class=\"relative inline-block w-full\"\n              ><img decoding=\"async\"\n                src=\"https:\/\/www.intelerad.com\/fr\/wp-content\/themes\/intelerad\/assets\/images\/vector-shape-1.svg\"\n                alt=\"...\"\n                class=\"object-cover w-full d-block !h-12 lg:!h-auto\"\n            \/><\/span>\n          <\/div>\n                    <div class=\"container px-3 mx-auto\">\n            <div class=\"mx-auto text-center\">\n              <h2 class=\"h1 primaryColor\">Pr\u00eat \u00e0 obtenir a commenc\u00e9?<\/h2>\n              <div class=\"pt-4 lg:pt-8 max-w-[615px] mx-auto\">\n                <p>Nous \u00e9tablissons des liens entre les professionnels de la sant\u00e9 et l'information sur l'imagerie afin que vous puissiez vous concentrer sur ce qui compte vraiment : les soins aux patients.<\/p>              <\/div>\n              <div class=\"flex justify-center gap-6 mt-8\">\n                                  <a href=\"https:\/\/www.intelerad.com\/fr\/reservez-une-demo\/\" class=\"btn btnPrimary btnLg\"\n                  >R\u00e9servez une d\u00e9mo<\/a\n                >\n                                                <a href=\"https:\/\/www.intelerad.com\/fr\/contactez-nous\/\" class=\"btn btnOutline\">Contactez-Nous<\/a>\n                              <\/div>\n            <\/div>\n          <\/div>\n        <\/div>\n      <\/section>\n    \t\t\t\t\t<\/div>\n\t\t\t\t<\/div>\n\t\t\t\t<\/div>\n\t\t\t\t<\/div>\n\t\t","protected":false},"excerpt":{"rendered":"","protected":false},"author":18,"featured_media":0,"parent":0,"menu_order":9,"comment_status":"closed","ping_status":"closed","template":"","meta":{"_acf_changed":false,"footnotes":""},"class_list":["post-93","page","type-page","status-publish","hentry"],"acf":[],"yoast_head":"<!-- This site is optimized with the Yoast SEO Premium plugin v26.2 (Yoast SEO v27.5) - https:\/\/yoast.com\/product\/yoast-seo-premium-wordpress\/ -->\n<title>\u00c0 propos de nous | Les syst\u00e8mes m\u00e9dicaux Intelerad<\/title>\n<meta name=\"description\" content=\"En savoir plus sur Intelerad\u00a0: notre mission, nos valeurs et notre engagement dans l\u2019imagerie m\u00e9dicale.\" \/>\n<meta name=\"robots\" content=\"index, follow, max-snippet:-1, max-image-preview:large, max-video-preview:-1\" \/>\n<link rel=\"canonical\" href=\"https:\/\/www.intelerad.com\/fr\/a-propos-de-nous\/\" \/>\n<meta property=\"og:locale\" content=\"fr_FR\" \/>\n<meta property=\"og:type\" content=\"article\" \/>\n<meta property=\"og:title\" content=\"\u00c0 propos de nous\" \/>\n<meta property=\"og:description\" content=\"En savoir plus sur Intelerad\u00a0: notre mission, nos valeurs et notre engagement dans l\u2019imagerie m\u00e9dicale.\" \/>\n<meta property=\"og:url\" content=\"https:\/\/www.intelerad.com\/fr\/a-propos-de-nous\/\" \/>\n<meta property=\"og:site_name\" content=\"Les syst\u00e8mes m\u00e9dicaux Intelerad\" \/>\n<meta property=\"article:publisher\" content=\"https:\/\/facebook.com\/intelerad\" \/>\n<meta property=\"article:modified_time\" content=\"2025-11-19T23:27:29+00:00\" \/>\n<meta property=\"og:image\" content=\"https:\/\/www.intelerad.com\/en\/wp-content\/uploads\/sites\/2\/2024\/04\/About-Us-1.png\" \/>\n<meta name=\"twitter:label1\" content=\"Dur\u00e9e de lecture estim\u00e9e\" \/>\n\t<meta name=\"twitter:data1\" content=\"7 minutes\" \/>\n<script type=\"application\/ld+json\" class=\"yoast-schema-graph\">{\"@context\":\"https:\\\/\\\/schema.org\",\"@graph\":[{\"@type\":\"WebPage\",\"@id\":\"https:\\\/\\\/www.intelerad.com\\\/fr\\\/a-propos-de-nous\\\/\",\"url\":\"https:\\\/\\\/www.intelerad.com\\\/fr\\\/a-propos-de-nous\\\/\",\"name\":\"\u00c0 propos de nous | Les syst\u00e8mes m\u00e9dicaux Intelerad\",\"isPartOf\":{\"@id\":\"https:\\\/\\\/www.intelerad.com\\\/fr\\\/#website\"},\"primaryImageOfPage\":{\"@id\":\"https:\\\/\\\/www.intelerad.com\\\/fr\\\/a-propos-de-nous\\\/#primaryimage\"},\"image\":{\"@id\":\"https:\\\/\\\/www.intelerad.com\\\/fr\\\/a-propos-de-nous\\\/#primaryimage\"},\"thumbnailUrl\":\"https:\\\/\\\/www.intelerad.com\\\/en\\\/wp-content\\\/uploads\\\/sites\\\/2\\\/2024\\\/04\\\/About-Us-1.png\",\"datePublished\":\"2024-02-09T01:25:17+00:00\",\"dateModified\":\"2025-11-19T23:27:29+00:00\",\"description\":\"En savoir plus sur Intelerad\u00a0: notre mission, nos valeurs et notre engagement dans l\u2019imagerie m\u00e9dicale.\",\"breadcrumb\":{\"@id\":\"https:\\\/\\\/www.intelerad.com\\\/fr\\\/a-propos-de-nous\\\/#breadcrumb\"},\"inLanguage\":\"fr-FR\",\"potentialAction\":[{\"@type\":\"ReadAction\",\"target\":[\"https:\\\/\\\/www.intelerad.com\\\/fr\\\/a-propos-de-nous\\\/\"]}]},{\"@type\":\"ImageObject\",\"inLanguage\":\"fr-FR\",\"@id\":\"https:\\\/\\\/www.intelerad.com\\\/fr\\\/a-propos-de-nous\\\/#primaryimage\",\"url\":\"https:\\\/\\\/www.intelerad.com\\\/en\\\/wp-content\\\/uploads\\\/sites\\\/2\\\/2024\\\/04\\\/About-Us-1.png\",\"contentUrl\":\"https:\\\/\\\/www.intelerad.com\\\/en\\\/wp-content\\\/uploads\\\/sites\\\/2\\\/2024\\\/04\\\/About-Us-1.png\"},{\"@type\":\"BreadcrumbList\",\"@id\":\"https:\\\/\\\/www.intelerad.com\\\/fr\\\/a-propos-de-nous\\\/#breadcrumb\",\"itemListElement\":[{\"@type\":\"ListItem\",\"position\":1,\"name\":\"Home\",\"item\":\"https:\\\/\\\/www.intelerad.com\\\/fr\\\/\"},{\"@type\":\"ListItem\",\"position\":2,\"name\":\"\u00c0 propos de nous\"}]},{\"@type\":\"WebSite\",\"@id\":\"https:\\\/\\\/www.intelerad.com\\\/fr\\\/#website\",\"url\":\"https:\\\/\\\/www.intelerad.com\\\/fr\\\/\",\"name\":\"Les syst\u00e8mes m\u00e9dicaux Intelerad\",\"description\":\"\",\"potentialAction\":[{\"@type\":\"SearchAction\",\"target\":{\"@type\":\"EntryPoint\",\"urlTemplate\":\"https:\\\/\\\/www.intelerad.com\\\/fr\\\/?s={search_term_string}\"},\"query-input\":{\"@type\":\"PropertyValueSpecification\",\"valueRequired\":true,\"valueName\":\"search_term_string\"}}],\"inLanguage\":\"fr-FR\"}]}<\/script>\n<!-- \/ Yoast SEO Premium plugin. -->","yoast_head_json":{"title":"\u00c0 propos de nous | Les syst\u00e8mes m\u00e9dicaux Intelerad","description":"En savoir plus sur Intelerad\u00a0: notre mission, nos valeurs et notre engagement dans l\u2019imagerie m\u00e9dicale.","robots":{"index":"index","follow":"follow","max-snippet":"max-snippet:-1","max-image-preview":"max-image-preview:large","max-video-preview":"max-video-preview:-1"},"canonical":"https:\/\/www.intelerad.com\/fr\/a-propos-de-nous\/","og_locale":"fr_FR","og_type":"article","og_title":"\u00c0 propos de nous","og_description":"En savoir plus sur Intelerad\u00a0: notre mission, nos valeurs et notre engagement dans l\u2019imagerie m\u00e9dicale.","og_url":"https:\/\/www.intelerad.com\/fr\/a-propos-de-nous\/","og_site_name":"Les syst\u00e8mes m\u00e9dicaux Intelerad","article_publisher":"https:\/\/facebook.com\/intelerad","article_modified_time":"2025-11-19T23:27:29+00:00","og_image":[{"url":"https:\/\/www.intelerad.com\/en\/wp-content\/uploads\/sites\/2\/2024\/04\/About-Us-1.png","type":"","width":"","height":""}],"twitter_misc":{"Dur\u00e9e de lecture estim\u00e9e":"7 minutes"},"schema":{"@context":"https:\/\/schema.org","@graph":[{"@type":"WebPage","@id":"https:\/\/www.intelerad.com\/fr\/a-propos-de-nous\/","url":"https:\/\/www.intelerad.com\/fr\/a-propos-de-nous\/","name":"\u00c0 propos de nous | Les syst\u00e8mes m\u00e9dicaux Intelerad","isPartOf":{"@id":"https:\/\/www.intelerad.com\/fr\/#website"},"primaryImageOfPage":{"@id":"https:\/\/www.intelerad.com\/fr\/a-propos-de-nous\/#primaryimage"},"image":{"@id":"https:\/\/www.intelerad.com\/fr\/a-propos-de-nous\/#primaryimage"},"thumbnailUrl":"https:\/\/www.intelerad.com\/en\/wp-content\/uploads\/sites\/2\/2024\/04\/About-Us-1.png","datePublished":"2024-02-09T01:25:17+00:00","dateModified":"2025-11-19T23:27:29+00:00","description":"En savoir plus sur Intelerad\u00a0: notre mission, nos valeurs et notre engagement dans l\u2019imagerie m\u00e9dicale.","breadcrumb":{"@id":"https:\/\/www.intelerad.com\/fr\/a-propos-de-nous\/#breadcrumb"},"inLanguage":"fr-FR","potentialAction":[{"@type":"ReadAction","target":["https:\/\/www.intelerad.com\/fr\/a-propos-de-nous\/"]}]},{"@type":"ImageObject","inLanguage":"fr-FR","@id":"https:\/\/www.intelerad.com\/fr\/a-propos-de-nous\/#primaryimage","url":"https:\/\/www.intelerad.com\/en\/wp-content\/uploads\/sites\/2\/2024\/04\/About-Us-1.png","contentUrl":"https:\/\/www.intelerad.com\/en\/wp-content\/uploads\/sites\/2\/2024\/04\/About-Us-1.png"},{"@type":"BreadcrumbList","@id":"https:\/\/www.intelerad.com\/fr\/a-propos-de-nous\/#breadcrumb","itemListElement":[{"@type":"ListItem","position":1,"name":"Home","item":"https:\/\/www.intelerad.com\/fr\/"},{"@type":"ListItem","position":2,"name":"\u00c0 propos de nous"}]},{"@type":"WebSite","@id":"https:\/\/www.intelerad.com\/fr\/#website","url":"https:\/\/www.intelerad.com\/fr\/","name":"Les syst\u00e8mes m\u00e9dicaux Intelerad","description":"","potentialAction":[{"@type":"SearchAction","target":{"@type":"EntryPoint","urlTemplate":"https:\/\/www.intelerad.com\/fr\/?s={search_term_string}"},"query-input":{"@type":"PropertyValueSpecification","valueRequired":true,"valueName":"search_term_string"}}],"inLanguage":"fr-FR"}]}},"_links":{"self":[{"href":"https:\/\/www.intelerad.com\/fr\/wp-json\/wp\/v2\/pages\/93","targetHints":{"allow":["GET"]}}],"collection":[{"href":"https:\/\/www.intelerad.com\/fr\/wp-json\/wp\/v2\/pages"}],"about":[{"href":"https:\/\/www.intelerad.com\/fr\/wp-json\/wp\/v2\/types\/page"}],"author":[{"embeddable":true,"href":"https:\/\/www.intelerad.com\/fr\/wp-json\/wp\/v2\/users\/18"}],"replies":[{"embeddable":true,"href":"https:\/\/www.intelerad.com\/fr\/wp-json\/wp\/v2\/comments?post=93"}],"version-history":[{"count":0,"href":"https:\/\/www.intelerad.com\/fr\/wp-json\/wp\/v2\/pages\/93\/revisions"}],"wp:attachment":[{"href":"https:\/\/www.intelerad.com\/fr\/wp-json\/wp\/v2\/media?parent=93"}],"curies":[{"name":"wp","href":"https:\/\/api.w.org\/{rel}","templated":true}]}}