{"id":7122,"date":"2024-02-08T21:43:15","date_gmt":"2024-02-08T21:43:46","guid":{"rendered":"https:\/\/localhost:10236\/?page_id=13"},"modified":"2024-09-25T18:18:44","modified_gmt":"2024-09-25T22:18:44","slug":"page-daccueil","status":"publish","type":"page","link":"https:\/\/www.intelerad.com\/fr\/","title":{"rendered":"Page d&rsquo;accueil"},"content":{"rendered":"\t\t<div data-elementor-type=\"wp-page\" data-elementor-id=\"7122\" class=\"elementor elementor-7122\" data-elementor-post-type=\"page\">\n\t\t\t\t<div class=\"elementor-element elementor-element-6557209 e-flex e-con-boxed e-con e-parent\" data-id=\"6557209\" data-element_type=\"container\">\n\t\t\t\t\t<div class=\"e-con-inner\">\n\t\t\t\t<div class=\"elementor-element elementor-element-abd4e06 elementor-widget elementor-widget-intelerad-homepage-hero-widget\" data-id=\"abd4e06\" data-element_type=\"widget\" data-widget_type=\"intelerad-homepage-hero-widget.default\">\n\t\t\t\t<div class=\"elementor-widget-container\">\n\t\t\t\t\t  <section>\n    <div class=\"pt-10 pb-16\">\n      <div class=\"container px-3 mx-auto\">\n                  <div class=\"flex flex-col-reverse gap-8 lg:flex-row lg:items-center\">\n            <div class=\"w-full py-8 lg:w-1\/2\">\n              <div class=\"bannerContent\">\n                                  <div class=\"lg:max-w-[458px]\">\n                                          <h1 class=\"h1 lg:pr-7\">Imagerie Qui R\u00e9pond\n<\/h1>\n                                                              <div class=\"pt-6 prose\"><p>L'imagerie accessible dans le cloud \u00e9claire les patients. Notre suite d'imagerie m\u00e9dicale permet aux m\u00e9decins et au personnel soignant du monde entier de fournir les r\u00e9ponses dont les patients ont besoin.<\/p><\/div>\n                                                              <div class=\"pt-6\">\n                        <a href=\"https:\/\/www.intelerad.com\/fr\/reservez-une-demo\/\" class=\"btn btnOutline btnLg\">R\u00e9servez une D\u00e9mo<\/a>\n                      <\/div>\n                                      <\/div>\n                                    \n              <\/div>\n            <\/div>\n            <div class=\"w-full lg:w-1\/2\">\n                              <div class=\"bannerImgCol\">\n                  <img decoding=\"async\" class=\"hidden lg:block\" src=\"https:\/\/www.intelerad.com\/wp-content\/uploads\/sites\/2\/2024\/02\/Group-1386-1.png\" alt=\"\">\n                  <img decoding=\"async\" class=\"lg:hidden\" src=\"https:\/\/www.intelerad.com\/wp-content\/uploads\/sites\/2\/2024\/02\/Group-1386-1.png\" alt=\"\">\n                <\/div>\n                          <\/div>\n          <\/div>\n         \n      <\/div>\n    <\/div>\n  <\/section>\n\t\t\t\t\t<\/div>\n\t\t\t\t<\/div>\n\t\t\t\t\t<\/div>\n\t\t\t\t<\/div>\n\t\t<div class=\"elementor-element elementor-element-736a400 e-flex e-con-boxed e-con e-parent\" data-id=\"736a400\" data-element_type=\"container\">\n\t\t\t\t\t<div class=\"e-con-inner\">\n\t\t\t\t<div class=\"elementor-element elementor-element-06a1d4a elementor-widget elementor-widget-intelerad-columned-content-widget\" data-id=\"06a1d4a\" data-element_type=\"widget\" data-widget_type=\"intelerad-columned-content-widget.default\">\n\t\t\t\t<div class=\"elementor-widget-container\">\n\t\t\t\t\t  <section>\n    <div class=\"py-10 md:py-[70px]\">\n      <div class=\"container px-3 mx-auto\">\n        <h2 class=\"h1\">Donner du Pouvoir aux M\u00e9decins Partout\n<\/h2>\n        <div class=\"grid gap-3 mt-8 sm:grid-cols-2 lg:grid-cols-4 sm:gap-5 lg:mt-14\">\n                      <div class=\"cardStyle1\">\n              <a href=\"https:\/\/www.intelerad.com\/fr\/tous-les-parametres\/hopitaux-et-systemes-de-sante\/\" class=\"blankLink\"><\/a>\n              <div class=\"cs1IconCol\">\n                <svg width=\"36\" height=\"38\" viewBox=\"0 0 36 38\" fill=\"none\" xmlns=\"http:\/\/www.w3.org\/2000\/svg\">\n<path d=\"M18 6.76953V16.5124\" stroke=\"currentColor\" stroke-width=\"2.75\" stroke-miterlimit=\"10\"\/>\n<path d=\"M13.1289 11.6406H22.8718\" stroke=\"currentColor\" stroke-width=\"2.75\" stroke-miterlimit=\"10\"\/>\n<path d=\"M34.0125 35.8113H1.98438V7.82183C1.98438 6.73315 2.86736 5.85017 3.95603 5.85017H9.14855V3.92869C9.14855 2.84001 10.0315 1.95703 11.1202 1.95703H24.8666C25.9553 1.95703 26.8383 2.84001 26.8383 3.92869V5.85017H32.0308C33.1195 5.85017 34.0024 6.73315 34.0024 7.82183V34.9995L34.0125 35.8113Z\" stroke=\"currentColor\" stroke-width=\"2.75\" stroke-miterlimit=\"10\"\/>\n<path d=\"M15.0321 22.6582H20.9771C21.9805 22.6582 22.7933 23.4709 22.7933 24.4743V35.8076H13.2109V24.4743C13.2109 23.4709 14.0237 22.6582 15.0271 22.6582H15.0321Z\" stroke=\"currentColor\" stroke-width=\"2.75\" stroke-miterlimit=\"10\"\/>\n<\/svg>\n              <\/div>\n              <div class=\"cs1ContentCol\">\n                <h4>H\u00f4pitaux et Syst\u00e8mes de Sant\u00e9<\/h4>\n                <div class=\"mt-2 prose\"><p>Connectez les m\u00e9decins et les informations sur les patients \u00e0 travers les d\u00e9partements.<\/p><\/div>\n              <\/div>\n            <\/div>\n                      <div class=\"cardStyle1\">\n              <a href=\"https:\/\/www.intelerad.com\/fr\/tous-les-parametres\/radiologie\/\" class=\"blankLink\"><\/a>\n              <div class=\"cs1IconCol\">\n                <svg width=\"40\" height=\"45\" viewBox=\"0 0 40 45\" fill=\"none\" xmlns=\"http:\/\/www.w3.org\/2000\/svg\">\n<mask id=\"mask0_4965_5240\" style=\"mask-type:luminance\" maskUnits=\"userSpaceOnUse\" x=\"0\" y=\"-1\" width=\"40\" height=\"46\">\n<path d=\"M2.20982 16.851L2.11989 16.5757L17.1043 1.59124L37.383 9.2858L37.5667 9.35551L37.7626 9.37097C38.1373 9.40055 38.4307 9.73067 38.4001 10.1315C38.4 10.132 38.4 10.1325 38.4 10.133L35.8678 41.2753C35.529 41.3381 35.1718 41.481 34.8182 41.7456C34.467 42.0085 34.1566 42.3639 33.8736 42.8052H10.6164C9.8135 40.2415 7.88361 34.2792 6.04595 28.6252C4.97075 25.3171 3.92372 22.1041 3.1455 19.7182C2.75639 18.5253 2.43447 17.539 2.20982 16.851ZM35.79 42.232C35.788 42.2583 35.7861 42.2542 35.7904 42.2282L35.7903 42.2288L35.79 42.232ZM37.0794 41.3445C37.0835 41.3452 37.0857 41.3457 37.0857 41.3457C37.0857 41.3457 37.0837 41.3454 37.0794 41.3445Z\" fill=\"white\" stroke=\"white\" stroke-width=\"2.75\"\/>\n<\/mask>\n<g mask=\"url(#mask0_4965_5240)\">\n<path d=\"M16.9181 46.7618C17.4781 43.1918 18.3281 37.8818 17.3781 36.3418C16.4281 34.8018 14.5981 33.3118 13.7681 32.4518C12.7381 31.3718 12.9181 29.1618 16.1881 29.2518C19.0381 29.3318 21.7081 25.9918 23.7781 26.7918C25.2881 27.3818 26.4281 29.0718 26.0381 33.2418C25.6581 37.4118 24.8581 39.0118 23.4781 47.5618\" stroke=\"currentColor\" stroke-width=\"2.75\" stroke-miterlimit=\"10\"\/>\n<path d=\"M27.4822 12.9416C26.4422 12.8716 27.3922 14.8016 26.9822 17.3216C26.5522 19.9416 24.9322 21.1216 26.3322 22.6316C27.8422 24.2716 31.8722 21.5816 31.8622 18.4516C31.8622 14.3116 29.4422 13.0716 27.4922 12.9316L27.4822 12.9416Z\" stroke=\"currentColor\" stroke-width=\"2.75\" stroke-miterlimit=\"10\"\/>\n<path d=\"M2.33094 -3.29883C2.33094 -3.29883 14.4809 8.85117 16.3009 10.6712C17.9409 12.3112 20.3309 13.3512 21.1709 15.4012C22.0109 17.4512 20.6209 21.1712 16.6709 23.0512C12.7209 24.9312 8.53094 23.5112 8.51094 20.4312C8.49094 17.3412 10.5509 15.1212 4.61094 9.18117C-1.34906 3.22117 -7.78906 -3.21883 -7.78906 -3.21883\" stroke=\"currentColor\" stroke-width=\"2.75\" stroke-miterlimit=\"10\"\/>\n<\/g>\n<\/svg>\n              <\/div>\n              <div class=\"cs1ContentCol\">\n                <h4>Pratiques de Radiologie<\/h4>\n                <div class=\"mt-2 prose\"><p>Rationalisez les flux de lecture et centralisez les donn\u00e9es d'imagerie.<\/p><\/div>\n              <\/div>\n            <\/div>\n                      <div class=\"cardStyle1\">\n              <a href=\"https:\/\/www.intelerad.com\/fr\/tous-les-parametres\/cardiologie\/\" class=\"blankLink\"><\/a>\n              <div class=\"cs1IconCol\">\n                <svg width=\"35\" height=\"48\" viewBox=\"0 0 35 48\" fill=\"none\" xmlns=\"http:\/\/www.w3.org\/2000\/svg\">\n<path d=\"M13.7023 0.330078V9.98008C13.7023 11.0501 13.0023 11.9601 12.0423 12.2901C9.36234 12.5001 6.82234 13.6601 4.91234 15.5701C0.482344 20.0001 0.482344 27.1801 4.91234 31.6101L16.9623 43.6601C21.2523 47.9501 28.5823 44.9101 28.5823 38.8501V23.0301H34.4323\" stroke=\"currentColor\" stroke-width=\"2.75\" stroke-linejoin=\"bevel\"\/>\n<path d=\"M30.5994 4.46008H25.0694C22.5094 4.46008 20.2394 5.74008 18.8594 7.69008V0.330078\" stroke=\"currentColor\" stroke-width=\"2.75\" stroke-linejoin=\"bevel\"\/>\n<path d=\"M34.4189 17.8709H28.5189C28.1689 14.8509 25.6989 12.4709 22.6289 12.2709V12.0609C22.6289 10.7209 23.7189 9.63086 25.0589 9.63086H30.5889\" stroke=\"currentColor\" stroke-width=\"2.75\" stroke-linejoin=\"bevel\"\/>\n<path d=\"M21.2006 20.53C21.2006 15.96 17.4906 12.25 12.9206 12.25C9.91062 12.25 7.03062 13.44 4.90062 15.57C0.470625 20 0.470625 27.18 4.90062 31.61L16.9506 43.66C18.1906 44.9 19.7006 45.53 21.2006 45.64V20.53Z\" stroke=\"currentColor\" stroke-width=\"2.75\" stroke-linejoin=\"bevel\"\/>\n<\/svg>\n              <\/div>\n              <div class=\"cs1ContentCol\">\n                <h4>Pratiques de Cardiologie<\/h4>\n                <div class=\"mt-2 prose\"><p>Optimisez l'acc\u00e8s aux donn\u00e9es cliniques et informez les soins aux patients.<\/p><\/div>\n              <\/div>\n            <\/div>\n                      <div class=\"cardStyle1\">\n              <a href=\"https:\/\/www.intelerad.com\/fr\/tous-les-parametres\/sciences-de-la-vie\/\" class=\"blankLink\"><\/a>\n              <div class=\"cs1IconCol\">\n                <svg width=\"34\" height=\"40\" viewBox=\"0 0 34 40\" fill=\"none\" xmlns=\"http:\/\/www.w3.org\/2000\/svg\">\n<path d=\"M9 1.60938H23.58\" stroke=\"currentColor\" stroke-width=\"2.75\" stroke-miterlimit=\"10\"\/>\n<path d=\"M12.3501 2.53906V12.5891L2.61014 30.8691C0.79014 34.2791 3.26014 38.3991 7.13014 38.3991H16.2901\" stroke=\"currentColor\" stroke-width=\"2.75\" stroke-miterlimit=\"10\"\/>\n<path d=\"M5.71875 25.0195H20.7488\" stroke=\"currentColor\" stroke-width=\"2.75\" stroke-miterlimit=\"10\"\/>\n<path d=\"M25.0019 1.60938H10.4219\" stroke=\"currentColor\" stroke-width=\"2.75\" stroke-miterlimit=\"10\"\/>\n<path d=\"M21.6508 2.53906V12.5891L31.3908 30.8691C33.2108 34.2791 30.7408 38.3991 26.8708 38.3991H14.3008\" stroke=\"currentColor\" stroke-width=\"2.75\" stroke-miterlimit=\"10\"\/>\n<path d=\"M28.28 25.0195H13.25\" stroke=\"currentColor\" stroke-width=\"2.75\" stroke-miterlimit=\"10\"\/>\n<\/svg>\n              <\/div>\n              <div class=\"cs1ContentCol\">\n                <h4>Sciences de <br>la Vie<\/h4>\n                <div class=\"mt-2 prose\"><p>Permettre la recherche bas\u00e9e sur l'imagerie pour les essais cliniques.<\/p><\/div>\n              <\/div>\n            <\/div>\n                  <\/div>\n      <\/div>\n    <\/div>\n  <\/section>\n\t\t\t\t\t<\/div>\n\t\t\t\t<\/div>\n\t\t\t\t\t<\/div>\n\t\t\t\t<\/div>\n\t\t<div class=\"elementor-element elementor-element-ef77f2b e-flex e-con-boxed e-con e-parent\" data-id=\"ef77f2b\" data-element_type=\"container\">\n\t\t\t\t\t<div class=\"e-con-inner\">\n\t\t\t\t<div class=\"elementor-element elementor-element-c1b2238 elementor-widget elementor-widget-intelerad-featured-demos-widget\" data-id=\"c1b2238\" data-element_type=\"widget\" data-widget_type=\"intelerad-featured-demos-widget.default\">\n\t\t\t\t<div class=\"elementor-widget-container\">\n\t\t\t\t\t\t    <section>\n      <div class=\"py-10 md:py-[70px]\">\n        <div class=\"container px-3 mx-auto\">\n          <h2 class=\"h1\">Voyez Comment Nous D\u00e9couvrons les R\u00e9ponses<\/h2>\n          <div\n            class=\"grid gap-3 mt-8 sm:grid-cols-2 lg:grid-cols-3 sm:gap-5 lg:mt-14\"\n          >\n                          <div class=\"mb-5 cardStyle2\">\n                <div class=\"cs2ImgCol\">\n                  <img decoding=\"async\" src=\"https:\/\/www.intelerad.com\/fr\/wp-content\/uploads\/sites\/3\/2024\/05\/image-2.png\" alt=\"\" class=\"cs2img\" \/>\n                <\/div>\n                <div class=\"cs2ContentCol\">\n                  <h4>IntelePACS<\/h4>\n                  <div class=\"mt-2 prose\">\n                    <p>Acc\u00e9dez aux images et aux donn\u00e9es des patients \u00e0 tout moment, n'importe o\u00f9.<\/p>                  <\/div>\n                  <div class=\"pt-5\">\n                    <a href=\"https:\/\/www.intelerad.com\/fr\/tous-les-produits\/intelepacs\/\" class=\"arrowLink\">En savoir plus<\/a>\n                  <\/div>\n                <\/div>\n              <\/div>\n                          <div class=\"mb-5 cardStyle2\">\n                <div class=\"cs2ImgCol\">\n                  <img decoding=\"async\" src=\"https:\/\/www.intelerad.com\/fr\/wp-content\/uploads\/sites\/3\/2024\/05\/image-4.png\" alt=\"\" class=\"cs2img\" \/>\n                <\/div>\n                <div class=\"cs2ContentCol\">\n                  <h4>InteleOrchestrator<\/h4>\n                  <div class=\"mt-2 prose\">\n                    <p>Orchestrez les flux de travail cliniques avec une liste de t\u00e2ches am\u00e9lior\u00e9e par l'IA.<\/p>                  <\/div>\n                  <div class=\"pt-5\">\n                    <a href=\"https:\/\/www.intelerad.com\/fr\/tous-les-produits\/inteleorchestrator\/\" class=\"arrowLink\">En savoir plus<\/a>\n                  <\/div>\n                <\/div>\n              <\/div>\n                          <div class=\"mb-5 cardStyle2\">\n                <div class=\"cs2ImgCol\">\n                  <img decoding=\"async\" src=\"https:\/\/www.intelerad.com\/fr\/wp-content\/uploads\/sites\/3\/2024\/05\/image-3.png\" alt=\"\" class=\"cs2img\" \/>\n                <\/div>\n                <div class=\"cs2ContentCol\">\n                  <h4>InteleShare<\/h4>\n                  <div class=\"mt-2 prose\">\n                    Envoyez et recevez des images de patients en toute s\u00e9curit\u00e9 et en douceur.                  <\/div>\n                  <div class=\"pt-5\">\n                    <a href=\"https:\/\/www.intelerad.com\/fr\/tous-les-produits\/inteleshare\/\" class=\"arrowLink\">En savoir plus<\/a>\n                  <\/div>\n                <\/div>\n              <\/div>\n                      <\/div>\n          <div class=\"pt-8 text-center lg:pt-10\">\n            <a href=\"https:\/\/www.intelerad.com\/fr\/tous-les-produits\/\" class=\"btn btnOutline btnLg\"\n              >Explorez Plus de Produits<\/a\n            >\n          <\/div>\n        <\/div>\n      <\/div>\n    <\/section>\n\t\t\t\t\t<\/div>\n\t\t\t\t<\/div>\n\t\t\t\t\t<\/div>\n\t\t\t\t<\/div>\n\t\t<div class=\"elementor-element elementor-element-cb76bc1 e-con-full e-flex e-con e-parent\" data-id=\"cb76bc1\" data-element_type=\"container\">\n\t\t\t\t<div class=\"elementor-element elementor-element-7511664 elementor-widget elementor-widget-intelerad-cta\" data-id=\"7511664\" data-element_type=\"widget\" data-widget_type=\"intelerad-cta.default\">\n\t\t\t\t<div class=\"elementor-widget-container\">\n\t\t\t\t\t          <section>\n        <div class=\"pt-10 md:py-[70px] pb-14\">\n                    <div class=\"mb-10 overflow-hidden text-center shapeCol lg:mb-16\">\n            <span\n              class=\"relative inline-block w-full\"\n              ><img decoding=\"async\"\n                src=\"https:\/\/www.intelerad.com\/fr\/wp-content\/themes\/intelerad\/assets\/images\/vector-shape-1.svg\"\n                alt=\"...\"\n                class=\"object-cover w-full d-block !h-12 lg:!h-auto\"\n            \/><\/span>\n          <\/div>\n                    <div class=\"container px-3 mx-auto\">\n            <div class=\"mx-auto text-center\">\n              <h2 class=\"h1 primaryColor\">Pr\u00eat \u00e0 Commencer ?<\/h2>\n              <div class=\"pt-4 lg:pt-8 max-w-[615px] mx-auto\">\n                <p>Nous connectons les professionnels de la sant\u00e9 et les informations sur l'imagerie afin que vous puissiez vous concentrer sur ce qui compte vraiment : les soins aux patients.<\/p>              <\/div>\n              <div class=\"flex justify-center gap-6 mt-8\">\n                                  <a href=\"https:\/\/www.intelerad.com\/fr\/reservez-une-demo\/\" class=\"btn btnPrimary btnLg\"\n                  >R\u00e9servez une D\u00e9mo<\/a\n                >\n                                                <a href=\"https:\/\/www.intelerad.com\/fr\/contactez-nous\/\" class=\"btn btnOutline\">Contactez-Nous<\/a>\n                              <\/div>\n            <\/div>\n          <\/div>\n        <\/div>\n      <\/section>\n    \t\t\t\t\t<\/div>\n\t\t\t\t<\/div>\n\t\t\t\t<\/div>\n\t\t\t\t<\/div>\n\t\t","protected":false},"excerpt":{"rendered":"","protected":false},"author":18,"featured_media":0,"parent":0,"menu_order":6,"comment_status":"closed","ping_status":"closed","template":"","meta":{"_acf_changed":false,"footnotes":""},"class_list":["post-7122","page","type-page","status-publish","hentry"],"acf":[],"yoast_head":"<!-- This site is optimized with the Yoast SEO Premium plugin v26.2 (Yoast SEO v26.4) - https:\/\/yoast.com\/wordpress\/plugins\/seo\/ -->\n<title>Syst\u00e8mes m\u00e9dicaux Intelerad | Gestion des images m\u00e9dicales<\/title>\n<meta name=\"description\" content=\"Explorez l\u2019imagerie cloud r\u00e9active. Notre suite permet aux m\u00e9decins et soignants du monde entier de fournir des r\u00e9ponses aux patients.\" \/>\n<meta name=\"robots\" content=\"index, follow, max-snippet:-1, max-image-preview:large, max-video-preview:-1\" \/>\n<link rel=\"canonical\" href=\"https:\/\/www.intelerad.com\/fr\/\" \/>\n<meta property=\"og:locale\" content=\"fr_FR\" \/>\n<meta property=\"og:type\" content=\"article\" \/>\n<meta property=\"og:title\" content=\"Page d&#039;accueil\" \/>\n<meta property=\"og:description\" content=\"Explorez l\u2019imagerie cloud r\u00e9active. Notre suite permet aux m\u00e9decins et soignants du monde entier de fournir des r\u00e9ponses aux patients.\" \/>\n<meta property=\"og:url\" content=\"https:\/\/www.intelerad.com\/fr\/\" \/>\n<meta property=\"og:site_name\" content=\"Les syst\u00e8mes m\u00e9dicaux Intelerad\" \/>\n<meta property=\"article:publisher\" content=\"https:\/\/facebook.com\/intelerad\" \/>\n<meta property=\"article:modified_time\" content=\"2024-09-25T22:18:44+00:00\" \/>\n<meta property=\"og:image\" content=\"https:\/\/www.intelerad.com\/wp-content\/uploads\/sites\/2\/2024\/02\/Group-1386-1.png\" \/>\n<meta name=\"twitter:label1\" content=\"Dur\u00e9e de lecture estim\u00e9e\" \/>\n\t<meta name=\"twitter:data1\" content=\"3 minutes\" \/>\n<script type=\"application\/ld+json\" class=\"yoast-schema-graph\">{\"@context\":\"https:\/\/schema.org\",\"@graph\":[{\"@type\":\"WebPage\",\"@id\":\"https:\/\/www.intelerad.com\/fr\/\",\"url\":\"https:\/\/www.intelerad.com\/fr\/\",\"name\":\"Syst\u00e8mes m\u00e9dicaux Intelerad | Gestion des images m\u00e9dicales\",\"isPartOf\":{\"@id\":\"https:\/\/www.intelerad.com\/fr\/#website\"},\"primaryImageOfPage\":{\"@id\":\"https:\/\/www.intelerad.com\/fr\/#primaryimage\"},\"image\":{\"@id\":\"https:\/\/www.intelerad.com\/fr\/#primaryimage\"},\"thumbnailUrl\":\"https:\/\/www.intelerad.com\/wp-content\/uploads\/sites\/2\/2024\/02\/Group-1386-1.png\",\"datePublished\":\"2024-02-08T21:43:46+00:00\",\"dateModified\":\"2024-09-25T22:18:44+00:00\",\"description\":\"Explorez l\u2019imagerie cloud r\u00e9active. Notre suite permet aux m\u00e9decins et soignants du monde entier de fournir des r\u00e9ponses aux patients.\",\"breadcrumb\":{\"@id\":\"https:\/\/www.intelerad.com\/fr\/#breadcrumb\"},\"inLanguage\":\"fr-FR\",\"potentialAction\":[{\"@type\":\"ReadAction\",\"target\":[\"https:\/\/www.intelerad.com\/fr\/\"]}]},{\"@type\":\"ImageObject\",\"inLanguage\":\"fr-FR\",\"@id\":\"https:\/\/www.intelerad.com\/fr\/#primaryimage\",\"url\":\"https:\/\/www.intelerad.com\/wp-content\/uploads\/sites\/2\/2024\/02\/Group-1386-1.png\",\"contentUrl\":\"https:\/\/www.intelerad.com\/wp-content\/uploads\/sites\/2\/2024\/02\/Group-1386-1.png\"},{\"@type\":\"BreadcrumbList\",\"@id\":\"https:\/\/www.intelerad.com\/fr\/#breadcrumb\",\"itemListElement\":[{\"@type\":\"ListItem\",\"position\":1,\"name\":\"Home\",\"item\":\"https:\/\/www.intelerad.com\/fr\/\"},{\"@type\":\"ListItem\",\"position\":2,\"name\":\"Page d&rsquo;accueil\"}]},{\"@type\":\"WebSite\",\"@id\":\"https:\/\/www.intelerad.com\/fr\/#website\",\"url\":\"https:\/\/www.intelerad.com\/fr\/\",\"name\":\"Les syst\u00e8mes m\u00e9dicaux Intelerad\",\"description\":\"\",\"potentialAction\":[{\"@type\":\"SearchAction\",\"target\":{\"@type\":\"EntryPoint\",\"urlTemplate\":\"https:\/\/www.intelerad.com\/fr\/?s={search_term_string}\"},\"query-input\":{\"@type\":\"PropertyValueSpecification\",\"valueRequired\":true,\"valueName\":\"search_term_string\"}}],\"inLanguage\":\"fr-FR\"}]}<\/script>\n<!-- \/ Yoast SEO Premium plugin. -->","yoast_head_json":{"title":"Syst\u00e8mes m\u00e9dicaux Intelerad | Gestion des images m\u00e9dicales","description":"Explorez l\u2019imagerie cloud r\u00e9active. Notre suite permet aux m\u00e9decins et soignants du monde entier de fournir des r\u00e9ponses aux patients.","robots":{"index":"index","follow":"follow","max-snippet":"max-snippet:-1","max-image-preview":"max-image-preview:large","max-video-preview":"max-video-preview:-1"},"canonical":"https:\/\/www.intelerad.com\/fr\/","og_locale":"fr_FR","og_type":"article","og_title":"Page d'accueil","og_description":"Explorez l\u2019imagerie cloud r\u00e9active. Notre suite permet aux m\u00e9decins et soignants du monde entier de fournir des r\u00e9ponses aux patients.","og_url":"https:\/\/www.intelerad.com\/fr\/","og_site_name":"Les syst\u00e8mes m\u00e9dicaux Intelerad","article_publisher":"https:\/\/facebook.com\/intelerad","article_modified_time":"2024-09-25T22:18:44+00:00","og_image":[{"url":"https:\/\/www.intelerad.com\/wp-content\/uploads\/sites\/2\/2024\/02\/Group-1386-1.png","type":"","width":"","height":""}],"twitter_misc":{"Dur\u00e9e de lecture estim\u00e9e":"3 minutes"},"schema":{"@context":"https:\/\/schema.org","@graph":[{"@type":"WebPage","@id":"https:\/\/www.intelerad.com\/fr\/","url":"https:\/\/www.intelerad.com\/fr\/","name":"Syst\u00e8mes m\u00e9dicaux Intelerad | Gestion des images m\u00e9dicales","isPartOf":{"@id":"https:\/\/www.intelerad.com\/fr\/#website"},"primaryImageOfPage":{"@id":"https:\/\/www.intelerad.com\/fr\/#primaryimage"},"image":{"@id":"https:\/\/www.intelerad.com\/fr\/#primaryimage"},"thumbnailUrl":"https:\/\/www.intelerad.com\/wp-content\/uploads\/sites\/2\/2024\/02\/Group-1386-1.png","datePublished":"2024-02-08T21:43:46+00:00","dateModified":"2024-09-25T22:18:44+00:00","description":"Explorez l\u2019imagerie cloud r\u00e9active. Notre suite permet aux m\u00e9decins et soignants du monde entier de fournir des r\u00e9ponses aux patients.","breadcrumb":{"@id":"https:\/\/www.intelerad.com\/fr\/#breadcrumb"},"inLanguage":"fr-FR","potentialAction":[{"@type":"ReadAction","target":["https:\/\/www.intelerad.com\/fr\/"]}]},{"@type":"ImageObject","inLanguage":"fr-FR","@id":"https:\/\/www.intelerad.com\/fr\/#primaryimage","url":"https:\/\/www.intelerad.com\/wp-content\/uploads\/sites\/2\/2024\/02\/Group-1386-1.png","contentUrl":"https:\/\/www.intelerad.com\/wp-content\/uploads\/sites\/2\/2024\/02\/Group-1386-1.png"},{"@type":"BreadcrumbList","@id":"https:\/\/www.intelerad.com\/fr\/#breadcrumb","itemListElement":[{"@type":"ListItem","position":1,"name":"Home","item":"https:\/\/www.intelerad.com\/fr\/"},{"@type":"ListItem","position":2,"name":"Page d&rsquo;accueil"}]},{"@type":"WebSite","@id":"https:\/\/www.intelerad.com\/fr\/#website","url":"https:\/\/www.intelerad.com\/fr\/","name":"Les syst\u00e8mes m\u00e9dicaux Intelerad","description":"","potentialAction":[{"@type":"SearchAction","target":{"@type":"EntryPoint","urlTemplate":"https:\/\/www.intelerad.com\/fr\/?s={search_term_string}"},"query-input":{"@type":"PropertyValueSpecification","valueRequired":true,"valueName":"search_term_string"}}],"inLanguage":"fr-FR"}]}},"_links":{"self":[{"href":"https:\/\/www.intelerad.com\/fr\/wp-json\/wp\/v2\/pages\/7122","targetHints":{"allow":["GET"]}}],"collection":[{"href":"https:\/\/www.intelerad.com\/fr\/wp-json\/wp\/v2\/pages"}],"about":[{"href":"https:\/\/www.intelerad.com\/fr\/wp-json\/wp\/v2\/types\/page"}],"author":[{"embeddable":true,"href":"https:\/\/www.intelerad.com\/fr\/wp-json\/wp\/v2\/users\/18"}],"replies":[{"embeddable":true,"href":"https:\/\/www.intelerad.com\/fr\/wp-json\/wp\/v2\/comments?post=7122"}],"version-history":[{"count":0,"href":"https:\/\/www.intelerad.com\/fr\/wp-json\/wp\/v2\/pages\/7122\/revisions"}],"wp:attachment":[{"href":"https:\/\/www.intelerad.com\/fr\/wp-json\/wp\/v2\/media?parent=7122"}],"curies":[{"name":"wp","href":"https:\/\/api.w.org\/{rel}","templated":true}]}}