{"id":573,"date":"2024-02-19T12:49:15","date_gmt":"2024-02-19T12:50:09","guid":{"rendered":"https:\/\/localhost:10236\/?page_id=573"},"modified":"2025-08-07T16:52:47","modified_gmt":"2025-08-07T20:52:47","slug":"sciences-de-la-vie","status":"publish","type":"page","link":"https:\/\/www.intelerad.com\/fr\/tous-les-parametres\/sciences-de-la-vie\/","title":{"rendered":"Sciences de la vie"},"content":{"rendered":"\t\t<div data-elementor-type=\"wp-page\" data-elementor-id=\"573\" class=\"elementor elementor-573\" data-elementor-post-type=\"page\">\n\t\t\t\t<div class=\"elementor-element elementor-element-9d34b6a e-flex e-con-boxed e-con e-parent\" data-id=\"9d34b6a\" data-element_type=\"container\" data-e-type=\"container\">\n\t\t\t\t\t<div class=\"e-con-inner\">\n\t\t\t\t<div class=\"elementor-element elementor-element-91b9181 elementor-widget elementor-widget-intelerad-homepage-hero-widget\" data-id=\"91b9181\" data-element_type=\"widget\" data-e-type=\"widget\" data-widget_type=\"intelerad-homepage-hero-widget.default\">\n\t\t\t\t<div class=\"elementor-widget-container\">\n\t\t\t\t\t  <section>\n    <div class=\"pt-10 pb-16\">\n      <div class=\"container px-3 mx-auto\">\n                  <div class=\"flex flex-col-reverse gap-8 lg:flex-row lg:items-center\">\n            <div class=\"w-full py-8 lg:w-1\/2\">\n              <div class=\"bannerContent\">\n                                  <div class=\"lg:max-w-[458px]\">\n                                          <h1 class=\"h1 lg:pr-7\">Stimuler les sciences de la vie<\/h1>\n                                                              <div class=\"pt-6 prose\"><p>Notre suite d'outils de recherche enrichit les essais cliniques et permet aux \u00e9quipes de t\u00e9l\u00e9charger et d'acc\u00e9der en toute s\u00e9curit\u00e9 \u00e0 des donn\u00e9es anonymis\u00e9es, de centraliser la collaboration et de promouvoir l'innovation.<\/p><\/div>\n                                                              <div class=\"pt-6\">\n                        <a href=\"https:\/\/www.intelerad.com\/fr\/reservez-une-demo\/\" class=\"btn btnOutline btnLg\">R\u00e9servez une d\u00e9mo<\/a>\n                      <\/div>\n                                      <\/div>\n                                    \n              <\/div>\n            <\/div>\n            <div class=\"w-full lg:w-1\/2\">\n                              <div class=\"bannerImgCol\">\n                  <img decoding=\"async\" class=\"hidden lg:block\" src=\"https:\/\/www.intelerad.com\/wp-content\/uploads\/sites\/2\/2024\/02\/Group-1391-1.png\" alt=\"\">\n                  <img decoding=\"async\" class=\"lg:hidden\" src=\"https:\/\/www.intelerad.com\/wp-content\/uploads\/sites\/2\/2024\/02\/Group-1391-1.png\" alt=\"\">\n                <\/div>\n                          <\/div>\n          <\/div>\n         \n      <\/div>\n    <\/div>\n  <\/section>\n\t\t\t\t\t<\/div>\n\t\t\t\t<\/div>\n\t\t\t\t\t<\/div>\n\t\t\t\t<\/div>\n\t\t<div class=\"elementor-element elementor-element-77bf88d e-con-full e-flex e-con e-parent\" data-id=\"77bf88d\" data-element_type=\"container\" data-e-type=\"container\">\n\t\t\t\t<div class=\"elementor-element elementor-element-6475830 elementor-widget elementor-widget-intelerad-cta\" data-id=\"6475830\" data-element_type=\"widget\" data-e-type=\"widget\" data-widget_type=\"intelerad-cta.default\">\n\t\t\t\t<div class=\"elementor-widget-container\">\n\t\t\t\t\t          <section>\n        <div class=\"pt-10 md:py-[70px] pb-14\">\n                    <div class=\"container px-3 mx-auto\">\n            <div class=\"mx-auto text-center\">\n              <h2 class=\"h1 primaryColor\">Am\u00e9liorer les essais cliniques<\/h2>\n              <div class=\"pt-4 lg:pt-8 max-w-[615px] mx-auto\">\n                <p>Nos produits permettent aux \u00e9quipes de cr\u00e9er et de g\u00e9rer des ensembles de recherche robustes et de stocker facilement des donn\u00e9es. Notre suite anonymise automatiquement les \u00e9tudes et utilise le morphing des balises DICOM pour simplifier le contr\u00f4le de la qualit\u00e9.<\/p>              <\/div>\n              <div class=\"flex justify-center gap-6 mt-8\">\n                                  <a href=\"https:\/\/www.intelerad.com\/fr\/toutes-les-suites\/detail-de-la-suite-biotechnologie\/\" class=\"btn btnPrimary btnLg\"\n                  >Suite Biotechnologie<\/a\n                >\n                                              <\/div>\n            <\/div>\n          <\/div>\n        <\/div>\n      <\/section>\n    \t\t\t\t\t<\/div>\n\t\t\t\t<\/div>\n\t\t\t\t<\/div>\n\t\t<div class=\"elementor-element elementor-element-b2ffb39 e-con-full e-flex e-con e-parent\" data-id=\"b2ffb39\" data-element_type=\"container\" data-e-type=\"container\">\n\t\t\t\t<div class=\"elementor-element elementor-element-b14917b elementor-widget elementor-widget-intelerad-cta\" data-id=\"b14917b\" data-element_type=\"widget\" data-e-type=\"widget\" data-widget_type=\"intelerad-cta.default\">\n\t\t\t\t<div class=\"elementor-widget-container\">\n\t\t\t\t\t          <section>\n        <div class=\"pt-10 md:py-[70px] pb-14\">\n                    <div class=\"mb-10 overflow-hidden text-center shapeCol lg:mb-16\">\n            <span\n              class=\"relative inline-block w-full\"\n              ><img decoding=\"async\"\n                src=\"https:\/\/www.intelerad.com\/fr\/wp-content\/themes\/intelerad\/assets\/images\/vector-shape-4.svg\"\n                alt=\"...\"\n                class=\"object-cover w-full d-block !h-12 lg:!h-auto\"\n            \/><\/span>\n          <\/div>\n                    <div class=\"container px-3 mx-auto\">\n            <div class=\"mx-auto text-center\">\n              <h2 class=\"h1 primaryColor\">R\u00e9v\u00e9ler des r\u00e9sultats puissants<\/h2>\n              <div class=\"pt-4 lg:pt-8 max-w-[615px] mx-auto\">\n                <p>Nos produits acc\u00e9l\u00e8rent les projets de recherche et organisent les points de donn\u00e9es. Notre suite couvre tout, des \u00e9tudes de d\u00e9-identification \u00e0 la visualisation d'images en passant par la collaboration sur des projets.<\/p>              <\/div>\n              <div class=\"flex justify-center gap-6 mt-8\">\n                                  <a href=\"https:\/\/www.intelerad.com\/fr\/toutes-les-suites\/detail-de-la-suite-academique\/\" class=\"btn btnPrimary btnLg\"\n                  >Suite de recherche universitaire<\/a\n                >\n                                              <\/div>\n            <\/div>\n          <\/div>\n        <\/div>\n      <\/section>\n    \t\t\t\t\t<\/div>\n\t\t\t\t<\/div>\n\t\t\t\t<\/div>\n\t\t<div class=\"elementor-element elementor-element-5042925 e-flex e-con-boxed e-con e-parent\" data-id=\"5042925\" data-element_type=\"container\" data-e-type=\"container\">\n\t\t\t\t\t<div class=\"e-con-inner\">\n\t\t\t\t<div class=\"elementor-element elementor-element-3f42277 elementor-widget elementor-widget-intelerad-three-columned-content-widget\" data-id=\"3f42277\" data-element_type=\"widget\" data-e-type=\"widget\" data-widget_type=\"intelerad-three-columned-content-widget.default\">\n\t\t\t\t<div class=\"elementor-widget-container\">\n\t\t\t\t\t  <section>\n    <div class=\"py-10 md:py-[70px]\">\n              <div class=\"container px-3 mx-auto\">\n          <h2 class=\"h1 \">Produits des sciences de la vie<\/h2>\n                    <div\n            class=\"grid grid-cols-1 gap-5 pt-6 md:grid-cols-2 lg:grid-cols-3 lg:pt-10 xl:pt-16\"\n          >\n                          <a href=\"https:\/\/www.intelerad.com\/fr\/tous-les-produits\/inteleshare-research\/\" class=\"cardStyle3 \">\n                <div class=\"cs3IconCol\">\n                  <img decoding=\"async\" src=\"https:\/\/www.intelerad.com\/wp-content\/uploads\/sites\/2\/2024\/02\/product-icon-7.svg\" alt=\"\">\n                <\/div>\n                <div class=\"cs3ContentCol\">\n                  <h4>InteleShare Research<\/h4>\n                  <div class=\"pt-3 prose\"><p>Habiliter les flux de travail de recherche bas\u00e9s sur l'imagerie.<\/p><\/div>\n                                    <div class=\"pt-3\">\n                    <div class=\"arrowLink\">See More<\/div>\n                  <\/div>\n                                  <\/div>\n              <\/a>\n                          <a href=\"https:\/\/www.intelerad.com\/fr\/tous-les-produits\/inteleshare\/\" class=\"cardStyle3 \">\n                <div class=\"cs3IconCol\">\n                  <img decoding=\"async\" src=\"https:\/\/www.intelerad.com\/wp-content\/uploads\/sites\/2\/2024\/02\/product-icon-4.svg\" alt=\"\">\n                <\/div>\n                <div class=\"cs3ContentCol\">\n                  <h4>InteleShare<\/h4>\n                  <div class=\"pt-3 prose\"><p>Envoyer et recevoir des images de patients de mani\u00e8re s\u00e9curis\u00e9e et fluide.<\/p><\/div>\n                                    <div class=\"pt-3\">\n                    <div class=\"arrowLink\">See More<\/div>\n                  <\/div>\n                                  <\/div>\n              <\/a>\n                          <a href=\"https:\/\/www.intelerad.com\/fr\/tous-les-produits\/inteleshare-vna\/\" class=\"cardStyle3 \">\n                <div class=\"cs3IconCol\">\n                  <img decoding=\"async\" src=\"https:\/\/www.intelerad.com\/wp-content\/uploads\/sites\/2\/2024\/02\/product-icon-5.svg\" alt=\"\">\n                <\/div>\n                <div class=\"cs3ContentCol\">\n                  <h4>InteleShare VNA<\/h4>\n                  <div class=\"pt-3 prose\"><p>Centralisez les donn\u00e9es dans une archive flexible, \u00e9volutive, neutre par rapport aux fournisseurs et riche en fonctionnalit\u00e9s.<\/p><\/div>\n                                    <div class=\"pt-3\">\n                    <div class=\"arrowLink\">See More<\/div>\n                  <\/div>\n                                  <\/div>\n              <\/a>\n                      <\/div>\n          <div class=\"flex justify-center mt-8\">\n                      <\/div>\n        <\/div>\n          <\/div>\n  <\/section>\n\t\t\t\t\t<\/div>\n\t\t\t\t<\/div>\n\t\t\t\t\t<\/div>\n\t\t\t\t<\/div>\n\t\t<div class=\"elementor-element elementor-element-a770ef4 e-flex e-con-boxed e-con e-parent\" data-id=\"a770ef4\" data-element_type=\"container\" data-e-type=\"container\">\n\t\t\t\t\t<div class=\"e-con-inner\">\n\t\t\t\t<div class=\"elementor-element elementor-element-eb23095 elementor-widget elementor-widget-global elementor-global-15330 elementor-widget-intelerad-cta\" data-id=\"eb23095\" data-element_type=\"widget\" data-e-type=\"widget\" data-widget_type=\"intelerad-cta.default\">\n\t\t\t\t<div class=\"elementor-widget-container\">\n\t\t\t\t\t          <section>\n        <div class=\"pt-10 md:py-[70px] pb-14\">\n          <div class=\"container px-0 pb-16 text-offWhite lg:pb-16 bg-primaryColor rounded-2xl\">\n            <div class=\"py-8 overflow-hidden text-center shapeCol lg:pb-12 lg:pt-16\">\n            <img decoding=\"async\"\n                  src=\"https:\/\/www.intelerad.com\/fr\/wp-content\/themes\/intelerad\/assets\/images\/vector-shape-light.svg\"\n                  alt=\"...\"\n                  class=\"object-cover w-full d-block !h-12 lg:!h-auto\"\n              \/>\n            <\/div>\n            <div class=\"px-3 mx-auto\">\n              <div class=\"mx-auto text-center\">\n                <h2 class=\"h1\">Pr\u00eat \u00e0 commencer?<\/h2>\n                <div class=\"pt-4 prose lg:pt-8 !max-w-[38rem] mx-auto text-offWhite\">\n                  <p>Nous connectons les professionnels de la sant\u00e9 et les informations sur l'imagerie afin que vous puissiez vous concentrer sur ce qui compte vraiment : les soins aux patients.<\/p>                <\/div>\n                <div class=\"flex justify-center mt-8\">\n                                      <a href=\"https:\/\/www.intelerad.com\/fr\/reservez-une-demo\/\" class=\"mr-4 btn btnWhite xl:mr-6\"\n                    >R\u00e9servez une d\u00e9mo<\/a>\n                                                      <a href=\"https:\/\/www.intelerad.com\/fr\/contactez-nous\/\" class=\"btn btnOutlineWhite\">Contactez-nous<\/a>\n                                  <\/div>\n              <\/div>\n            <\/div>\n          <\/div>\n        <\/div>\n      <\/section>\n    \t\t\t\t\t<\/div>\n\t\t\t\t<\/div>\n\t\t\t\t\t<\/div>\n\t\t\t\t<\/div>\n\t\t\t\t<\/div>\n\t\t","protected":false},"excerpt":{"rendered":"","protected":false},"author":18,"featured_media":0,"parent":412,"menu_order":0,"comment_status":"closed","ping_status":"closed","template":"","meta":{"_acf_changed":false,"footnotes":""},"class_list":["post-573","page","type-page","status-publish","hentry"],"acf":[],"yoast_head":"<!-- This site is optimized with the Yoast SEO Premium plugin v26.2 (Yoast SEO v27.5) - https:\/\/yoast.com\/product\/yoast-seo-premium-wordpress\/ -->\n<title>Sciences de la vie | Les syst\u00e8mes m\u00e9dicaux Intelerad<\/title>\n<meta name=\"description\" content=\"Intelerad au service des sciences de la vie : imagerie sp\u00e9cialis\u00e9e, gestion de donn\u00e9es et collaboration scientifique.\" \/>\n<meta name=\"robots\" content=\"index, follow, max-snippet:-1, max-image-preview:large, max-video-preview:-1\" \/>\n<link rel=\"canonical\" href=\"https:\/\/www.intelerad.com\/fr\/tous-les-parametres\/sciences-de-la-vie\/\" \/>\n<meta property=\"og:locale\" content=\"fr_FR\" \/>\n<meta property=\"og:type\" content=\"article\" \/>\n<meta property=\"og:title\" content=\"Sciences de la vie\" \/>\n<meta property=\"og:description\" content=\"Intelerad au service des sciences de la vie : imagerie sp\u00e9cialis\u00e9e, gestion de donn\u00e9es et collaboration scientifique.\" \/>\n<meta property=\"og:url\" content=\"https:\/\/www.intelerad.com\/fr\/tous-les-parametres\/sciences-de-la-vie\/\" \/>\n<meta property=\"og:site_name\" content=\"Les syst\u00e8mes m\u00e9dicaux Intelerad\" \/>\n<meta property=\"article:publisher\" content=\"https:\/\/facebook.com\/intelerad\" \/>\n<meta property=\"article:modified_time\" content=\"2025-08-07T20:52:47+00:00\" \/>\n<meta property=\"og:image\" content=\"https:\/\/www.intelerad.com\/wp-content\/uploads\/sites\/2\/2024\/02\/Group-1391-1.png\" \/>\n<meta name=\"twitter:label1\" content=\"Dur\u00e9e de lecture estim\u00e9e\" \/>\n\t<meta name=\"twitter:data1\" content=\"3 minutes\" \/>\n<script type=\"application\/ld+json\" class=\"yoast-schema-graph\">{\"@context\":\"https:\\\/\\\/schema.org\",\"@graph\":[{\"@type\":\"WebPage\",\"@id\":\"https:\\\/\\\/www.intelerad.com\\\/fr\\\/tous-les-parametres\\\/sciences-de-la-vie\\\/\",\"url\":\"https:\\\/\\\/www.intelerad.com\\\/fr\\\/tous-les-parametres\\\/sciences-de-la-vie\\\/\",\"name\":\"Sciences de la vie | Les syst\u00e8mes m\u00e9dicaux Intelerad\",\"isPartOf\":{\"@id\":\"https:\\\/\\\/www.intelerad.com\\\/fr\\\/#website\"},\"primaryImageOfPage\":{\"@id\":\"https:\\\/\\\/www.intelerad.com\\\/fr\\\/tous-les-parametres\\\/sciences-de-la-vie\\\/#primaryimage\"},\"image\":{\"@id\":\"https:\\\/\\\/www.intelerad.com\\\/fr\\\/tous-les-parametres\\\/sciences-de-la-vie\\\/#primaryimage\"},\"thumbnailUrl\":\"https:\\\/\\\/www.intelerad.com\\\/wp-content\\\/uploads\\\/sites\\\/2\\\/2024\\\/02\\\/Group-1391-1.png\",\"datePublished\":\"2024-02-19T12:50:09+00:00\",\"dateModified\":\"2025-08-07T20:52:47+00:00\",\"description\":\"Intelerad au service des sciences de la vie : imagerie sp\u00e9cialis\u00e9e, gestion de donn\u00e9es et collaboration scientifique.\",\"breadcrumb\":{\"@id\":\"https:\\\/\\\/www.intelerad.com\\\/fr\\\/tous-les-parametres\\\/sciences-de-la-vie\\\/#breadcrumb\"},\"inLanguage\":\"fr-FR\",\"potentialAction\":[{\"@type\":\"ReadAction\",\"target\":[\"https:\\\/\\\/www.intelerad.com\\\/fr\\\/tous-les-parametres\\\/sciences-de-la-vie\\\/\"]}]},{\"@type\":\"ImageObject\",\"inLanguage\":\"fr-FR\",\"@id\":\"https:\\\/\\\/www.intelerad.com\\\/fr\\\/tous-les-parametres\\\/sciences-de-la-vie\\\/#primaryimage\",\"url\":\"https:\\\/\\\/www.intelerad.com\\\/wp-content\\\/uploads\\\/sites\\\/2\\\/2024\\\/02\\\/Group-1391-1.png\",\"contentUrl\":\"https:\\\/\\\/www.intelerad.com\\\/wp-content\\\/uploads\\\/sites\\\/2\\\/2024\\\/02\\\/Group-1391-1.png\"},{\"@type\":\"BreadcrumbList\",\"@id\":\"https:\\\/\\\/www.intelerad.com\\\/fr\\\/tous-les-parametres\\\/sciences-de-la-vie\\\/#breadcrumb\",\"itemListElement\":[{\"@type\":\"ListItem\",\"position\":1,\"name\":\"Home\",\"item\":\"https:\\\/\\\/www.intelerad.com\\\/fr\\\/\"},{\"@type\":\"ListItem\",\"position\":2,\"name\":\"Tous les param\u00e8tres\",\"item\":\"https:\\\/\\\/www.intelerad.com\\\/fr\\\/tous-les-parametres\\\/\"},{\"@type\":\"ListItem\",\"position\":3,\"name\":\"Sciences de la vie\"}]},{\"@type\":\"WebSite\",\"@id\":\"https:\\\/\\\/www.intelerad.com\\\/fr\\\/#website\",\"url\":\"https:\\\/\\\/www.intelerad.com\\\/fr\\\/\",\"name\":\"Les syst\u00e8mes m\u00e9dicaux Intelerad\",\"description\":\"\",\"potentialAction\":[{\"@type\":\"SearchAction\",\"target\":{\"@type\":\"EntryPoint\",\"urlTemplate\":\"https:\\\/\\\/www.intelerad.com\\\/fr\\\/?s={search_term_string}\"},\"query-input\":{\"@type\":\"PropertyValueSpecification\",\"valueRequired\":true,\"valueName\":\"search_term_string\"}}],\"inLanguage\":\"fr-FR\"}]}<\/script>\n<!-- \/ Yoast SEO Premium plugin. -->","yoast_head_json":{"title":"Sciences de la vie | Les syst\u00e8mes m\u00e9dicaux Intelerad","description":"Intelerad au service des sciences de la vie : imagerie sp\u00e9cialis\u00e9e, gestion de donn\u00e9es et collaboration scientifique.","robots":{"index":"index","follow":"follow","max-snippet":"max-snippet:-1","max-image-preview":"max-image-preview:large","max-video-preview":"max-video-preview:-1"},"canonical":"https:\/\/www.intelerad.com\/fr\/tous-les-parametres\/sciences-de-la-vie\/","og_locale":"fr_FR","og_type":"article","og_title":"Sciences de la vie","og_description":"Intelerad au service des sciences de la vie : imagerie sp\u00e9cialis\u00e9e, gestion de donn\u00e9es et collaboration scientifique.","og_url":"https:\/\/www.intelerad.com\/fr\/tous-les-parametres\/sciences-de-la-vie\/","og_site_name":"Les syst\u00e8mes m\u00e9dicaux Intelerad","article_publisher":"https:\/\/facebook.com\/intelerad","article_modified_time":"2025-08-07T20:52:47+00:00","og_image":[{"url":"https:\/\/www.intelerad.com\/wp-content\/uploads\/sites\/2\/2024\/02\/Group-1391-1.png","type":"","width":"","height":""}],"twitter_misc":{"Dur\u00e9e de lecture estim\u00e9e":"3 minutes"},"schema":{"@context":"https:\/\/schema.org","@graph":[{"@type":"WebPage","@id":"https:\/\/www.intelerad.com\/fr\/tous-les-parametres\/sciences-de-la-vie\/","url":"https:\/\/www.intelerad.com\/fr\/tous-les-parametres\/sciences-de-la-vie\/","name":"Sciences de la vie | Les syst\u00e8mes m\u00e9dicaux Intelerad","isPartOf":{"@id":"https:\/\/www.intelerad.com\/fr\/#website"},"primaryImageOfPage":{"@id":"https:\/\/www.intelerad.com\/fr\/tous-les-parametres\/sciences-de-la-vie\/#primaryimage"},"image":{"@id":"https:\/\/www.intelerad.com\/fr\/tous-les-parametres\/sciences-de-la-vie\/#primaryimage"},"thumbnailUrl":"https:\/\/www.intelerad.com\/wp-content\/uploads\/sites\/2\/2024\/02\/Group-1391-1.png","datePublished":"2024-02-19T12:50:09+00:00","dateModified":"2025-08-07T20:52:47+00:00","description":"Intelerad au service des sciences de la vie : imagerie sp\u00e9cialis\u00e9e, gestion de donn\u00e9es et collaboration scientifique.","breadcrumb":{"@id":"https:\/\/www.intelerad.com\/fr\/tous-les-parametres\/sciences-de-la-vie\/#breadcrumb"},"inLanguage":"fr-FR","potentialAction":[{"@type":"ReadAction","target":["https:\/\/www.intelerad.com\/fr\/tous-les-parametres\/sciences-de-la-vie\/"]}]},{"@type":"ImageObject","inLanguage":"fr-FR","@id":"https:\/\/www.intelerad.com\/fr\/tous-les-parametres\/sciences-de-la-vie\/#primaryimage","url":"https:\/\/www.intelerad.com\/wp-content\/uploads\/sites\/2\/2024\/02\/Group-1391-1.png","contentUrl":"https:\/\/www.intelerad.com\/wp-content\/uploads\/sites\/2\/2024\/02\/Group-1391-1.png"},{"@type":"BreadcrumbList","@id":"https:\/\/www.intelerad.com\/fr\/tous-les-parametres\/sciences-de-la-vie\/#breadcrumb","itemListElement":[{"@type":"ListItem","position":1,"name":"Home","item":"https:\/\/www.intelerad.com\/fr\/"},{"@type":"ListItem","position":2,"name":"Tous les param\u00e8tres","item":"https:\/\/www.intelerad.com\/fr\/tous-les-parametres\/"},{"@type":"ListItem","position":3,"name":"Sciences de la vie"}]},{"@type":"WebSite","@id":"https:\/\/www.intelerad.com\/fr\/#website","url":"https:\/\/www.intelerad.com\/fr\/","name":"Les syst\u00e8mes m\u00e9dicaux Intelerad","description":"","potentialAction":[{"@type":"SearchAction","target":{"@type":"EntryPoint","urlTemplate":"https:\/\/www.intelerad.com\/fr\/?s={search_term_string}"},"query-input":{"@type":"PropertyValueSpecification","valueRequired":true,"valueName":"search_term_string"}}],"inLanguage":"fr-FR"}]}},"_links":{"self":[{"href":"https:\/\/www.intelerad.com\/fr\/wp-json\/wp\/v2\/pages\/573","targetHints":{"allow":["GET"]}}],"collection":[{"href":"https:\/\/www.intelerad.com\/fr\/wp-json\/wp\/v2\/pages"}],"about":[{"href":"https:\/\/www.intelerad.com\/fr\/wp-json\/wp\/v2\/types\/page"}],"author":[{"embeddable":true,"href":"https:\/\/www.intelerad.com\/fr\/wp-json\/wp\/v2\/users\/18"}],"replies":[{"embeddable":true,"href":"https:\/\/www.intelerad.com\/fr\/wp-json\/wp\/v2\/comments?post=573"}],"version-history":[{"count":0,"href":"https:\/\/www.intelerad.com\/fr\/wp-json\/wp\/v2\/pages\/573\/revisions"}],"up":[{"embeddable":true,"href":"https:\/\/www.intelerad.com\/fr\/wp-json\/wp\/v2\/pages\/412"}],"wp:attachment":[{"href":"https:\/\/www.intelerad.com\/fr\/wp-json\/wp\/v2\/media?parent=573"}],"curies":[{"name":"wp","href":"https:\/\/api.w.org\/{rel}","templated":true}]}}