{"id":412,"date":"2024-02-09T17:56:15","date_gmt":"2024-02-09T17:56:21","guid":{"rendered":"https:\/\/localhost:10236\/?page_id=412"},"modified":"2025-08-07T16:50:23","modified_gmt":"2025-08-07T20:50:23","slug":"tous-les-parametres","status":"publish","type":"page","link":"https:\/\/www.intelerad.com\/fr\/tous-les-parametres\/","title":{"rendered":"Tous les param\u00e8tres"},"content":{"rendered":"\t\t<div data-elementor-type=\"wp-page\" data-elementor-id=\"412\" class=\"elementor elementor-412\" data-elementor-post-type=\"page\">\n\t\t\t\t<div class=\"elementor-element elementor-element-98c75bf e-con-full e-flex e-con e-parent\" data-id=\"98c75bf\" data-element_type=\"container\" data-e-type=\"container\">\n\t\t\t\t<div class=\"elementor-element elementor-element-0af341b elementor-widget elementor-widget-intelerad-banner-hero-widget\" data-id=\"0af341b\" data-element_type=\"widget\" data-e-type=\"widget\" data-widget_type=\"intelerad-banner-hero-widget.default\">\n\t\t\t\t<div class=\"elementor-widget-container\">\n\t\t\t\t\t    <section>\n    <div style=\"background-image: url(https:\/\/www.intelerad.com\/wp-content\/uploads\/sites\/2\/2024\/02\/banner-bg-1.webp); background-size: cover; background-position: center;\" class=\"lg:h-[calc(100vh_-_120px)] h-[calc(100vh_-_112px)] flex items-center\">\n      <div class=\"container relative z-10 px-3 mx-auto\">\n        <div class=\"lg:flex lg:items-center relative -mt-[6%]\">\n          <div class=\"flex-1\">\n            <div class=\"bannerContent sm:max-w-[350px] lg:max-w-[458px]\">\n              <h1 class=\"h1\">Partout O\u00f9 L'Imagerie Se Produit<\/h1>\n              <div class=\"pt-6 prose\"><p>Notre technologie est adapt\u00e9e \u00e0 des environnements d'imagerie m\u00e9dicale sp\u00e9cifiques pour acc\u00e9l\u00e9rer les flux de travail, g\u00e9rer les donn\u00e9es et am\u00e9liorer les r\u00e9sultats pour les patients.<\/p><\/div>\n                          <\/div>\n          <\/div>\n        <\/div>\n      <\/div>\n    <\/div>\n  <\/section>\n  \t\t\t\t\t<\/div>\n\t\t\t\t<\/div>\n\t\t\t\t<\/div>\n\t\t<div class=\"elementor-element elementor-element-6ced756 e-flex e-con-boxed e-con e-parent\" data-id=\"6ced756\" data-element_type=\"container\" data-e-type=\"container\">\n\t\t\t\t\t<div class=\"e-con-inner\">\n\t\t\t\t<div class=\"elementor-element elementor-element-99cf04c elementor-widget elementor-widget-intelerad-accordion-widget\" data-id=\"99cf04c\" data-element_type=\"widget\" data-e-type=\"widget\" data-widget_type=\"intelerad-accordion-widget.default\">\n\t\t\t\t<div class=\"elementor-widget-container\">\n\t\t\t\t\t    <section>\n      <div class=\"py-10 md:py-[70px]\">\n        <div class=\"container px-3 mx-auto\">\n          \n          <div class=\"accordion\">\n                          <div class=\"accordionItem\">\n                <div class=\"space-x-3 accordionTrigger\">\n                  <div class=\"flex items-center space-x-3 lg:space-x-4\">\n                    <span class=\"questionIcon\">\n                      <img decoding=\"async\" class=\"w-6\" src=\"https:\/\/www.intelerad.com\/wp-content\/uploads\/sites\/2\/2024\/02\/icon-1.svg\" aria-hidden=\"true\">\n                    <\/span>\n                    <span class=\"questionText\">H\u00f4pitaux et syst\u00e8mes de sant\u00e9<\/span>\n                  <\/div>\n                  <span class=\"collapseIcon\"><\/span>\n                <\/div>\n                <div class=\"accordionBody\" style=\"display:none\">\n                  <div class=\"accordionContent\">\n                    <div class=\"grid grid-cols-1 gap-4 md:grid-cols-2 sm:gap-6 lg:gap-10 xl:gap-14\">\n                      <div class=\"accordionImgCol\">\n                        <img decoding=\"async\" src=\"https:\/\/www.intelerad.com\/en\/wp-content\/uploads\/sites\/2\/2024\/03\/Intelerad_AllSettings_Hospitals_Accordion-jpg.webp\" alt=\"\" class=\"accordionImg\">\n                      <\/div>\n                      <div class=\"accordionContentCol\">\n                        <h4 class=\"text-xl font-semibold md:text-2xl lg:text-3xl\">Connecter les h\u00f4pitaux et les syst\u00e8mes de sant\u00e9<\/h4>\n                        <div class=\"pt-3 prose sm:pt-4\"><p class=\"pt-3 sm:pt-4\">Centraliser l'information sur les patients dans l'ensemble des services et des syst\u00e8mes. Notre technologie innovante rationalise les flux de travail des m\u00e9decins afin qu'ils puissent se concentrer sur l'offre de meilleurs soins aux patients.<\/p><\/div>\n                        <div class=\"pt-5 lg:pt-6\">\n                          <a href=\"https:\/\/www.intelerad.com\/fr\/tous-les-parametres\/hopitaux-et-systemes-de-sante\/\" class=\"btn btnOutline\">H\u00f4pitaux et syst\u00e8mes de sant\u00e9<\/a>\n                        <\/div>                  \n                      <\/div>\n                    <\/div>\n                  <\/div>\n                <\/div>\n              <\/div>\n                          <div class=\"accordionItem\">\n                <div class=\"space-x-3 accordionTrigger\">\n                  <div class=\"flex items-center space-x-3 lg:space-x-4\">\n                    <span class=\"questionIcon\">\n                      <img decoding=\"async\" class=\"w-6\" src=\"https:\/\/www.intelerad.com\/wp-content\/uploads\/sites\/2\/2024\/02\/icon-2.svg\" aria-hidden=\"true\">\n                    <\/span>\n                    <span class=\"questionText\">Pratiques en radiologie<\/span>\n                  <\/div>\n                  <span class=\"collapseIcon\"><\/span>\n                <\/div>\n                <div class=\"accordionBody\" style=\"display:none\">\n                  <div class=\"accordionContent\">\n                    <div class=\"grid grid-cols-1 gap-4 md:grid-cols-2 sm:gap-6 lg:gap-10 xl:gap-14\">\n                      <div class=\"accordionImgCol\">\n                        <img decoding=\"async\" src=\"https:\/\/www.intelerad.com\/en\/wp-content\/uploads\/sites\/2\/2024\/03\/Intelerad_AllSettings_Radiology_Accordion-jpg.webp\" alt=\"\" class=\"accordionImg\">\n                      <\/div>\n                      <div class=\"accordionContentCol\">\n                        <h4 class=\"text-xl font-semibold md:text-2xl lg:text-3xl\">Am\u00e9liorer les pratiques de radiologie<\/h4>\n                        <div class=\"pt-3 prose sm:pt-4\"><p class=\"pt-3 sm:pt-4\">Augmentez le nombre d'\u00e9tudes que les radiologistes peuvent lire en une journ\u00e9e avec une technologie intuitive qui rationalise les processus complexes. Acc\u00e9l\u00e9rez la fa\u00e7on dont vous capturez, analysez, partagez, stockez et suivez les images m\u00e9dicales et les donn\u00e9es des patients.<\/p><\/div>\n                        <div class=\"pt-5 lg:pt-6\">\n                          <a href=\"https:\/\/www.intelerad.com\/fr\/tous-les-parametres\/radiologie\/\" class=\"btn btnOutline\">Pratiques en radiologie<\/a>\n                        <\/div>                  \n                      <\/div>\n                    <\/div>\n                  <\/div>\n                <\/div>\n              <\/div>\n                          <div class=\"accordionItem\">\n                <div class=\"space-x-3 accordionTrigger\">\n                  <div class=\"flex items-center space-x-3 lg:space-x-4\">\n                    <span class=\"questionIcon\">\n                      <img decoding=\"async\" class=\"w-6\" src=\"https:\/\/www.intelerad.com\/fr\/wp-content\/uploads\/sites\/3\/2024\/04\/Icons-56.svg\" aria-hidden=\"true\">\n                    <\/span>\n                    <span class=\"questionText\">Pratiques de cardiologie<\/span>\n                  <\/div>\n                  <span class=\"collapseIcon\"><\/span>\n                <\/div>\n                <div class=\"accordionBody\" style=\"display:none\">\n                  <div class=\"accordionContent\">\n                    <div class=\"grid grid-cols-1 gap-4 md:grid-cols-2 sm:gap-6 lg:gap-10 xl:gap-14\">\n                      <div class=\"accordionImgCol\">\n                        <img decoding=\"async\" src=\"https:\/\/www.intelerad.com\/en\/wp-content\/uploads\/sites\/2\/2024\/03\/Intelerad_AllSettings_Cardiology_Accordion-jpg.webp\" alt=\"\" class=\"accordionImg\">\n                      <\/div>\n                      <div class=\"accordionContentCol\">\n                        <h4 class=\"text-xl font-semibold md:text-2xl lg:text-3xl\">Optimiser les pratiques de cardiologie<\/h4>\n                        <div class=\"pt-3 prose sm:pt-4\"><p>Rationalisez les processus de cardiologie tels que les ECG et les CMRs afin que vous puissiez obtenir des r\u00e9ponses aux patients, plus rapidement. Acc\u00e9l\u00e9rez la fa\u00e7on dont vous capturez, analysez, partagez, stockez et suivez les images et les donn\u00e9es m\u00e9dicales.<\/p><\/div>\n                        <div class=\"pt-5 lg:pt-6\">\n                          <a href=\"https:\/\/www.intelerad.com\/fr\/tous-les-parametres\/cardiologie\/\" class=\"btn btnOutline\">Pratiques de cardiologie<\/a>\n                        <\/div>                  \n                      <\/div>\n                    <\/div>\n                  <\/div>\n                <\/div>\n              <\/div>\n                          <div class=\"accordionItem\">\n                <div class=\"space-x-3 accordionTrigger\">\n                  <div class=\"flex items-center space-x-3 lg:space-x-4\">\n                    <span class=\"questionIcon\">\n                      <img decoding=\"async\" class=\"w-6\" src=\"https:\/\/www.intelerad.com\/fr\/wp-content\/uploads\/sites\/3\/2024\/04\/Icons-58.svg\" aria-hidden=\"true\">\n                    <\/span>\n                    <span class=\"questionText\">Sciences de la vie<\/span>\n                  <\/div>\n                  <span class=\"collapseIcon\"><\/span>\n                <\/div>\n                <div class=\"accordionBody\" style=\"display:none\">\n                  <div class=\"accordionContent\">\n                    <div class=\"grid grid-cols-1 gap-4 md:grid-cols-2 sm:gap-6 lg:gap-10 xl:gap-14\">\n                      <div class=\"accordionImgCol\">\n                        <img decoding=\"async\" src=\"https:\/\/www.intelerad.com\/en\/wp-content\/uploads\/sites\/2\/2024\/03\/Intelerad_AllSettings_LifeSciences_Accordion-jpg.webp\" alt=\"\" class=\"accordionImg\">\n                      <\/div>\n                      <div class=\"accordionContentCol\">\n                        <h4 class=\"text-xl font-semibold md:text-2xl lg:text-3xl\">Stimuler les sciences de la vie<\/h4>\n                        <div class=\"pt-3 prose sm:pt-4\"><p class=\"pt-3 sm:pt-4\">Renforcez la recherche sur les dispositifs m\u00e9dicaux, les produits pharmaceutiques, les universitaires et plus encore avec des points de donn\u00e9es anonymis\u00e9s qui maintiennent l'int\u00e9grit\u00e9 de l'\u00e9tude et poussent l'innovation.<\/p><\/div>\n                        <div class=\"pt-5 lg:pt-6\">\n                          <a href=\"https:\/\/www.intelerad.com\/fr\/tous-les-parametres\/sciences-de-la-vie\/\" class=\"btn btnOutline\">Sciences de la vie<\/a>\n                        <\/div>                  \n                      <\/div>\n                    <\/div>\n                  <\/div>\n                <\/div>\n              <\/div>\n                      <\/div>\n\n        <\/div>\n      <\/div>\n    <\/section>\n\t\t\t\t\t<\/div>\n\t\t\t\t<\/div>\n\t\t\t\t\t<\/div>\n\t\t\t\t<\/div>\n\t\t<div class=\"elementor-element elementor-element-e689841 e-con-full e-flex e-con e-parent\" data-id=\"e689841\" data-element_type=\"container\" data-e-type=\"container\">\n\t\t\t\t<div class=\"elementor-element elementor-element-e06eb19 elementor-widget elementor-widget-intelerad-cta\" data-id=\"e06eb19\" data-element_type=\"widget\" data-e-type=\"widget\" data-widget_type=\"intelerad-cta.default\">\n\t\t\t\t<div class=\"elementor-widget-container\">\n\t\t\t\t\t          <section>\n        <div class=\"pt-10 md:py-[70px] pb-14\">\n                    <div class=\"mb-10 overflow-hidden text-center shapeCol lg:mb-16\">\n            <span\n              class=\"relative inline-block w-full\"\n              ><img decoding=\"async\"\n                src=\"https:\/\/www.intelerad.com\/fr\/wp-content\/themes\/intelerad\/assets\/images\/vector-shape-1.svg\"\n                alt=\"...\"\n                class=\"object-cover w-full d-block !h-12 lg:!h-auto\"\n            \/><\/span>\n          <\/div>\n                    <div class=\"container px-3 mx-auto\">\n            <div class=\"mx-auto text-center\">\n              <h2 class=\"h1 primaryColor\">Pr\u00eat \u00e0 commencer?<\/h2>\n              <div class=\"pt-4 lg:pt-8 max-w-[615px] mx-auto\">\n                <p>Nous \u00e9tablissons des liens entre les professionnels de la sant\u00e9 et l'information sur l'imagerie afin que vous puissiez vous concentrer sur ce qui compte vraiment : les soins aux patients.<\/p>              <\/div>\n              <div class=\"flex justify-center gap-6 mt-8\">\n                                  <a href=\"https:\/\/www.intelerad.com\/fr\/reservez-une-demo\/\" class=\"btn btnPrimary btnLg\"\n                  >R\u00e9servez une d\u00e9mo<\/a\n                >\n                                                <a href=\"https:\/\/www.intelerad.com\/fr\/contactez-nous\/\" class=\"btn btnOutline\">Contactez-Nous<\/a>\n                              <\/div>\n            <\/div>\n          <\/div>\n        <\/div>\n      <\/section>\n    \t\t\t\t\t<\/div>\n\t\t\t\t<\/div>\n\t\t\t\t<\/div>\n\t\t\t\t<\/div>\n\t\t","protected":false},"excerpt":{"rendered":"","protected":false},"author":18,"featured_media":0,"parent":0,"menu_order":4,"comment_status":"closed","ping_status":"closed","template":"","meta":{"_acf_changed":false,"footnotes":""},"class_list":["post-412","page","type-page","status-publish","hentry"],"acf":[],"yoast_head":"<!-- This site is optimized with the Yoast SEO Premium plugin v26.2 (Yoast SEO v27.5) - https:\/\/yoast.com\/product\/yoast-seo-premium-wordpress\/ -->\n<title>Tous les param\u00e8tres | Les syst\u00e8mes m\u00e9dicaux Intelerad<\/title>\n<meta name=\"description\" content=\"Explorez tous les param\u00e8tres disponibles chez Intelerad\u00a0: domaines d\u2019expertise et solutions technologiques.\" \/>\n<meta name=\"robots\" content=\"index, follow, max-snippet:-1, max-image-preview:large, max-video-preview:-1\" \/>\n<link rel=\"canonical\" href=\"https:\/\/www.intelerad.com\/fr\/tous-les-parametres\/\" \/>\n<meta property=\"og:locale\" content=\"fr_FR\" \/>\n<meta property=\"og:type\" content=\"article\" \/>\n<meta property=\"og:title\" content=\"Tous les param\u00e8tres\" \/>\n<meta property=\"og:description\" content=\"Explorez tous les param\u00e8tres disponibles chez Intelerad\u00a0: domaines d\u2019expertise et solutions technologiques.\" \/>\n<meta property=\"og:url\" content=\"https:\/\/www.intelerad.com\/fr\/tous-les-parametres\/\" \/>\n<meta property=\"og:site_name\" content=\"Les syst\u00e8mes m\u00e9dicaux Intelerad\" \/>\n<meta property=\"article:publisher\" content=\"https:\/\/facebook.com\/intelerad\" \/>\n<meta property=\"article:modified_time\" content=\"2025-08-07T20:50:23+00:00\" \/>\n<meta property=\"og:image\" content=\"https:\/\/www.intelerad.com\/wp-content\/uploads\/sites\/2\/2024\/02\/icon-1.svg\" \/>\n<meta name=\"twitter:label1\" content=\"Dur\u00e9e de lecture estim\u00e9e\" \/>\n\t<meta name=\"twitter:data1\" content=\"4 minutes\" \/>\n<script type=\"application\/ld+json\" class=\"yoast-schema-graph\">{\"@context\":\"https:\\\/\\\/schema.org\",\"@graph\":[{\"@type\":\"WebPage\",\"@id\":\"https:\\\/\\\/www.intelerad.com\\\/fr\\\/tous-les-parametres\\\/\",\"url\":\"https:\\\/\\\/www.intelerad.com\\\/fr\\\/tous-les-parametres\\\/\",\"name\":\"Tous les param\u00e8tres | Les syst\u00e8mes m\u00e9dicaux Intelerad\",\"isPartOf\":{\"@id\":\"https:\\\/\\\/www.intelerad.com\\\/fr\\\/#website\"},\"primaryImageOfPage\":{\"@id\":\"https:\\\/\\\/www.intelerad.com\\\/fr\\\/tous-les-parametres\\\/#primaryimage\"},\"image\":{\"@id\":\"https:\\\/\\\/www.intelerad.com\\\/fr\\\/tous-les-parametres\\\/#primaryimage\"},\"thumbnailUrl\":\"https:\\\/\\\/www.intelerad.com\\\/wp-content\\\/uploads\\\/sites\\\/2\\\/2024\\\/02\\\/icon-1.svg\",\"datePublished\":\"2024-02-09T17:56:21+00:00\",\"dateModified\":\"2025-08-07T20:50:23+00:00\",\"description\":\"Explorez tous les param\u00e8tres disponibles chez Intelerad\u00a0: domaines d\u2019expertise et solutions technologiques.\",\"breadcrumb\":{\"@id\":\"https:\\\/\\\/www.intelerad.com\\\/fr\\\/tous-les-parametres\\\/#breadcrumb\"},\"inLanguage\":\"fr-FR\",\"potentialAction\":[{\"@type\":\"ReadAction\",\"target\":[\"https:\\\/\\\/www.intelerad.com\\\/fr\\\/tous-les-parametres\\\/\"]}]},{\"@type\":\"ImageObject\",\"inLanguage\":\"fr-FR\",\"@id\":\"https:\\\/\\\/www.intelerad.com\\\/fr\\\/tous-les-parametres\\\/#primaryimage\",\"url\":\"https:\\\/\\\/www.intelerad.com\\\/wp-content\\\/uploads\\\/sites\\\/2\\\/2024\\\/02\\\/icon-1.svg\",\"contentUrl\":\"https:\\\/\\\/www.intelerad.com\\\/wp-content\\\/uploads\\\/sites\\\/2\\\/2024\\\/02\\\/icon-1.svg\"},{\"@type\":\"BreadcrumbList\",\"@id\":\"https:\\\/\\\/www.intelerad.com\\\/fr\\\/tous-les-parametres\\\/#breadcrumb\",\"itemListElement\":[{\"@type\":\"ListItem\",\"position\":1,\"name\":\"Home\",\"item\":\"https:\\\/\\\/www.intelerad.com\\\/fr\\\/\"},{\"@type\":\"ListItem\",\"position\":2,\"name\":\"Tous les param\u00e8tres\"}]},{\"@type\":\"WebSite\",\"@id\":\"https:\\\/\\\/www.intelerad.com\\\/fr\\\/#website\",\"url\":\"https:\\\/\\\/www.intelerad.com\\\/fr\\\/\",\"name\":\"Les syst\u00e8mes m\u00e9dicaux Intelerad\",\"description\":\"\",\"potentialAction\":[{\"@type\":\"SearchAction\",\"target\":{\"@type\":\"EntryPoint\",\"urlTemplate\":\"https:\\\/\\\/www.intelerad.com\\\/fr\\\/?s={search_term_string}\"},\"query-input\":{\"@type\":\"PropertyValueSpecification\",\"valueRequired\":true,\"valueName\":\"search_term_string\"}}],\"inLanguage\":\"fr-FR\"}]}<\/script>\n<!-- \/ Yoast SEO Premium plugin. -->","yoast_head_json":{"title":"Tous les param\u00e8tres | Les syst\u00e8mes m\u00e9dicaux Intelerad","description":"Explorez tous les param\u00e8tres disponibles chez Intelerad\u00a0: domaines d\u2019expertise et solutions technologiques.","robots":{"index":"index","follow":"follow","max-snippet":"max-snippet:-1","max-image-preview":"max-image-preview:large","max-video-preview":"max-video-preview:-1"},"canonical":"https:\/\/www.intelerad.com\/fr\/tous-les-parametres\/","og_locale":"fr_FR","og_type":"article","og_title":"Tous les param\u00e8tres","og_description":"Explorez tous les param\u00e8tres disponibles chez Intelerad\u00a0: domaines d\u2019expertise et solutions technologiques.","og_url":"https:\/\/www.intelerad.com\/fr\/tous-les-parametres\/","og_site_name":"Les syst\u00e8mes m\u00e9dicaux Intelerad","article_publisher":"https:\/\/facebook.com\/intelerad","article_modified_time":"2025-08-07T20:50:23+00:00","og_image":[{"url":"https:\/\/www.intelerad.com\/wp-content\/uploads\/sites\/2\/2024\/02\/icon-1.svg","type":"","width":"","height":""}],"twitter_misc":{"Dur\u00e9e de lecture estim\u00e9e":"4 minutes"},"schema":{"@context":"https:\/\/schema.org","@graph":[{"@type":"WebPage","@id":"https:\/\/www.intelerad.com\/fr\/tous-les-parametres\/","url":"https:\/\/www.intelerad.com\/fr\/tous-les-parametres\/","name":"Tous les param\u00e8tres | Les syst\u00e8mes m\u00e9dicaux Intelerad","isPartOf":{"@id":"https:\/\/www.intelerad.com\/fr\/#website"},"primaryImageOfPage":{"@id":"https:\/\/www.intelerad.com\/fr\/tous-les-parametres\/#primaryimage"},"image":{"@id":"https:\/\/www.intelerad.com\/fr\/tous-les-parametres\/#primaryimage"},"thumbnailUrl":"https:\/\/www.intelerad.com\/wp-content\/uploads\/sites\/2\/2024\/02\/icon-1.svg","datePublished":"2024-02-09T17:56:21+00:00","dateModified":"2025-08-07T20:50:23+00:00","description":"Explorez tous les param\u00e8tres disponibles chez Intelerad\u00a0: domaines d\u2019expertise et solutions technologiques.","breadcrumb":{"@id":"https:\/\/www.intelerad.com\/fr\/tous-les-parametres\/#breadcrumb"},"inLanguage":"fr-FR","potentialAction":[{"@type":"ReadAction","target":["https:\/\/www.intelerad.com\/fr\/tous-les-parametres\/"]}]},{"@type":"ImageObject","inLanguage":"fr-FR","@id":"https:\/\/www.intelerad.com\/fr\/tous-les-parametres\/#primaryimage","url":"https:\/\/www.intelerad.com\/wp-content\/uploads\/sites\/2\/2024\/02\/icon-1.svg","contentUrl":"https:\/\/www.intelerad.com\/wp-content\/uploads\/sites\/2\/2024\/02\/icon-1.svg"},{"@type":"BreadcrumbList","@id":"https:\/\/www.intelerad.com\/fr\/tous-les-parametres\/#breadcrumb","itemListElement":[{"@type":"ListItem","position":1,"name":"Home","item":"https:\/\/www.intelerad.com\/fr\/"},{"@type":"ListItem","position":2,"name":"Tous les param\u00e8tres"}]},{"@type":"WebSite","@id":"https:\/\/www.intelerad.com\/fr\/#website","url":"https:\/\/www.intelerad.com\/fr\/","name":"Les syst\u00e8mes m\u00e9dicaux Intelerad","description":"","potentialAction":[{"@type":"SearchAction","target":{"@type":"EntryPoint","urlTemplate":"https:\/\/www.intelerad.com\/fr\/?s={search_term_string}"},"query-input":{"@type":"PropertyValueSpecification","valueRequired":true,"valueName":"search_term_string"}}],"inLanguage":"fr-FR"}]}},"_links":{"self":[{"href":"https:\/\/www.intelerad.com\/fr\/wp-json\/wp\/v2\/pages\/412","targetHints":{"allow":["GET"]}}],"collection":[{"href":"https:\/\/www.intelerad.com\/fr\/wp-json\/wp\/v2\/pages"}],"about":[{"href":"https:\/\/www.intelerad.com\/fr\/wp-json\/wp\/v2\/types\/page"}],"author":[{"embeddable":true,"href":"https:\/\/www.intelerad.com\/fr\/wp-json\/wp\/v2\/users\/18"}],"replies":[{"embeddable":true,"href":"https:\/\/www.intelerad.com\/fr\/wp-json\/wp\/v2\/comments?post=412"}],"version-history":[{"count":0,"href":"https:\/\/www.intelerad.com\/fr\/wp-json\/wp\/v2\/pages\/412\/revisions"}],"wp:attachment":[{"href":"https:\/\/www.intelerad.com\/fr\/wp-json\/wp\/v2\/media?parent=412"}],"curies":[{"name":"wp","href":"https:\/\/api.w.org\/{rel}","templated":true}]}}