{"id":15391,"date":"2024-05-20T21:05:55","date_gmt":"2024-05-21T01:05:55","guid":{"rendered":"https:\/\/www.intelerad.com\/fr\/?page_id=15391"},"modified":"2025-08-07T16:44:50","modified_gmt":"2025-08-07T20:44:50","slug":"conditions-dutilisation","status":"publish","type":"page","link":"https:\/\/www.intelerad.com\/fr\/conditions-dutilisation\/","title":{"rendered":"Conditions d&rsquo;utilisation"},"content":{"rendered":"\t\t<div data-elementor-type=\"wp-page\" data-elementor-id=\"15391\" class=\"elementor elementor-15391\" data-elementor-post-type=\"page\">\n\t\t\t\t<div class=\"elementor-element elementor-element-50cf062 e-flex e-con-boxed e-con e-parent\" data-id=\"50cf062\" data-element_type=\"container\">\n\t\t\t\t\t<div class=\"e-con-inner\">\n\t\t\t\t<div class=\"prose elementor-element elementor-element-0ebebad elementor-widget elementor-widget-text-editor\" data-id=\"0ebebad\" data-element_type=\"widget\" data-widget_type=\"text-editor.default\">\n\t\t\t\t<div class=\"elementor-widget-container\">\n\t\t\t\t\t\t\t\t\t<h1>Conditions d&rsquo;utilisation<\/h1><p>\u00a0<\/p><h3>Introduction<\/h3><p>\u00a0<\/p><p>Merci de visiter le site web intelerad.com (le \u00ab\u00a0Site\u00a0\u00bb). Votre acc\u00e8s et utilisation de ce Site sont soumis aux conditions d&rsquo;utilisation suivantes et \u00e0 toutes les lois applicables. En acc\u00e9dant \u00e0 ce Site ou en l&rsquo;utilisant, y compris en naviguant, visualisant, transmettant, t\u00e9l\u00e9chargeant ou utilisant des informations du Site de quelque mani\u00e8re que ce soit, vous acceptez d&rsquo;\u00eatre l\u00e9galement li\u00e9 par les conditions d&rsquo;utilisation et tous les termes et conditions contenus ou r\u00e9f\u00e9renc\u00e9s dans les pr\u00e9sentes ou tout autre terme et condition suppl\u00e9mentaire \u00e9nonc\u00e9 sur ce Site (collectivement, les \u00ab\u00a0Conditions d&rsquo;utilisation\u00a0\u00bb). Si vous n&rsquo;acceptez PAS ces Conditions d&rsquo;utilisation, veuillez ne pas utiliser ce Site. Vous \u00eates responsable de vous assurer que votre acc\u00e8s \u00e0 ce Site et le mat\u00e9riel disponible sur ou via celui-ci sont l\u00e9gaux dans chaque juridiction dans laquelle ou par laquelle vous acc\u00e9dez, utilisez ou visualisez le Site ou ce mat\u00e9riel. Si vous enfreignez l&rsquo;une de ces Conditions d&rsquo;utilisation, votre autorisation d&rsquo;utiliser le Site sera automatiquement r\u00e9sili\u00e9e et vous devrez imm\u00e9diatement d\u00e9truire tout contenu t\u00e9l\u00e9charg\u00e9 ou imprim\u00e9 (tel que d\u00e9fini ci-dessous).<\/p><p>\u00a0<\/p><h3>Ces Conditions d&rsquo;utilisation s&rsquo;appliquent \u00e0 tous les utilisateurs.<\/h3><p>\u00a0<\/p><p>Les Termes et Conditions suivants s&rsquo;appliqueront lors de l&rsquo;acc\u00e8s \u00e0 Intelerad.com \u00e0 compter de la date d&rsquo;entr\u00e9e en vigueur ci-dessous. En acc\u00e9dant ou en utilisant ce Site, vous acceptez d&rsquo;avoir lu ces Termes et Conditions et comprenez et acceptez d&rsquo;\u00eatre li\u00e9 par eux, ainsi que par les termes de notre Politique de confidentialit\u00e9. Intelerad se r\u00e9serve le droit de modifier ces Conditions d&rsquo;utilisation de temps \u00e0 autre sans pr\u00e9avis. Toute modification prendra effet d\u00e8s sa publication sur le Site. Vous acceptez de consulter p\u00e9riodiquement les Conditions d&rsquo;utilisation pour prendre connaissance de ces modifications et votre acc\u00e8s ou utilisation continue du service sera consid\u00e9r\u00e9 comme votre acceptation d\u00e9finitive de ces Conditions d&rsquo;utilisation modifi\u00e9es. Si vous n&rsquo;acceptez pas ces Termes et Conditions (tels qu&rsquo;ils peuvent \u00eatre modifi\u00e9s de temps \u00e0 autre), veuillez ne pas utiliser ce Site.<\/p><h3>\u00a0<\/h3><h3>Utilisation du contenu<\/h3><p>\u00a0<\/p><p>Entre les parties, Intelerad poss\u00e8de ou d\u00e9tient les droits sur tous les fonds d&rsquo;\u00e9cran, ic\u00f4nes, caract\u00e8res, informations, \u0153uvres d&rsquo;art, images, donn\u00e9es, graphiques, musique, textes, logiciels (y compris les logiciels pouvant \u00eatre t\u00e9l\u00e9charg\u00e9s depuis le Site) et autres contenus du Site ou disponibles \u00e0 partir de celui-ci (le \u00ab\u00a0Contenu\u00a0\u00bb).<\/p><p>Intelerad vous autorise par les pr\u00e9sentes \u00e0 afficher sur votre ordinateur, t\u00e9l\u00e9charger et imprimer des pages du Contenu, sous r\u00e9serve des dispositions suivantes : (i) le Contenu ne peut pas \u00eatre alt\u00e9r\u00e9 de quelque mani\u00e8re que ce soit ; et (ii) le Contenu ne doit \u00eatre utilis\u00e9 que pour un usage personnel, \u00e9ducatif et non commercial, sauf pour la promotion des biens ou services d&rsquo;Intelerad et (iii) le Contenu ne sera pas redistribu\u00e9, publi\u00e9, diffus\u00e9 ou copi\u00e9. Vous ne d\u00e9compilerez pas, ne d\u00e9sassemblerez pas, ne r\u00e9tro-ing\u00e9niererez pas et ne cr\u00e9erez pas d&rsquo;\u0153uvres d\u00e9riv\u00e9es \u00e0 partir de logiciels qui font partie du Contenu, et tout logiciel sera \u00e9galement soumis \u00e0 tout accord de licence apparaissant sur ou obtenu \u00e0 partir du Site. L&rsquo;utilisation ou l&rsquo;utilisation abusive du Contenu, sauf autorisation expresse des pr\u00e9sentes, est express\u00e9ment interdite et peut constituer une violation des lois sur le droit d&rsquo;auteur, des lois sur les marques, des r\u00e8glements de communication et des statuts, et d&rsquo;autres lois, statuts et\/ou r\u00e8glements.<\/p><p>Vous comprenez, reconnaissez et acceptez ce qui suit : (i) votre utilisation de ce Site ne perturbera pas et ne causera aucune interception de nos informations \u00e9lectroniques publi\u00e9es sur ce Site ou sur l&rsquo;un de nos serveurs. Vous n&rsquo;essaierez pas de contourner les fonctionnalit\u00e9s de s\u00e9curit\u00e9 de notre Site et respecterez toutes les lois, r\u00e8gles et r\u00e9glementations applicables. Vous acceptez de ne pas introduire dans ou via ce Site des informations ou des mat\u00e9riaux pouvant \u00eatre nuisibles \u00e0 d&rsquo;autres. Entre autres choses, vous acceptez de ne pas inclure, sciemment ou non, d&rsquo;erreur ou de d\u00e9faut dans le mat\u00e9riel ou les informations pouvant, entre autres, \u00eatre une diffamation, une obsc\u00e9nit\u00e9 ou promouvoir la haine ou donner lieu \u00e0 une infraction p\u00e9nale ou \u00e0 une responsabilit\u00e9 civile de la part de toute personne ou entit\u00e9 o\u00f9 qu&rsquo;elle se trouve ; et (ii) sauf accord pr\u00e9alable et \u00e9crit d&rsquo;Intelerad, et sauf si soumis \u00e0 notre Politique de confidentialit\u00e9, tout contenu ou communication \u00e9crite, orale, \u00e9lectronique ou autrement transmis via ce Site sera consid\u00e9r\u00e9 comme non confidentiel et ne donnera lieu \u00e0 aucune relation confidentielle \u00e0 laquelle Intelerad pourrait \u00eatre partie. Ce contenu et cette communication peuvent \u00eatre utilis\u00e9s \u00e0 la seule discr\u00e9tion d&rsquo;Intelerad \u00e0 toutes fins, y compris mais sans s&rsquo;y limiter \u00e0 la recherche et au d\u00e9veloppement. Intelerad ne sera pas responsable de ce contenu ou de cette communication, y compris de leur v\u00e9racit\u00e9, exactitude ou conformit\u00e9 avec les droits de confidentialit\u00e9 ou de propri\u00e9t\u00e9 de quiconque. Toute information contenant des informations personnelles identifiables (par exemple, nom, adresse, num\u00e9ro de t\u00e9l\u00e9phone), sera soumise \u00e0 notre Politique de confidentialit\u00e9.<\/p><p>\u00a0<\/p><h3>Utilisation des mat\u00e9riaux et services<\/h3><p>\u00a0<\/p><p>Bien que nous tentions d&rsquo;\u00eatre aussi pr\u00e9cis que possible concernant les services de formation, techniques et autres (collectivement, les \u00ab\u00a0Services\u00a0\u00bb) et les supports de formation, \u00e9tudes de cas, livres blancs et autres documents \u00e9crits sur le Site (collectivement, les \u00ab\u00a0Mat\u00e9riaux\u00a0\u00bb), et de garantir que toutes les informations contenues sur le Site sont exactes et \u00e0 jour, nous ne repr\u00e9sentons ni ne garantissons que les informations contenues sur ou obtenues via le Site (qu&rsquo;elles soient des Mat\u00e9riaux ou obtenues via les Services) sont exactes, compl\u00e8tes, fiables, actuelles ou exemptes d&rsquo;erreurs. Par cons\u00e9quent, vous comprenez et acceptez qu&rsquo;Intelerad (i) ne fait aucune repr\u00e9sentation ou garantie quant \u00e0 la qualit\u00e9 des Services ou Mat\u00e9riaux obtenus sur ou via le Site ; (ii) ne sera en aucun cas responsable des Services ou Mat\u00e9riaux que vous recevez sur ou via ce Site ; et (iii) ne sera pas responsable de l&rsquo;exactitude, de l&rsquo;exhaustivit\u00e9 ou de la fiabilit\u00e9 des commentaires publi\u00e9s par d&rsquo;autres utilisateurs sur le Site. Nous demandons et attendons de vous que vous utilisiez votre propre jugement et que vous fassiez preuve de prudence et de bon sens en \u00e9valuant tout Service ou Mat\u00e9riau prospectif et toute information fournie par un tiers via le Site ou autrement.<\/p><p>Tous les Mat\u00e9riaux et les r\u00e9sultats pr\u00e9sent\u00e9s sont \u00e0 titre d&rsquo;illustration seulement et ne doivent pas \u00eatre interpr\u00e9t\u00e9s comme des conseils ou des recommandations. Les r\u00e9sultats d\u00e9pendent de divers facteurs uniques \u00e0 votre organisation. Il n&rsquo;y a aucune garantie que vos r\u00e9sultats seront similaires \u00e0 ceux pr\u00e9sent\u00e9s dans les Mat\u00e9riaux. Intelerad d\u00e9cline toute responsabilit\u00e9 pour tout dommage, r\u00e9clamation ou perte pouvant r\u00e9sulter de l&rsquo;utilisation des informations pr\u00e9sent\u00e9es.<\/p><p>\u00a0<\/p><h3>Aucune garantie, aucune responsabilit\u00e9 et exclusion compl\u00e8te<\/h3><p>\u00a0<\/p><p>Vous reconnaissez et acceptez que :<\/p><p>a. Nous ne garantissons pas l&rsquo;exactitude, la pertinence ou l&rsquo;exhaustivit\u00e9 de toute affirmation, information ou d\u00e9claration contenue sur le Site. Les informations sur ce Site sont pr\u00e9sent\u00e9es \u00ab\u00a0telles quelles\u00a0\u00bb \/ \u00ab\u00a0telles que disponibles\u00a0\u00bb et peuvent inclure des omissions, des inexactitudes ou d&rsquo;autres erreurs. Chaque personne assume l&rsquo;enti\u00e8re responsabilit\u00e9 et tous les risques d\u00e9coulant de l&rsquo;utilisation de ce site Web. Intelerad se r\u00e9serve le droit d&rsquo;ajouter, de supprimer ou de modifier les informations \u00e0 tout moment sans pr\u00e9avis.<\/p><p>b. Intelerad d\u00e9cline express\u00e9ment toute repr\u00e9sentation, garantie ou condition de quelque nature que ce soit, qu&rsquo;elles soient expresses ou implicites, cr\u00e9\u00e9es par la loi, le contrat ou autrement, y compris, sans s&rsquo;y limiter, les garanties de qualit\u00e9 marchande, d&rsquo;ad\u00e9quation \u00e0 un usage particulier ou de non-violation de la propri\u00e9t\u00e9 intellectuelle. Intelerad ne garantit pas que le Contenu, le Site, ses serveurs ou les e-mails envoy\u00e9s par Intelerad sont exempts de virus ou d&rsquo;autres composants nuisibles. Intelerad ne sera pas responsable des dommages de quelque nature que ce soit, y compris les actions intent\u00e9es en responsabilit\u00e9 d\u00e9lictuelle ou contractuelle ou autre th\u00e9orie l\u00e9gale, et y compris, sans s&rsquo;y limiter, les dommages directs, indirects, sp\u00e9ciaux, punitifs, cons\u00e9cutifs ou accessoires, la perte de profits, les pertes commerciales, la perte de donn\u00e9es, la perte ou les dommages mat\u00e9riels, les blessures ou le d\u00e9c\u00e8s de personnes ou la perte de revenus r\u00e9sultant de votre acc\u00e8s \u00e0 ou de votre incapacit\u00e9 \u00e0 acc\u00e9der au Site, ou de l&rsquo;utilisation ou de la confiance accord\u00e9e \u00e0 tout contenu, m\u00eame si Intelerad a \u00e9t\u00e9 inform\u00e9 de la possibilit\u00e9 de tels dommages, que ce soit ou non en cas de n\u00e9gligence de la part d&rsquo;Intelerad. Veuillez noter que certaines juridictions peuvent ne pas autoriser les exclusions ci-dessus. Dans un tel cas, les exclusions ci-dessus ne s&rsquo;appliqueront pas \u00e0 l&rsquo;utilisateur.<\/p><p>c. Les Services et Mat\u00e9riaux disponibles sur le Site sont fournis sans aucune garantie, repr\u00e9sentation ou engagement de quelque nature que ce soit, y compris en ce qui concerne tout r\u00e9sultat ou b\u00e9n\u00e9fice que vous pourriez obtenir gr\u00e2ce \u00e0 l&rsquo;utilisation des Services, des Mat\u00e9riaux ou du Site, et Intelerad n&rsquo;assume aucune responsabilit\u00e9 pour l&rsquo;actualit\u00e9, la v\u00e9racit\u00e9, l&rsquo;exactitude, la fiabilit\u00e9 ou l&rsquo;exhaustivit\u00e9<\/p>\t\t\t\t\t\t\t\t<\/div>\n\t\t\t\t<\/div>\n\t\t\t\t\t<\/div>\n\t\t\t\t<\/div>\n\t\t\t\t<\/div>\n\t\t","protected":false},"excerpt":{"rendered":"","protected":false},"author":18,"featured_media":0,"parent":0,"menu_order":0,"comment_status":"closed","ping_status":"closed","template":"","meta":{"_acf_changed":false,"footnotes":""},"class_list":["post-15391","page","type-page","status-publish","hentry"],"acf":[],"yoast_head":"<!-- This site is optimized with the Yoast SEO Premium plugin v26.2 (Yoast SEO v26.4) - https:\/\/yoast.com\/wordpress\/plugins\/seo\/ -->\n<title>Conditions d&#039;utilisation | Les syst\u00e8mes m\u00e9dicaux Intelerad<\/title>\n<meta name=\"description\" content=\"Contactez Intelerad pour en savoir plus sur nos solutions d\u2019imagerie, partenariats ou support technique.\" \/>\n<meta name=\"robots\" content=\"index, follow, max-snippet:-1, max-image-preview:large, max-video-preview:-1\" \/>\n<link rel=\"canonical\" href=\"https:\/\/www.intelerad.com\/fr\/conditions-dutilisation\/\" \/>\n<meta property=\"og:locale\" content=\"fr_FR\" \/>\n<meta property=\"og:type\" content=\"article\" \/>\n<meta property=\"og:title\" content=\"Conditions d&#039;utilisation\" \/>\n<meta property=\"og:description\" content=\"Contactez Intelerad pour en savoir plus sur nos solutions d\u2019imagerie, partenariats ou support technique.\" \/>\n<meta property=\"og:url\" content=\"https:\/\/www.intelerad.com\/fr\/conditions-dutilisation\/\" \/>\n<meta property=\"og:site_name\" content=\"Les syst\u00e8mes m\u00e9dicaux Intelerad\" \/>\n<meta property=\"article:publisher\" content=\"https:\/\/facebook.com\/intelerad\" \/>\n<meta property=\"article:modified_time\" content=\"2025-08-07T20:44:50+00:00\" \/>\n<meta name=\"twitter:label1\" content=\"Dur\u00e9e de lecture estim\u00e9e\" \/>\n\t<meta name=\"twitter:data1\" content=\"8 minutes\" \/>\n<script type=\"application\/ld+json\" class=\"yoast-schema-graph\">{\"@context\":\"https:\/\/schema.org\",\"@graph\":[{\"@type\":\"WebPage\",\"@id\":\"https:\/\/www.intelerad.com\/fr\/conditions-dutilisation\/\",\"url\":\"https:\/\/www.intelerad.com\/fr\/conditions-dutilisation\/\",\"name\":\"Conditions d'utilisation | Les syst\u00e8mes m\u00e9dicaux Intelerad\",\"isPartOf\":{\"@id\":\"https:\/\/www.intelerad.com\/fr\/#website\"},\"datePublished\":\"2024-05-21T01:05:55+00:00\",\"dateModified\":\"2025-08-07T20:44:50+00:00\",\"description\":\"Contactez Intelerad pour en savoir plus sur nos solutions d\u2019imagerie, partenariats ou support technique.\",\"breadcrumb\":{\"@id\":\"https:\/\/www.intelerad.com\/fr\/conditions-dutilisation\/#breadcrumb\"},\"inLanguage\":\"fr-FR\",\"potentialAction\":[{\"@type\":\"ReadAction\",\"target\":[\"https:\/\/www.intelerad.com\/fr\/conditions-dutilisation\/\"]}]},{\"@type\":\"BreadcrumbList\",\"@id\":\"https:\/\/www.intelerad.com\/fr\/conditions-dutilisation\/#breadcrumb\",\"itemListElement\":[{\"@type\":\"ListItem\",\"position\":1,\"name\":\"Home\",\"item\":\"https:\/\/www.intelerad.com\/fr\/\"},{\"@type\":\"ListItem\",\"position\":2,\"name\":\"Conditions d&rsquo;utilisation\"}]},{\"@type\":\"WebSite\",\"@id\":\"https:\/\/www.intelerad.com\/fr\/#website\",\"url\":\"https:\/\/www.intelerad.com\/fr\/\",\"name\":\"Les syst\u00e8mes m\u00e9dicaux Intelerad\",\"description\":\"\",\"potentialAction\":[{\"@type\":\"SearchAction\",\"target\":{\"@type\":\"EntryPoint\",\"urlTemplate\":\"https:\/\/www.intelerad.com\/fr\/?s={search_term_string}\"},\"query-input\":{\"@type\":\"PropertyValueSpecification\",\"valueRequired\":true,\"valueName\":\"search_term_string\"}}],\"inLanguage\":\"fr-FR\"}]}<\/script>\n<!-- \/ Yoast SEO Premium plugin. -->","yoast_head_json":{"title":"Conditions d'utilisation | Les syst\u00e8mes m\u00e9dicaux Intelerad","description":"Contactez Intelerad pour en savoir plus sur nos solutions d\u2019imagerie, partenariats ou support technique.","robots":{"index":"index","follow":"follow","max-snippet":"max-snippet:-1","max-image-preview":"max-image-preview:large","max-video-preview":"max-video-preview:-1"},"canonical":"https:\/\/www.intelerad.com\/fr\/conditions-dutilisation\/","og_locale":"fr_FR","og_type":"article","og_title":"Conditions d'utilisation","og_description":"Contactez Intelerad pour en savoir plus sur nos solutions d\u2019imagerie, partenariats ou support technique.","og_url":"https:\/\/www.intelerad.com\/fr\/conditions-dutilisation\/","og_site_name":"Les syst\u00e8mes m\u00e9dicaux Intelerad","article_publisher":"https:\/\/facebook.com\/intelerad","article_modified_time":"2025-08-07T20:44:50+00:00","twitter_misc":{"Dur\u00e9e de lecture estim\u00e9e":"8 minutes"},"schema":{"@context":"https:\/\/schema.org","@graph":[{"@type":"WebPage","@id":"https:\/\/www.intelerad.com\/fr\/conditions-dutilisation\/","url":"https:\/\/www.intelerad.com\/fr\/conditions-dutilisation\/","name":"Conditions d'utilisation | Les syst\u00e8mes m\u00e9dicaux Intelerad","isPartOf":{"@id":"https:\/\/www.intelerad.com\/fr\/#website"},"datePublished":"2024-05-21T01:05:55+00:00","dateModified":"2025-08-07T20:44:50+00:00","description":"Contactez Intelerad pour en savoir plus sur nos solutions d\u2019imagerie, partenariats ou support technique.","breadcrumb":{"@id":"https:\/\/www.intelerad.com\/fr\/conditions-dutilisation\/#breadcrumb"},"inLanguage":"fr-FR","potentialAction":[{"@type":"ReadAction","target":["https:\/\/www.intelerad.com\/fr\/conditions-dutilisation\/"]}]},{"@type":"BreadcrumbList","@id":"https:\/\/www.intelerad.com\/fr\/conditions-dutilisation\/#breadcrumb","itemListElement":[{"@type":"ListItem","position":1,"name":"Home","item":"https:\/\/www.intelerad.com\/fr\/"},{"@type":"ListItem","position":2,"name":"Conditions d&rsquo;utilisation"}]},{"@type":"WebSite","@id":"https:\/\/www.intelerad.com\/fr\/#website","url":"https:\/\/www.intelerad.com\/fr\/","name":"Les syst\u00e8mes m\u00e9dicaux Intelerad","description":"","potentialAction":[{"@type":"SearchAction","target":{"@type":"EntryPoint","urlTemplate":"https:\/\/www.intelerad.com\/fr\/?s={search_term_string}"},"query-input":{"@type":"PropertyValueSpecification","valueRequired":true,"valueName":"search_term_string"}}],"inLanguage":"fr-FR"}]}},"_links":{"self":[{"href":"https:\/\/www.intelerad.com\/fr\/wp-json\/wp\/v2\/pages\/15391","targetHints":{"allow":["GET"]}}],"collection":[{"href":"https:\/\/www.intelerad.com\/fr\/wp-json\/wp\/v2\/pages"}],"about":[{"href":"https:\/\/www.intelerad.com\/fr\/wp-json\/wp\/v2\/types\/page"}],"author":[{"embeddable":true,"href":"https:\/\/www.intelerad.com\/fr\/wp-json\/wp\/v2\/users\/18"}],"replies":[{"embeddable":true,"href":"https:\/\/www.intelerad.com\/fr\/wp-json\/wp\/v2\/comments?post=15391"}],"version-history":[{"count":0,"href":"https:\/\/www.intelerad.com\/fr\/wp-json\/wp\/v2\/pages\/15391\/revisions"}],"wp:attachment":[{"href":"https:\/\/www.intelerad.com\/fr\/wp-json\/wp\/v2\/media?parent=15391"}],"curies":[{"name":"wp","href":"https:\/\/api.w.org\/{rel}","templated":true}]}}