{"id":15316,"date":"2024-05-01T00:12:15","date_gmt":"2024-05-01T04:12:34","guid":{"rendered":"https:\/\/www.intelerad.com\/fr\/?page_id=15316"},"modified":"2025-08-07T16:50:09","modified_gmt":"2025-08-07T20:50:09","slug":"reservez-une-demo","status":"publish","type":"page","link":"https:\/\/www.intelerad.com\/fr\/reservez-une-demo\/","title":{"rendered":"R\u00e9servez une d\u00e9mo"},"content":{"rendered":"\t\t<div data-elementor-type=\"wp-page\" data-elementor-id=\"15316\" class=\"elementor elementor-15316\" data-elementor-post-type=\"page\">\n\t\t\t\t<div class=\"elementor-element elementor-element-8a09194 e-flex e-con-boxed e-con e-parent\" data-id=\"8a09194\" data-element_type=\"container\">\n\t\t\t\t\t<div class=\"e-con-inner\">\n\t\t\t\t<div class=\"elementor-element elementor-element-9876550 elementor-widget elementor-widget-intelerad-download-widget\" data-id=\"9876550\" data-element_type=\"widget\" data-widget_type=\"intelerad-download-widget.default\">\n\t\t\t\t<div class=\"elementor-widget-container\">\n\t\t\t\t\t  <section>\n    <div class=\"pt-10 pb-16\">\n      <div class=\"container px-3 mx-auto\">\n        <div class=\"flex flex-col gap-8 lg:flex-row lg:items-start\">\n          <div class=\"w-full lg:w-1\/2\">\n            <div class=\"bannerContent\">\n              <div class=\"lg:max-w-[458px]\">\n                                  <h1>Demander une d\u00e9mo<\/h1>\n                                <div class=\"pt-3 prose sm:pt-4\"><header class=\"text-default element-short-top element-short-bottom not-condensed\" data-os-animation=\"none\" data-os-animation-delay=\"0s\"><p class=\"normal regular no-bordered-header bordered-normal\"><span style=\"vertical-align: inherit;\"><span style=\"vertical-align: inherit;\">Schedule a personalized demo of Intelerad offerings.<\/span><\/span><\/p><p class=\"normal regular no-bordered-header bordered-normal\"><span style=\"vertical-align: inherit;\"><span style=\"vertical-align: inherit;\">Fill out the form and one of our experts will show you how our scalable solutions help organize and track images to drive results in your organization.<\/span><\/span><\/p><p class=\"normal regular no-bordered-header bordered-normal\"><span style=\"vertical-align: inherit;\"><span style=\"vertical-align: inherit;\">We will communicate within one business day for next steps.<\/span><\/span><\/p><\/header><\/div>\n              <\/div>              \n            <\/div>\n          <\/div>\n          <div class=\"w-full lg:w-1\/2 lg:min-h-[44.125rem]\">\n            <div class=\"text-white bg-primaryColor rounded-[12px] p-5\">\n                            <div class=\"pb-6 text-center main-heading\">\n                                <h4 class=\"pb-2 text-xl !text-white font-medium md:text-2xl !my-0\">Contactez-nous<\/h4>\n                                                <div class=\"[&>p]:!my-0 [&>p]:!text-base\"><p>Vous souhaitez nous contacter ? Nous sommes l\u00e0 pour vous aider.<\/p><\/div>\n                              <\/div>\n                            <div class=\"hidden pb-6 text-center success-message\">\n                <h4 class=\"pb-2 text-xl my-0 font-medium !text-white md:text-2xl\">Thank You<\/h4>\n                <p class=\"my-0 lg:px-5\">Thank you for downloading the InteleOrchestrator Data Sheet! Our team will reach out to answer any questions or help you schedule a demo.<\/p>\n                <div class=\"mt-8\">\n                                        <a href=\"\/resource-library\" class=\"mr-4 btn btnWhite xl:mr-6\"\n                      >Back to Resource Library<\/a>\n                                  <\/div>\n              <\/div>\n                              <div class=\"p-2 contact\">\n\t\t<div class=\"iframe-wrapper\" style=\"height: 680px; overflow: auto;\">\n  \t\t<iframe width=\"100%\" height=\"100%\" frameborder=\"0\" style=\"border: 0;\" \t\t\tsrc=\"https:\/\/go.intelerad.com\/l\/902511\/2024-05-20\/jbt7r\" id=\"iFrameResizer0\"><\/iframe>\n\t\t<\/div>\n                <\/div>\n                          <\/div>\n          <\/div>\n        <\/div>\n      <\/div>\n    <\/div>\n  <\/section>\n\t\t\t\t\t<\/div>\n\t\t\t\t<\/div>\n\t\t\t\t\t<\/div>\n\t\t\t\t<\/div>\n\t\t\t\t<\/div>\n\t\t","protected":false},"excerpt":{"rendered":"","protected":false},"author":18,"featured_media":0,"parent":0,"menu_order":1,"comment_status":"closed","ping_status":"closed","template":"","meta":{"_acf_changed":false,"footnotes":""},"class_list":["post-15316","page","type-page","status-publish","hentry"],"acf":[],"yoast_head":"<!-- This site is optimized with the Yoast SEO Premium plugin v26.2 (Yoast SEO v26.4) - https:\/\/yoast.com\/wordpress\/plugins\/seo\/ -->\n<title>R\u00e9servez une d\u00e9mo | Les syst\u00e8mes m\u00e9dicaux Intelerad<\/title>\n<meta name=\"description\" content=\"R\u00e9servez une d\u00e9monstration personnalis\u00e9e avec Intelerad et d\u00e9couvrez nos solutions d\u2019imagerie m\u00e9dicale.\" \/>\n<meta name=\"robots\" content=\"index, follow, max-snippet:-1, max-image-preview:large, max-video-preview:-1\" \/>\n<link rel=\"canonical\" href=\"https:\/\/www.intelerad.com\/fr\/reservez-une-demo\/\" \/>\n<meta property=\"og:locale\" content=\"fr_FR\" \/>\n<meta property=\"og:type\" content=\"article\" \/>\n<meta property=\"og:title\" content=\"R\u00e9servez une d\u00e9mo\" \/>\n<meta property=\"og:description\" content=\"R\u00e9servez une d\u00e9monstration personnalis\u00e9e avec Intelerad et d\u00e9couvrez nos solutions d\u2019imagerie m\u00e9dicale.\" \/>\n<meta property=\"og:url\" content=\"https:\/\/www.intelerad.com\/fr\/reservez-une-demo\/\" \/>\n<meta property=\"og:site_name\" content=\"Les syst\u00e8mes m\u00e9dicaux Intelerad\" \/>\n<meta property=\"article:publisher\" content=\"https:\/\/facebook.com\/intelerad\" \/>\n<meta property=\"article:modified_time\" content=\"2025-08-07T20:50:09+00:00\" \/>\n<script type=\"application\/ld+json\" class=\"yoast-schema-graph\">{\"@context\":\"https:\/\/schema.org\",\"@graph\":[{\"@type\":\"WebPage\",\"@id\":\"https:\/\/www.intelerad.com\/fr\/reservez-une-demo\/\",\"url\":\"https:\/\/www.intelerad.com\/fr\/reservez-une-demo\/\",\"name\":\"R\u00e9servez une d\u00e9mo | Les syst\u00e8mes m\u00e9dicaux Intelerad\",\"isPartOf\":{\"@id\":\"https:\/\/www.intelerad.com\/fr\/#website\"},\"datePublished\":\"2024-05-01T04:12:34+00:00\",\"dateModified\":\"2025-08-07T20:50:09+00:00\",\"description\":\"R\u00e9servez une d\u00e9monstration personnalis\u00e9e avec Intelerad et d\u00e9couvrez nos solutions d\u2019imagerie m\u00e9dicale.\",\"breadcrumb\":{\"@id\":\"https:\/\/www.intelerad.com\/fr\/reservez-une-demo\/#breadcrumb\"},\"inLanguage\":\"fr-FR\",\"potentialAction\":[{\"@type\":\"ReadAction\",\"target\":[\"https:\/\/www.intelerad.com\/fr\/reservez-une-demo\/\"]}]},{\"@type\":\"BreadcrumbList\",\"@id\":\"https:\/\/www.intelerad.com\/fr\/reservez-une-demo\/#breadcrumb\",\"itemListElement\":[{\"@type\":\"ListItem\",\"position\":1,\"name\":\"Home\",\"item\":\"https:\/\/www.intelerad.com\/fr\/\"},{\"@type\":\"ListItem\",\"position\":2,\"name\":\"R\u00e9servez une d\u00e9mo\"}]},{\"@type\":\"WebSite\",\"@id\":\"https:\/\/www.intelerad.com\/fr\/#website\",\"url\":\"https:\/\/www.intelerad.com\/fr\/\",\"name\":\"Les syst\u00e8mes m\u00e9dicaux Intelerad\",\"description\":\"\",\"potentialAction\":[{\"@type\":\"SearchAction\",\"target\":{\"@type\":\"EntryPoint\",\"urlTemplate\":\"https:\/\/www.intelerad.com\/fr\/?s={search_term_string}\"},\"query-input\":{\"@type\":\"PropertyValueSpecification\",\"valueRequired\":true,\"valueName\":\"search_term_string\"}}],\"inLanguage\":\"fr-FR\"}]}<\/script>\n<!-- \/ Yoast SEO Premium plugin. -->","yoast_head_json":{"title":"R\u00e9servez une d\u00e9mo | Les syst\u00e8mes m\u00e9dicaux Intelerad","description":"R\u00e9servez une d\u00e9monstration personnalis\u00e9e avec Intelerad et d\u00e9couvrez nos solutions d\u2019imagerie m\u00e9dicale.","robots":{"index":"index","follow":"follow","max-snippet":"max-snippet:-1","max-image-preview":"max-image-preview:large","max-video-preview":"max-video-preview:-1"},"canonical":"https:\/\/www.intelerad.com\/fr\/reservez-une-demo\/","og_locale":"fr_FR","og_type":"article","og_title":"R\u00e9servez une d\u00e9mo","og_description":"R\u00e9servez une d\u00e9monstration personnalis\u00e9e avec Intelerad et d\u00e9couvrez nos solutions d\u2019imagerie m\u00e9dicale.","og_url":"https:\/\/www.intelerad.com\/fr\/reservez-une-demo\/","og_site_name":"Les syst\u00e8mes m\u00e9dicaux Intelerad","article_publisher":"https:\/\/facebook.com\/intelerad","article_modified_time":"2025-08-07T20:50:09+00:00","schema":{"@context":"https:\/\/schema.org","@graph":[{"@type":"WebPage","@id":"https:\/\/www.intelerad.com\/fr\/reservez-une-demo\/","url":"https:\/\/www.intelerad.com\/fr\/reservez-une-demo\/","name":"R\u00e9servez une d\u00e9mo | Les syst\u00e8mes m\u00e9dicaux Intelerad","isPartOf":{"@id":"https:\/\/www.intelerad.com\/fr\/#website"},"datePublished":"2024-05-01T04:12:34+00:00","dateModified":"2025-08-07T20:50:09+00:00","description":"R\u00e9servez une d\u00e9monstration personnalis\u00e9e avec Intelerad et d\u00e9couvrez nos solutions d\u2019imagerie m\u00e9dicale.","breadcrumb":{"@id":"https:\/\/www.intelerad.com\/fr\/reservez-une-demo\/#breadcrumb"},"inLanguage":"fr-FR","potentialAction":[{"@type":"ReadAction","target":["https:\/\/www.intelerad.com\/fr\/reservez-une-demo\/"]}]},{"@type":"BreadcrumbList","@id":"https:\/\/www.intelerad.com\/fr\/reservez-une-demo\/#breadcrumb","itemListElement":[{"@type":"ListItem","position":1,"name":"Home","item":"https:\/\/www.intelerad.com\/fr\/"},{"@type":"ListItem","position":2,"name":"R\u00e9servez une d\u00e9mo"}]},{"@type":"WebSite","@id":"https:\/\/www.intelerad.com\/fr\/#website","url":"https:\/\/www.intelerad.com\/fr\/","name":"Les syst\u00e8mes m\u00e9dicaux Intelerad","description":"","potentialAction":[{"@type":"SearchAction","target":{"@type":"EntryPoint","urlTemplate":"https:\/\/www.intelerad.com\/fr\/?s={search_term_string}"},"query-input":{"@type":"PropertyValueSpecification","valueRequired":true,"valueName":"search_term_string"}}],"inLanguage":"fr-FR"}]}},"_links":{"self":[{"href":"https:\/\/www.intelerad.com\/fr\/wp-json\/wp\/v2\/pages\/15316","targetHints":{"allow":["GET"]}}],"collection":[{"href":"https:\/\/www.intelerad.com\/fr\/wp-json\/wp\/v2\/pages"}],"about":[{"href":"https:\/\/www.intelerad.com\/fr\/wp-json\/wp\/v2\/types\/page"}],"author":[{"embeddable":true,"href":"https:\/\/www.intelerad.com\/fr\/wp-json\/wp\/v2\/users\/18"}],"replies":[{"embeddable":true,"href":"https:\/\/www.intelerad.com\/fr\/wp-json\/wp\/v2\/comments?post=15316"}],"version-history":[{"count":0,"href":"https:\/\/www.intelerad.com\/fr\/wp-json\/wp\/v2\/pages\/15316\/revisions"}],"wp:attachment":[{"href":"https:\/\/www.intelerad.com\/fr\/wp-json\/wp\/v2\/media?parent=15316"}],"curies":[{"name":"wp","href":"https:\/\/api.w.org\/{rel}","templated":true}]}}