{"id":15050,"date":"2024-04-01T21:51:22","date_gmt":"2024-04-01T21:51:22","guid":{"rendered":"https:\/\/www.intelerad.com\/en\/?page_id=15050"},"modified":"2025-08-07T16:54:22","modified_gmt":"2025-08-07T20:54:22","slug":"inteleone","status":"publish","type":"page","link":"https:\/\/www.intelerad.com\/fr\/tous-les-produits\/inteleone\/","title":{"rendered":"InteleOne"},"content":{"rendered":"\t\t<div data-elementor-type=\"wp-page\" data-elementor-id=\"15050\" class=\"elementor elementor-15050\" data-elementor-post-type=\"page\">\n\t\t\t\t<div class=\"elementor-element elementor-element-f6679a8 e-flex e-con-boxed e-con e-parent\" data-id=\"f6679a8\" data-element_type=\"container\">\n\t\t\t\t\t<div class=\"e-con-inner\">\n\t\t\t\t<div class=\"elementor-element elementor-element-844ee79 elementor-widget elementor-widget-intelerad-homepage-hero-widget\" data-id=\"844ee79\" data-element_type=\"widget\" data-widget_type=\"intelerad-homepage-hero-widget.default\">\n\t\t\t\t<div class=\"elementor-widget-container\">\n\t\t\t\t\t  <section>\n    <div class=\"pt-10 pb-16\">\n      <div class=\"container px-3 mx-auto\">\n         \n          <div class=\"flex flex-col-reverse gap-8 lg:flex-row-reverse lg:items-center\">\n            <div class=\"flex justify-end w-full py-8 lg:w-1\/2\">\n              <div class=\"bannerContent\">\n                                  <div class=\"flex flex-col gap-5 lg:flex-row lg:gap-0\">\n                    <div class=\"lg:max-w-[458px]\">\n                    <div class=\"flex items-center justify-center w-16 h-16 mb-5 rounded-full lg:w-20 lg:h-20 bg-primaryColor\">\n                      <img decoding=\"async\" class=\"!max-w-[55%]\" src=\"https:\/\/www.intelerad.com\/en\/wp-content\/uploads\/sites\/2\/2024\/02\/icon-1.svg\" aria-hidden=\"true\">\n                    <\/div>\n                                          <h1 class=\"h1 lg:pr-7\">InteleOne<\/h1>\n                                                              <div class=\"pt-6 prose\"><p>Notre solution InteleOne connecte les patients, les prestataires de soins et les informations \u00e0 travers l'entreprise pour permettre des soins coordonn\u00e9s \u00e0 l'\u00e9chelle de la communaut\u00e9.<\/p><\/div>\n                                                              <div class=\"pt-6\">\n                        <a href=\"https:\/\/www.intelerad.com\/fr\/reservez-une-demo\/\" class=\"btn btnOutline btnLg\">R\u00e9servez une D\u00e9mo<\/a>\n                      <\/div>\n                                        <\/div>\n                  <\/div>\n                                  \n              <\/div>\n            <\/div>\n            <div class=\"w-full lg:w-1\/2\">\n                              <div class=\"bannerImgCol\">\n                  <img decoding=\"async\" class=\"hidden lg:block\" src=\"https:\/\/www.intelerad.com\/en\/wp-content\/uploads\/sites\/2\/2024\/04\/InteleOne.png\" alt=\"A female scientist examines a digital image of a leaf structure on a tablet, highlighting thoughtful analysis in a laboratory setting.\">\n                  <img decoding=\"async\" class=\"lg:hidden\" src=\"https:\/\/www.intelerad.com\/en\/wp-content\/uploads\/sites\/2\/2024\/04\/InteleOne.png\" alt=\"A female scientist examines a digital image of a leaf structure on a tablet, highlighting thoughtful analysis in a laboratory setting.\">\n                <\/div>\n                          <\/div>\n          <\/div>\n         \n      <\/div>\n    <\/div>\n  <\/section>\n\t\t\t\t\t<\/div>\n\t\t\t\t<\/div>\n\t\t\t\t<div class=\"elementor-element elementor-element-7da6abd elementor-widget elementor-widget-intelerad-columned-text-widget\" data-id=\"7da6abd\" data-element_type=\"widget\" data-widget_type=\"intelerad-columned-text-widget.default\">\n\t\t\t\t<div class=\"elementor-widget-container\">\n\t\t\t\t\t  <section>\n    <div class=\"py-10 md:py-[70px]\">\n      <div class=\"container px-3 mx-auto\">\n        <h2 class=\"h1\">Imagerie R\u00e9invent\u00e9e\n<\/h2>\n        <div class=\"grid gap-12 mt-12 sm:grid-cols-2 lg:grid-cols-4 xl:gap-16 lg:mt-14\">\n                      <div>\n              <h3>Augmentez la Connectivit\u00e9<\/h3>\n              <div class=\"mt-5 !text-base prose\"><p>Notre logiciel est con\u00e7u pour s'int\u00e9grer \u00e0 votre syst\u00e8me d'information m\u00e9dical (HIS), \u00e0 votre syst\u00e8me d'information en radiologie (RIS) et \u00e0 vos solutions de dossier m\u00e9dical \u00e9lectronique (EMR) de tiers.<\/p><\/div>\n            <\/div>\n                      <div>\n              <h3>Am\u00e9liorez la Lecture<\/h3>\n              <div class=\"mt-5 !text-base prose\"><p>Travaillez avec un visionneur DICOM intuitif et riche en fonctionnalit\u00e9s, dot\u00e9 d'ensembles d'outils personnalisables et d'une interface flexible afin de personnaliser votre flux de travail de lecture et de rapport.<\/p><\/div>\n            <\/div>\n                      <div>\n              <h3>Optimisez les Ressources<\/h3>\n              <div class=\"mt-5 !text-base prose\"><p>Optimisez votre infrastructure existante pour lib\u00e9rer des ressources informatiques, prioriser la s\u00e9curit\u00e9 et g\u00e9rer intelligemment plusieurs accords de niveau de service (SLA).<\/p><\/div>\n            <\/div>\n                      <div>\n              <h3>Priorisez les Patients<\/h3>\n              <div class=\"mt-5 !text-base prose\"><p>Nous acc\u00e9l\u00e9rons les processus d'imagerie avec des solutions sp\u00e9cialement cod\u00e9es qui r\u00e9duisent les temps de chargement, vous permettant ainsi de fournir aux patients les r\u00e9ponses dont ils ont besoin plus rapidement.<\/p><\/div>\n            <\/div>\n                  <\/div>\n      <\/div>\n    <\/div>\n  <\/section>\n\t\t\t\t\t<\/div>\n\t\t\t\t<\/div>\n\t\t<div class=\"elementor-element elementor-element-3d14a95 e-flex e-con-boxed e-con e-child\" data-id=\"3d14a95\" data-element_type=\"container\">\n\t\t\t\t\t<div class=\"e-con-inner\">\n\t\t\t\t\t<\/div>\n\t\t\t\t<\/div>\n\t\t\t\t\t<\/div>\n\t\t\t\t<\/div>\n\t\t<div class=\"elementor-element elementor-element-d137ee2 e-flex e-con-boxed e-con e-parent\" data-id=\"d137ee2\" data-element_type=\"container\">\n\t\t\t\t\t<div class=\"e-con-inner\">\n\t\t\t\t<div class=\"elementor-element elementor-element-a4205f4 elementor-widget elementor-widget-intelerad-featured-tabs-widget\" data-id=\"a4205f4\" data-element_type=\"widget\" data-widget_type=\"intelerad-featured-tabs-widget.default\">\n\t\t\t\t<div class=\"elementor-widget-container\">\n\t\t\t\t\t  <section>\n    <div class=\"py-10 md:py-[70px]\">\n      <div class=\"container px-3 mx-auto\">\n        <div class=\"mb-6 md:mb-14\">\n          <h2 class=\"h1\">Fonctionnalit\u00e9s par Suite\n <\/h2>\n        <\/div>\n        <div class=\"ts1Section\">\n          <div class=\"tabStyle1 w-[calc(100%+22px)] lg:w-auto !rounded-tr-none !rounded-br-none md:!rounded-tr-[6px] md:!rounded-br-[6px]\">\n            <ul>\n                              <li><button class=\"ts1Trigger active\" data-tab=\"tab-0\">Suite Entreprise\n<\/button><\/li>\n                              <li><button class=\"ts1Trigger \" data-tab=\"tab-1\">Suite de Radiologie\n<\/button><\/li>\n                          <\/ul>\n          <\/div>\n          <div class=\"mt-6 ts1ContentBody lg:mt-10 xl:mt-14 \">\n                          <div class=\"ts1Content active\" id=\"tab-0\">\n                <div class=\"grid grid-cols-1 gap-4 md:grid-cols-2 md:gap-5 lg:gap-7\">\n                                      <div class=\"cardStyle3 !bg-lightBg2\">\n                      <div class=\"cs3ContentCol\">\n                        <h4>InteleViewer<\/h4>\n                        <div class=\"mt-3\"><p>Permettez aux m\u00e9decins d'acc\u00e9der aux images depuis leur ordinateur de bureau ou leur appareil mobile.<\/p><\/div>\n                      <\/div>\n                    <\/div>\n                                      <div class=\"cardStyle3 !bg-lightBg2\">\n                      <div class=\"cs3ContentCol\">\n                        <h4>Enterprise Viewer<\/h4>\n                        <div class=\"mt-3\"><p>Permettez aux m\u00e9decins d'acc\u00e9der aux images de n'importe o\u00f9 sur n'importe quel appareil.<\/p><\/div>\n                      <\/div>\n                    <\/div>\n                                      <div class=\"cardStyle3 !bg-lightBg2\">\n                      <div class=\"cs3ContentCol\">\n                        <h4>Referring Physician Portal<\/h4>\n                        <div class=\"mt-3\"><p>Partagez les r\u00e9sultats et collaborez avec les m\u00e9decins r\u00e9f\u00e9rents dans un portail unifi\u00e9.<\/p><\/div>\n                      <\/div>\n                    <\/div>\n                                      <div class=\"cardStyle3 !bg-lightBg2\">\n                      <div class=\"cs3ContentCol\">\n                        <h4>Portail Patient <\/h4>\n                        <div class=\"mt-3\"><p>Donnez aux patients acc\u00e8s \u00e0 leurs r\u00e9sultats avec un portail patient pratique.<\/p><\/div>\n                      <\/div>\n                    <\/div>\n                                  <\/div>\n              <\/div>\n                          <div class=\"ts1Content \" id=\"tab-1\">\n                <div class=\"grid grid-cols-1 gap-4 md:grid-cols-2 md:gap-5 lg:gap-7\">\n                                      <div class=\"cardStyle3 !bg-lightBg2\">\n                      <div class=\"cs3ContentCol\">\n                        <h4>InteleViewer<\/h4>\n                        <div class=\"mt-3\">Permettez aux m\u00e9decins d'acc\u00e9der aux images depuis leur ordinateur de bureau ou leur appareil mobile.<\/div>\n                      <\/div>\n                    <\/div>\n                                      <div class=\"cardStyle3 !bg-lightBg2\">\n                      <div class=\"cs3ContentCol\">\n                        <h4>Enterprise Viewer<\/h4>\n                        <div class=\"mt-3\">Permettez aux m\u00e9decins d'acc\u00e9der aux images de n'importe o\u00f9 sur n'importe quel appareil.<\/div>\n                      <\/div>\n                    <\/div>\n                                      <div class=\"cardStyle3 !bg-lightBg2\">\n                      <div class=\"cs3ContentCol\">\n                        <h4>Referring Physician Portal<\/h4>\n                        <div class=\"mt-3\">Partagez les r\u00e9sultats et collaborez avec les m\u00e9decins r\u00e9f\u00e9rents dans un portail unifi\u00e9.<\/div>\n                      <\/div>\n                    <\/div>\n                                      <div class=\"cardStyle3 !bg-lightBg2\">\n                      <div class=\"cs3ContentCol\">\n                        <h4>Portail Patient<\/h4>\n                        <div class=\"mt-3\">Donnez aux patients acc\u00e8s \u00e0 leurs r\u00e9sultats avec un portail patient pratique.<\/div>\n                      <\/div>\n                    <\/div>\n                                      <div class=\"cardStyle3 !bg-lightBg2\">\n                      <div class=\"cs3ContentCol\">\n                        <h4>M\u00e9decine Nucl\u00e9aire<\/h4>\n                        <div class=\"mt-3\">Interpr\u00e9ter et examiner des images multimodalit\u00e9s telles que les scans PET\/CT, SPECT\/CT et PET\/MR.<\/div>\n                      <\/div>\n                    <\/div>\n                                      <div class=\"cardStyle3 !bg-lightBg2\">\n                      <div class=\"cs3ContentCol\">\n                        <h4>Imagerie Mammaire<\/h4>\n                        <div class=\"mt-3\">Lire des images mammaires en 2D et 3D et suivre les flux de travail de mammographie \u00e0 haut volume.<\/div>\n                      <\/div>\n                    <\/div>\n                                      <div class=\"cardStyle3 !bg-lightBg2\">\n                      <div class=\"cs3ContentCol\">\n                        <h4>Feuilles de travail num\u00e9riques en \u00e9chographie<\/h4>\n                        <div class=\"mt-3\">Examiner et annoter les images de feuilles de travail et remplir automatiquement les rapports structur\u00e9s en langage naturel.<\/div>\n                      <\/div>\n                    <\/div>\n                                      <div class=\"cardStyle3 !bg-lightBg2\">\n                      <div class=\"cs3ContentCol\">\n                        <h4>Advanced Visualization<\/h4>\n                        <div class=\"mt-3\">Tirer parti de la visualisation avanc\u00e9e pour am\u00e9liorer l'efficacit\u00e9 et acc\u00e9l\u00e9rer les diagnostics li\u00e9s \u00e0 la radiologie.<\/div>\n                      <\/div>\n                    <\/div>\n                                  <\/div>\n              <\/div>\n                      <\/div>\n        <\/div>\n      <\/div>\n    <\/div>\n  <\/section>\n\t\t\t\t\t<\/div>\n\t\t\t\t<\/div>\n\t\t\t\t\t<\/div>\n\t\t\t\t<\/div>\n\t\t<div class=\"elementor-element elementor-element-4debff4 e-flex e-con-boxed e-con e-parent\" data-id=\"4debff4\" data-element_type=\"container\">\n\t\t\t\t\t<div class=\"e-con-inner\">\n\t\t\t\t<div class=\"elementor-element elementor-element-c0d7678 elementor-widget elementor-widget-intelerad-three-columned-content-widget\" data-id=\"c0d7678\" data-element_type=\"widget\" data-widget_type=\"intelerad-three-columned-content-widget.default\">\n\t\t\t\t<div class=\"elementor-widget-container\">\n\t\t\t\t\t  <section>\n    <div class=\"py-10 md:py-[70px]\">\n              <div class=\"container px-3 mx-auto\">\n          <h2 class=\"h1  \">Produits Associ\u00e9s<\/h2>  \n                    <div\n            class=\"grid grid-cols-1 gap-5 pt-6 md:grid-cols-2 lg:grid-cols-3 lg:pt-10 xl:pt-16\"\n          >\n                          \n              <a href=\"https:\/\/www.intelerad.com\/fr\/tous-les-produits\/intelepacs\/\" class=\"cardStyle3 !bg-primaryColor hover:!bg-[rgba(61,6,26,0.80)] !text-white\">\n                <div class=\"cs3IconCol !bg-offWhite\">\n                  <img decoding=\"async\" src=\"https:\/\/www.intelerad.com\/en\/wp-content\/uploads\/sites\/2\/2024\/04\/Icons-95-2.svg\" alt=\"\">\n                <\/div>\n                <div class=\"cs3ContentCol\">\n                  <h4>IntelePACS<\/h4>\n                  <div class=\"pt-3 prose !text-white\"><p>Acc\u00e9dez aux images m\u00e9dicales et aux donn\u00e9es des patients \u00e0 tout moment, n'importe o\u00f9.<\/p><\/div>\n                  <div class=\"pt-3\">\n                    <div href=\"Array\" class=\"arrowLink white\">See More<\/div>\n                  <\/div>\n                <\/div>\n              <\/a>\n                          \n              <a href=\"https:\/\/www.intelerad.com\/fr\/tous-les-produits\/inteleorchestrator\/\" class=\"cardStyle3 !bg-primaryColor hover:!bg-[rgba(61,6,26,0.80)] !text-white\">\n                <div class=\"cs3IconCol !bg-offWhite\">\n                  <img decoding=\"async\" src=\"https:\/\/www.intelerad.com\/en\/wp-content\/uploads\/sites\/2\/2024\/04\/Icons-83-2.svg\" alt=\"\">\n                <\/div>\n                <div class=\"cs3ContentCol\">\n                  <h4>InteleOrchestrator<\/h4>\n                  <div class=\"pt-3 prose !text-white\"><p>G\u00e9rez tous les flux de travail d'imagerie dans votre entreprise.<\/p><\/div>\n                  <div class=\"pt-3\">\n                    <div href=\"Array\" class=\"arrowLink white\">See More<\/div>\n                  <\/div>\n                <\/div>\n              <\/a>\n                          \n              <a href=\"https:\/\/www.intelerad.com\/fr\/tous-les-produits\/inteleshare-vna\/\" class=\"cardStyle3 !bg-primaryColor hover:!bg-[rgba(61,6,26,0.80)] !text-white\">\n                <div class=\"cs3IconCol !bg-offWhite\">\n                  <img decoding=\"async\" src=\"https:\/\/www.intelerad.com\/en\/wp-content\/uploads\/sites\/2\/2024\/04\/Icons-92-3.svg\" alt=\"\">\n                <\/div>\n                <div class=\"cs3ContentCol\">\n                  <h4>InteleShare VNA<\/h4>\n                  <div class=\"pt-3 prose !text-white\"><p>Centralisez les donn\u00e9es dans une archive flexible, \u00e9volutive, bas\u00e9e sur le cloud et riche en fonctionnalit\u00e9s.<\/p><\/div>\n                  <div class=\"pt-3\">\n                    <div href=\"Array\" class=\"arrowLink white\">See More<\/div>\n                  <\/div>\n                <\/div>\n              <\/a>\n                      <\/div>\n          <div class=\"flex justify-center mt-8\">\n                      <\/div>\n        <\/div>\n          <\/div>\n  <\/section>\n\t\t\t\t\t<\/div>\n\t\t\t\t<\/div>\n\t\t\t\t\t<\/div>\n\t\t\t\t<\/div>\n\t\t<div class=\"elementor-element elementor-element-2df7576 e-flex e-con-boxed e-con e-parent\" data-id=\"2df7576\" data-element_type=\"container\">\n\t\t\t\t\t<div class=\"e-con-inner\">\n\t\t\t\t<div class=\"elementor-element elementor-element-54acc88 elementor-widget elementor-widget-global elementor-global-15330 elementor-widget-intelerad-cta\" data-id=\"54acc88\" data-element_type=\"widget\" data-widget_type=\"intelerad-cta.default\">\n\t\t\t\t<div class=\"elementor-widget-container\">\n\t\t\t\t\t          <section>\n        <div class=\"pt-10 md:py-[70px] pb-14\">\n          <div class=\"container px-0 pb-16 text-offWhite lg:pb-16 bg-primaryColor rounded-2xl\">\n            <div class=\"py-8 overflow-hidden text-center shapeCol lg:pb-12 lg:pt-16\">\n            <img decoding=\"async\"\n                  src=\"https:\/\/www.intelerad.com\/fr\/wp-content\/themes\/intelerad\/assets\/images\/vector-shape-light.svg\"\n                  alt=\"...\"\n                  class=\"object-cover w-full d-block !h-12 lg:!h-auto\"\n              \/>\n            <\/div>\n            <div class=\"px-3 mx-auto\">\n              <div class=\"mx-auto text-center\">\n                <h2 class=\"h1\">Pr\u00eat \u00e0 commencer?<\/h2>\n                <div class=\"pt-4 prose lg:pt-8 !max-w-[38rem] mx-auto text-offWhite\">\n                  <p>Nous connectons les professionnels de la sant\u00e9 et les informations sur l'imagerie afin que vous puissiez vous concentrer sur ce qui compte vraiment : les soins aux patients.<\/p>                <\/div>\n                <div class=\"flex justify-center mt-8\">\n                                      <a href=\"https:\/\/www.intelerad.com\/fr\/reservez-une-demo\/\" class=\"mr-4 btn btnWhite xl:mr-6\"\n                    >R\u00e9servez une d\u00e9mo<\/a>\n                                                      <a href=\"https:\/\/www.intelerad.com\/fr\/contactez-nous\/\" class=\"btn btnOutlineWhite\">Contactez-nous<\/a>\n                                  <\/div>\n              <\/div>\n            <\/div>\n          <\/div>\n        <\/div>\n      <\/section>\n    \t\t\t\t\t<\/div>\n\t\t\t\t<\/div>\n\t\t\t\t\t<\/div>\n\t\t\t\t<\/div>\n\t\t\t\t<\/div>\n\t\t","protected":false},"excerpt":{"rendered":"","protected":false},"author":18,"featured_media":0,"parent":1071,"menu_order":0,"comment_status":"closed","ping_status":"closed","template":"","meta":{"_acf_changed":false,"footnotes":""},"class_list":["post-15050","page","type-page","status-publish","hentry"],"acf":[],"yoast_head":"<!-- This site is optimized with the Yoast SEO Premium plugin v26.2 (Yoast SEO v26.4) - https:\/\/yoast.com\/wordpress\/plugins\/seo\/ -->\n<title>InteleOne | Les syst\u00e8mes m\u00e9dicaux Intelerad<\/title>\n<meta name=\"description\" content=\"InteleOne : portail Intelerad unifi\u00e9 pour l\u2019acc\u00e8s aux examens radiologiques, simplifiant coordination et partage.\" \/>\n<meta name=\"robots\" content=\"index, follow, max-snippet:-1, max-image-preview:large, max-video-preview:-1\" \/>\n<link rel=\"canonical\" href=\"https:\/\/www.intelerad.com\/fr\/tous-les-produits\/inteleone\/\" \/>\n<meta property=\"og:locale\" content=\"fr_FR\" \/>\n<meta property=\"og:type\" content=\"article\" \/>\n<meta property=\"og:title\" content=\"InteleOne\" \/>\n<meta property=\"og:description\" content=\"InteleOne : portail Intelerad unifi\u00e9 pour l\u2019acc\u00e8s aux examens radiologiques, simplifiant coordination et partage.\" \/>\n<meta property=\"og:url\" content=\"https:\/\/www.intelerad.com\/fr\/tous-les-produits\/inteleone\/\" \/>\n<meta property=\"og:site_name\" content=\"Les syst\u00e8mes m\u00e9dicaux Intelerad\" \/>\n<meta property=\"article:publisher\" content=\"https:\/\/facebook.com\/intelerad\" \/>\n<meta property=\"article:modified_time\" content=\"2025-08-07T20:54:22+00:00\" \/>\n<meta property=\"og:image\" content=\"https:\/\/www.intelerad.com\/en\/wp-content\/uploads\/sites\/2\/2024\/02\/icon-1.svg\" \/>\n<meta name=\"twitter:label1\" content=\"Dur\u00e9e de lecture estim\u00e9e\" \/>\n\t<meta name=\"twitter:data1\" content=\"4 minutes\" \/>\n<script type=\"application\/ld+json\" class=\"yoast-schema-graph\">{\"@context\":\"https:\/\/schema.org\",\"@graph\":[{\"@type\":\"WebPage\",\"@id\":\"https:\/\/www.intelerad.com\/fr\/tous-les-produits\/inteleone\/\",\"url\":\"https:\/\/www.intelerad.com\/fr\/tous-les-produits\/inteleone\/\",\"name\":\"InteleOne | Les syst\u00e8mes m\u00e9dicaux Intelerad\",\"isPartOf\":{\"@id\":\"https:\/\/www.intelerad.com\/fr\/#website\"},\"primaryImageOfPage\":{\"@id\":\"https:\/\/www.intelerad.com\/fr\/tous-les-produits\/inteleone\/#primaryimage\"},\"image\":{\"@id\":\"https:\/\/www.intelerad.com\/fr\/tous-les-produits\/inteleone\/#primaryimage\"},\"thumbnailUrl\":\"https:\/\/www.intelerad.com\/en\/wp-content\/uploads\/sites\/2\/2024\/02\/icon-1.svg\",\"datePublished\":\"2024-04-01T21:51:22+00:00\",\"dateModified\":\"2025-08-07T20:54:22+00:00\",\"description\":\"InteleOne : portail Intelerad unifi\u00e9 pour l\u2019acc\u00e8s aux examens radiologiques, simplifiant coordination et partage.\",\"breadcrumb\":{\"@id\":\"https:\/\/www.intelerad.com\/fr\/tous-les-produits\/inteleone\/#breadcrumb\"},\"inLanguage\":\"fr-FR\",\"potentialAction\":[{\"@type\":\"ReadAction\",\"target\":[\"https:\/\/www.intelerad.com\/fr\/tous-les-produits\/inteleone\/\"]}]},{\"@type\":\"ImageObject\",\"inLanguage\":\"fr-FR\",\"@id\":\"https:\/\/www.intelerad.com\/fr\/tous-les-produits\/inteleone\/#primaryimage\",\"url\":\"https:\/\/www.intelerad.com\/en\/wp-content\/uploads\/sites\/2\/2024\/02\/icon-1.svg\",\"contentUrl\":\"https:\/\/www.intelerad.com\/en\/wp-content\/uploads\/sites\/2\/2024\/02\/icon-1.svg\"},{\"@type\":\"BreadcrumbList\",\"@id\":\"https:\/\/www.intelerad.com\/fr\/tous-les-produits\/inteleone\/#breadcrumb\",\"itemListElement\":[{\"@type\":\"ListItem\",\"position\":1,\"name\":\"Home\",\"item\":\"https:\/\/www.intelerad.com\/fr\/\"},{\"@type\":\"ListItem\",\"position\":2,\"name\":\"Tous les produits\",\"item\":\"https:\/\/www.intelerad.com\/fr\/tous-les-produits\/\"},{\"@type\":\"ListItem\",\"position\":3,\"name\":\"InteleOne\"}]},{\"@type\":\"WebSite\",\"@id\":\"https:\/\/www.intelerad.com\/fr\/#website\",\"url\":\"https:\/\/www.intelerad.com\/fr\/\",\"name\":\"Les syst\u00e8mes m\u00e9dicaux Intelerad\",\"description\":\"\",\"potentialAction\":[{\"@type\":\"SearchAction\",\"target\":{\"@type\":\"EntryPoint\",\"urlTemplate\":\"https:\/\/www.intelerad.com\/fr\/?s={search_term_string}\"},\"query-input\":{\"@type\":\"PropertyValueSpecification\",\"valueRequired\":true,\"valueName\":\"search_term_string\"}}],\"inLanguage\":\"fr-FR\"}]}<\/script>\n<!-- \/ Yoast SEO Premium plugin. -->","yoast_head_json":{"title":"InteleOne | Les syst\u00e8mes m\u00e9dicaux Intelerad","description":"InteleOne : portail Intelerad unifi\u00e9 pour l\u2019acc\u00e8s aux examens radiologiques, simplifiant coordination et partage.","robots":{"index":"index","follow":"follow","max-snippet":"max-snippet:-1","max-image-preview":"max-image-preview:large","max-video-preview":"max-video-preview:-1"},"canonical":"https:\/\/www.intelerad.com\/fr\/tous-les-produits\/inteleone\/","og_locale":"fr_FR","og_type":"article","og_title":"InteleOne","og_description":"InteleOne : portail Intelerad unifi\u00e9 pour l\u2019acc\u00e8s aux examens radiologiques, simplifiant coordination et partage.","og_url":"https:\/\/www.intelerad.com\/fr\/tous-les-produits\/inteleone\/","og_site_name":"Les syst\u00e8mes m\u00e9dicaux Intelerad","article_publisher":"https:\/\/facebook.com\/intelerad","article_modified_time":"2025-08-07T20:54:22+00:00","og_image":[{"url":"https:\/\/www.intelerad.com\/en\/wp-content\/uploads\/sites\/2\/2024\/02\/icon-1.svg","type":"","width":"","height":""}],"twitter_misc":{"Dur\u00e9e de lecture estim\u00e9e":"4 minutes"},"schema":{"@context":"https:\/\/schema.org","@graph":[{"@type":"WebPage","@id":"https:\/\/www.intelerad.com\/fr\/tous-les-produits\/inteleone\/","url":"https:\/\/www.intelerad.com\/fr\/tous-les-produits\/inteleone\/","name":"InteleOne | Les syst\u00e8mes m\u00e9dicaux Intelerad","isPartOf":{"@id":"https:\/\/www.intelerad.com\/fr\/#website"},"primaryImageOfPage":{"@id":"https:\/\/www.intelerad.com\/fr\/tous-les-produits\/inteleone\/#primaryimage"},"image":{"@id":"https:\/\/www.intelerad.com\/fr\/tous-les-produits\/inteleone\/#primaryimage"},"thumbnailUrl":"https:\/\/www.intelerad.com\/en\/wp-content\/uploads\/sites\/2\/2024\/02\/icon-1.svg","datePublished":"2024-04-01T21:51:22+00:00","dateModified":"2025-08-07T20:54:22+00:00","description":"InteleOne : portail Intelerad unifi\u00e9 pour l\u2019acc\u00e8s aux examens radiologiques, simplifiant coordination et partage.","breadcrumb":{"@id":"https:\/\/www.intelerad.com\/fr\/tous-les-produits\/inteleone\/#breadcrumb"},"inLanguage":"fr-FR","potentialAction":[{"@type":"ReadAction","target":["https:\/\/www.intelerad.com\/fr\/tous-les-produits\/inteleone\/"]}]},{"@type":"ImageObject","inLanguage":"fr-FR","@id":"https:\/\/www.intelerad.com\/fr\/tous-les-produits\/inteleone\/#primaryimage","url":"https:\/\/www.intelerad.com\/en\/wp-content\/uploads\/sites\/2\/2024\/02\/icon-1.svg","contentUrl":"https:\/\/www.intelerad.com\/en\/wp-content\/uploads\/sites\/2\/2024\/02\/icon-1.svg"},{"@type":"BreadcrumbList","@id":"https:\/\/www.intelerad.com\/fr\/tous-les-produits\/inteleone\/#breadcrumb","itemListElement":[{"@type":"ListItem","position":1,"name":"Home","item":"https:\/\/www.intelerad.com\/fr\/"},{"@type":"ListItem","position":2,"name":"Tous les produits","item":"https:\/\/www.intelerad.com\/fr\/tous-les-produits\/"},{"@type":"ListItem","position":3,"name":"InteleOne"}]},{"@type":"WebSite","@id":"https:\/\/www.intelerad.com\/fr\/#website","url":"https:\/\/www.intelerad.com\/fr\/","name":"Les syst\u00e8mes m\u00e9dicaux Intelerad","description":"","potentialAction":[{"@type":"SearchAction","target":{"@type":"EntryPoint","urlTemplate":"https:\/\/www.intelerad.com\/fr\/?s={search_term_string}"},"query-input":{"@type":"PropertyValueSpecification","valueRequired":true,"valueName":"search_term_string"}}],"inLanguage":"fr-FR"}]}},"_links":{"self":[{"href":"https:\/\/www.intelerad.com\/fr\/wp-json\/wp\/v2\/pages\/15050","targetHints":{"allow":["GET"]}}],"collection":[{"href":"https:\/\/www.intelerad.com\/fr\/wp-json\/wp\/v2\/pages"}],"about":[{"href":"https:\/\/www.intelerad.com\/fr\/wp-json\/wp\/v2\/types\/page"}],"author":[{"embeddable":true,"href":"https:\/\/www.intelerad.com\/fr\/wp-json\/wp\/v2\/users\/18"}],"replies":[{"embeddable":true,"href":"https:\/\/www.intelerad.com\/fr\/wp-json\/wp\/v2\/comments?post=15050"}],"version-history":[{"count":0,"href":"https:\/\/www.intelerad.com\/fr\/wp-json\/wp\/v2\/pages\/15050\/revisions"}],"up":[{"embeddable":true,"href":"https:\/\/www.intelerad.com\/fr\/wp-json\/wp\/v2\/pages\/1071"}],"wp:attachment":[{"href":"https:\/\/www.intelerad.com\/fr\/wp-json\/wp\/v2\/media?parent=15050"}],"curies":[{"name":"wp","href":"https:\/\/api.w.org\/{rel}","templated":true}]}}