{"id":15049,"date":"2024-04-01T21:42:16","date_gmt":"2024-04-01T21:42:16","guid":{"rendered":"https:\/\/www.intelerad.com\/en\/?page_id=15049"},"modified":"2025-08-07T16:55:43","modified_gmt":"2025-08-07T20:55:43","slug":"intelescreen","status":"publish","type":"page","link":"https:\/\/www.intelerad.com\/fr\/tous-les-produits\/intelescreen\/","title":{"rendered":"InteleScreen"},"content":{"rendered":"\t\t<div data-elementor-type=\"wp-page\" data-elementor-id=\"15049\" class=\"elementor elementor-15049\" data-elementor-post-type=\"page\">\n\t\t\t\t<div class=\"elementor-element elementor-element-bda196b e-flex e-con-boxed e-con e-parent\" data-id=\"bda196b\" data-element_type=\"container\">\n\t\t\t\t\t<div class=\"e-con-inner\">\n\t\t\t\t<div class=\"elementor-element elementor-element-b70fdfe elementor-widget elementor-widget-intelerad-homepage-hero-widget\" data-id=\"b70fdfe\" data-element_type=\"widget\" data-widget_type=\"intelerad-homepage-hero-widget.default\">\n\t\t\t\t<div class=\"elementor-widget-container\">\n\t\t\t\t\t  <section>\n    <div class=\"pt-10 pb-16\">\n      <div class=\"container px-3 mx-auto\">\n         \n          <div class=\"flex flex-col-reverse gap-8 lg:flex-row-reverse lg:items-center\">\n            <div class=\"flex justify-end w-full py-8 lg:w-1\/2\">\n              <div class=\"bannerContent\">\n                                  <div class=\"flex flex-col gap-5 lg:flex-row lg:gap-0\">\n                    <div class=\"lg:max-w-[458px]\">\n                    <div class=\"flex items-center justify-center w-16 h-16 mb-5 rounded-full lg:w-20 lg:h-20 bg-primaryColor\">\n                      <img decoding=\"async\" class=\"!max-w-[55%]\" src=\"https:\/\/www.intelerad.com\/en\/wp-content\/uploads\/sites\/2\/2024\/04\/Icons-76.svg\" aria-hidden=\"true\">\n                    <\/div>\n                                          <h1 class=\"h1 lg:pr-7\">InteleScreen<\/h1>\n                                                              <div class=\"pt-6 prose\"><p>Solutions de suivi des patients d\u00e9di\u00e9es pour capturer les identifiants de risque, rationaliser le partage d'informations et la communication avec les patients, sp\u00e9cifiquement con\u00e7ues pour les organisations de mammographie et d'imagerie pulmonaire.<\/p><\/div>\n                                                              <div class=\"pt-6\">\n                        <a href=\"https:\/\/www.intelerad.com\/fr\/reservez-une-demo\/\" class=\"btn btnOutline btnLg\">R\u00e9servez une d\u00e9mo<\/a>\n                      <\/div>\n                                        <\/div>\n                  <\/div>\n                                  \n              <\/div>\n            <\/div>\n            <div class=\"w-full lg:w-1\/2\">\n                              <div class=\"bannerImgCol\">\n                  <img decoding=\"async\" class=\"hidden lg:block\" src=\"https:\/\/www.intelerad.com\/en\/wp-content\/uploads\/sites\/2\/2024\/04\/InteleScreen-e1712066055473.png\" alt=\"A healthcare professional assists a patient during a mammogram procedure for breast cancer screening.\">\n                  <img decoding=\"async\" class=\"lg:hidden\" src=\"https:\/\/www.intelerad.com\/en\/wp-content\/uploads\/sites\/2\/2024\/04\/InteleScreen.png\" alt=\"A healthcare professional assists a patient during a mammogram procedure for breast cancer screening.\">\n                <\/div>\n                          <\/div>\n          <\/div>\n         \n      <\/div>\n    <\/div>\n  <\/section>\n\t\t\t\t\t<\/div>\n\t\t\t\t<\/div>\n\t\t\t\t\t<\/div>\n\t\t\t\t<\/div>\n\t\t<div class=\"elementor-element elementor-element-f6679a8 e-flex e-con-boxed e-con e-parent\" data-id=\"f6679a8\" data-element_type=\"container\">\n\t\t\t\t\t<div class=\"e-con-inner\">\n\t\t\t\t<div class=\"elementor-element elementor-element-7da6abd elementor-widget elementor-widget-intelerad-columned-text-widget\" data-id=\"7da6abd\" data-element_type=\"widget\" data-widget_type=\"intelerad-columned-text-widget.default\">\n\t\t\t\t<div class=\"elementor-widget-container\">\n\t\t\t\t\t  <section>\n    <div class=\"py-10 md:py-[70px]\">\n      <div class=\"container px-3 mx-auto\">\n        <h2 class=\"h1\">InteleScreen Avantages\n\n\n\n\n\n\n<\/h2>\n        <div class=\"grid gap-12 mt-12 sm:grid-cols-2 lg:grid-cols-4 xl:gap-16 lg:mt-14\">\n                      <div>\n              <h3>Optimiser la communication<\/h3>\n              <div class=\"mt-5 !text-base prose\"><p>InteleScreen g\u00e8re les communications par lettres aux patients, garantissant des suivis opportuns et augmentant la satisfaction des patients en aidant tout le monde \u00e0 rester sur la bonne voie pour leur prochain examen recommand\u00e9.<\/p><\/div>\n            <\/div>\n                      <div>\n              <h3>Suivi et Rapport Automatiques<\/h3>\n              <div class=\"mt-5 !text-base prose\">Avec le suivi et le reporting automatis\u00e9s de la MQSA, InteleScreen g\u00e9n\u00e8re des rapports d'audit complets en un clic, facilitant plus que jamais le maintien de la conformit\u00e9 et la pr\u00e9paration aux audits de la MQSA.<\/div>\n            <\/div>\n                      <div>\n              <h3>Am\u00e9liorer le temps de traitement<\/h3>\n              <div class=\"mt-5 !text-base prose\">Simplifiez les t\u00e2ches chronophages avec les am\u00e9liorations de productivit\u00e9 d'InteleScreen, telles que les rapports n\u00e9gatifs en un seul clic et les r\u00e9sultats le m\u00eame jour, am\u00e9liorant consid\u00e9rablement les d\u00e9lais de remise des rapports.<\/div>\n            <\/div>\n                      <div>\n              <h3>Personnaliser les flux de travail<\/h3>\n              <div class=\"mt-5 !text-base prose\"><p>InteleScreen prend en charge les rapports structur\u00e9s et s'int\u00e8gre parfaitement aux logiciels de dossier m\u00e9dical tiers et de dict\u00e9e, permettant des flux de travail personnalis\u00e9s qui correspondent parfaitement aux besoins et aux pr\u00e9f\u00e9rences de votre \u00e9quipe.<\/p><\/div>\n            <\/div>\n                  <\/div>\n      <\/div>\n    <\/div>\n  <\/section>\n\t\t\t\t\t<\/div>\n\t\t\t\t<\/div>\n\t\t\t\t\t<\/div>\n\t\t\t\t<\/div>\n\t\t<div class=\"elementor-element elementor-element-d137ee2 e-flex e-con-boxed e-con e-parent\" data-id=\"d137ee2\" data-element_type=\"container\">\n\t\t\t\t\t<div class=\"e-con-inner\">\n\t\t\t\t<div class=\"elementor-element elementor-element-a4205f4 elementor-widget elementor-widget-intelerad-featured-tabs-widget\" data-id=\"a4205f4\" data-element_type=\"widget\" data-widget_type=\"intelerad-featured-tabs-widget.default\">\n\t\t\t\t<div class=\"elementor-widget-container\">\n\t\t\t\t\t  <section>\n    <div class=\"py-10 md:py-[70px]\">\n      <div class=\"container px-3 mx-auto\">\n        <div class=\"mb-6 md:mb-14\">\n          <h2 class=\"h1\">Fonctionnalit\u00e9s par Suite <\/h2>\n        <\/div>\n        <div class=\"ts1Section\">\n          <div class=\"tabStyle1 w-[calc(100%+22px)] lg:w-auto !rounded-tr-none !rounded-br-none md:!rounded-tr-[6px] md:!rounded-br-[6px]\">\n            <ul>\n                              <li><button class=\"ts1Trigger active\" data-tab=\"tab-0\">Suite Entreprise<\/button><\/li>\n                          <\/ul>\n          <\/div>\n          <div class=\"mt-6 ts1ContentBody lg:mt-10 xl:mt-14 \">\n                          <div class=\"ts1Content active\" id=\"tab-0\">\n                <div class=\"grid grid-cols-1 gap-4 md:grid-cols-2 md:gap-5 lg:gap-7\">\n                                      <div class=\"cardStyle3 !bg-lightBg2\">\n                      <div class=\"cs3ContentCol\">\n                        <h4>Communication Automatis\u00e9e<\/h4>\n                        <div class=\"mt-3\"><p>Automatisez les communications avec les patients et les recommandations de suivi avec InteleScreen, garantissant qu'aucun patient n'est laiss\u00e9 pour compte et am\u00e9liorant la continuit\u00e9 des soins en radiologie.<\/p><\/div>\n                      <\/div>\n                    <\/div>\n                                      <div class=\"cardStyle3 !bg-lightBg2\">\n                      <div class=\"cs3ContentCol\">\n                        <h4>Charge administrative r\u00e9duite<\/h4>\n                        <div class=\"mt-3\"><p>Rationalisez les t\u00e2ches redondantes et am\u00e9liorez la productivit\u00e9 au sein de votre organisation, ce qui permet de consacrer plus de temps \u00e0 fournir des soins exceptionnels aux patients.<\/p><\/div>\n                      <\/div>\n                    <\/div>\n                                      <div class=\"cardStyle3 !bg-lightBg2\">\n                      <div class=\"cs3ContentCol\">\n                        <h4>Suivi des Facteurs de Risque<\/h4>\n                        <div class=\"mt-3\"><p>Utilisez InteleScreen pour suivre de mani\u00e8re coh\u00e9rente les facteurs de risque pertinents des patients d'un rendez-vous \u00e0 l'autre, permettant une approche plus inform\u00e9e et proactive des soins aux patients en imagerie mammaire.<\/p><\/div>\n                      <\/div>\n                    <\/div>\n                                      <div class=\"cardStyle3 !bg-lightBg2\">\n                      <div class=\"cs3ContentCol\">\n                        <h4>Audits MSQA en un clic<\/h4>\n                        <div class=\"mt-3\"><p>Simplifiez les complexit\u00e9s du reporting MSQA avec le suivi automatique des donn\u00e9es d'InteleScreen et la g\u00e9n\u00e9ration de rapports d'audit en un clic, garantissant la conformit\u00e9 sans les tracas des rapports manuels.<\/p><\/div>\n                      <\/div>\n                    <\/div>\n                                  <\/div>\n              <\/div>\n                      <\/div>\n        <\/div>\n      <\/div>\n    <\/div>\n  <\/section>\n\t\t\t\t\t<\/div>\n\t\t\t\t<\/div>\n\t\t\t\t\t<\/div>\n\t\t\t\t<\/div>\n\t\t<div class=\"elementor-element elementor-element-4debff4 e-flex e-con-boxed e-con e-parent\" data-id=\"4debff4\" data-element_type=\"container\">\n\t\t\t\t\t<div class=\"e-con-inner\">\n\t\t\t\t<div class=\"elementor-element elementor-element-c0d7678 elementor-widget elementor-widget-intelerad-three-columned-content-widget\" data-id=\"c0d7678\" data-element_type=\"widget\" data-widget_type=\"intelerad-three-columned-content-widget.default\">\n\t\t\t\t<div class=\"elementor-widget-container\">\n\t\t\t\t\t  <section>\n    <div class=\"py-10 md:py-[70px]\">\n              <div class=\"container px-3 mx-auto\">\n          <h2 class=\"h1  \">Produits Associ\u00e9s<\/h2>  \n                    <div\n            class=\"grid grid-cols-1 gap-5 pt-6 md:grid-cols-2 lg:grid-cols-3 lg:pt-10 xl:pt-16\"\n          >\n                          \n              <a href=\"https:\/\/www.intelerad.com\/fr\/tous-les-produits\/inteleshare\/\" class=\"cardStyle3 !bg-primaryColor hover:!bg-[rgba(61,6,26,0.80)] !text-white\">\n                <div class=\"cs3IconCol !bg-offWhite\">\n                  <img decoding=\"async\" src=\"https:\/\/www.intelerad.com\/en\/wp-content\/uploads\/sites\/2\/2024\/04\/Icons-94-2.svg\" alt=\"\">\n                <\/div>\n                <div class=\"cs3ContentCol\">\n                  <h4>InteleShare<\/h4>\n                  <div class=\"pt-3 prose !text-white\"><p>Envoyer et recevoir des images de patients de mani\u00e8re s\u00e9curis\u00e9e et fluide.<\/p><\/div>\n                  <div class=\"pt-3\">\n                    <div href=\"Array\" class=\"arrowLink white\">See More<\/div>\n                  <\/div>\n                <\/div>\n              <\/a>\n                          \n              <a href=\"https:\/\/www.intelerad.com\/fr\/tous-les-produits\/intelepacs\/\" class=\"cardStyle3 !bg-primaryColor hover:!bg-[rgba(61,6,26,0.80)] !text-white\">\n                <div class=\"cs3IconCol !bg-offWhite\">\n                  <img decoding=\"async\" src=\"https:\/\/www.intelerad.com\/en\/wp-content\/uploads\/sites\/2\/2024\/04\/Icons-86-3.svg\" alt=\"\">\n                <\/div>\n                <div class=\"cs3ContentCol\">\n                  <h4>IntelePACS<\/h4>\n                  <div class=\"pt-3 prose !text-white\"><p>Acc\u00e9dez aux images m\u00e9dicales et aux donn\u00e9es des patients \u00e0 tout moment, n'importe o\u00f9.<\/p><\/div>\n                  <div class=\"pt-3\">\n                    <div href=\"Array\" class=\"arrowLink white\">See More<\/div>\n                  <\/div>\n                <\/div>\n              <\/a>\n                          \n              <a href=\"https:\/\/www.intelerad.com\/fr\/tous-les-produits\/inteleorchestrator\/\" class=\"cardStyle3 !bg-primaryColor hover:!bg-[rgba(61,6,26,0.80)] !text-white\">\n                <div class=\"cs3IconCol !bg-offWhite\">\n                  <img decoding=\"async\" src=\"https:\/\/www.intelerad.com\/en\/wp-content\/uploads\/sites\/2\/2024\/04\/Icons-83-2.svg\" alt=\"\">\n                <\/div>\n                <div class=\"cs3ContentCol\">\n                  <h4>InteleOrchestrator<\/h4>\n                  <div class=\"pt-3 prose !text-white\"><p>G\u00e9rez tous les flux de travail d'imagerie dans votre entreprise.<\/p><\/div>\n                  <div class=\"pt-3\">\n                    <div href=\"Array\" class=\"arrowLink white\">See More<\/div>\n                  <\/div>\n                <\/div>\n              <\/a>\n                      <\/div>\n          <div class=\"flex justify-center mt-8\">\n                      <\/div>\n        <\/div>\n          <\/div>\n  <\/section>\n\t\t\t\t\t<\/div>\n\t\t\t\t<\/div>\n\t\t\t\t\t<\/div>\n\t\t\t\t<\/div>\n\t\t<div class=\"elementor-element elementor-element-2df7576 e-flex e-con-boxed e-con e-parent\" data-id=\"2df7576\" data-element_type=\"container\">\n\t\t\t\t\t<div class=\"e-con-inner\">\n\t\t\t\t<div class=\"elementor-element elementor-element-9ae669b elementor-widget elementor-widget-global elementor-global-15330 elementor-widget-intelerad-cta\" data-id=\"9ae669b\" data-element_type=\"widget\" data-widget_type=\"intelerad-cta.default\">\n\t\t\t\t<div class=\"elementor-widget-container\">\n\t\t\t\t\t          <section>\n        <div class=\"pt-10 md:py-[70px] pb-14\">\n          <div class=\"container px-0 pb-16 text-offWhite lg:pb-16 bg-primaryColor rounded-2xl\">\n            <div class=\"py-8 overflow-hidden text-center shapeCol lg:pb-12 lg:pt-16\">\n            <img decoding=\"async\"\n                  src=\"https:\/\/www.intelerad.com\/fr\/wp-content\/themes\/intelerad\/assets\/images\/vector-shape-light.svg\"\n                  alt=\"...\"\n                  class=\"object-cover w-full d-block !h-12 lg:!h-auto\"\n              \/>\n            <\/div>\n            <div class=\"px-3 mx-auto\">\n              <div class=\"mx-auto text-center\">\n                <h2 class=\"h1\">Pr\u00eat \u00e0 commencer?<\/h2>\n                <div class=\"pt-4 prose lg:pt-8 !max-w-[38rem] mx-auto text-offWhite\">\n                  <p>Nous connectons les professionnels de la sant\u00e9 et les informations sur l'imagerie afin que vous puissiez vous concentrer sur ce qui compte vraiment : les soins aux patients.<\/p>                <\/div>\n                <div class=\"flex justify-center mt-8\">\n                                      <a href=\"https:\/\/www.intelerad.com\/fr\/reservez-une-demo\/\" class=\"mr-4 btn btnWhite xl:mr-6\"\n                    >R\u00e9servez une d\u00e9mo<\/a>\n                                                      <a href=\"https:\/\/www.intelerad.com\/fr\/contactez-nous\/\" class=\"btn btnOutlineWhite\">Contactez-nous<\/a>\n                                  <\/div>\n              <\/div>\n            <\/div>\n          <\/div>\n        <\/div>\n      <\/section>\n    \t\t\t\t\t<\/div>\n\t\t\t\t<\/div>\n\t\t\t\t\t<\/div>\n\t\t\t\t<\/div>\n\t\t\t\t<\/div>\n\t\t","protected":false},"excerpt":{"rendered":"","protected":false},"author":18,"featured_media":15037,"parent":1071,"menu_order":2,"comment_status":"closed","ping_status":"closed","template":"","meta":{"_acf_changed":false,"footnotes":""},"class_list":["post-15049","page","type-page","status-publish","has-post-thumbnail","hentry"],"acf":[],"yoast_head":"<!-- This site is optimized with the Yoast SEO Premium plugin v26.2 (Yoast SEO v26.4) - https:\/\/yoast.com\/wordpress\/plugins\/seo\/ -->\n<title>InteleScreen | Les syst\u00e8mes m\u00e9dicaux Intelerad<\/title>\n<meta name=\"description\" content=\"InteleScreen : visionneuse d\u2019images Intelerad en temps r\u00e9el, mobile, s\u00e9curis\u00e9e et pr\u00eate pour la radiologie moderne.\" \/>\n<meta name=\"robots\" content=\"index, follow, max-snippet:-1, max-image-preview:large, max-video-preview:-1\" \/>\n<link rel=\"canonical\" href=\"https:\/\/www.intelerad.com\/fr\/tous-les-produits\/intelescreen\/\" \/>\n<meta property=\"og:locale\" content=\"fr_FR\" \/>\n<meta property=\"og:type\" content=\"article\" \/>\n<meta property=\"og:title\" content=\"InteleScreen\" \/>\n<meta property=\"og:description\" content=\"InteleScreen : visionneuse d\u2019images Intelerad en temps r\u00e9el, mobile, s\u00e9curis\u00e9e et pr\u00eate pour la radiologie moderne.\" \/>\n<meta property=\"og:url\" content=\"https:\/\/www.intelerad.com\/fr\/tous-les-produits\/intelescreen\/\" \/>\n<meta property=\"og:site_name\" content=\"Les syst\u00e8mes m\u00e9dicaux Intelerad\" \/>\n<meta property=\"article:publisher\" content=\"https:\/\/facebook.com\/intelerad\" \/>\n<meta property=\"article:modified_time\" content=\"2025-08-07T20:55:43+00:00\" \/>\n<meta name=\"twitter:label1\" content=\"Dur\u00e9e de lecture estim\u00e9e\" \/>\n\t<meta name=\"twitter:data1\" content=\"4 minutes\" \/>\n<script type=\"application\/ld+json\" class=\"yoast-schema-graph\">{\"@context\":\"https:\/\/schema.org\",\"@graph\":[{\"@type\":\"WebPage\",\"@id\":\"https:\/\/www.intelerad.com\/fr\/tous-les-produits\/intelescreen\/\",\"url\":\"https:\/\/www.intelerad.com\/fr\/tous-les-produits\/intelescreen\/\",\"name\":\"InteleScreen | Les syst\u00e8mes m\u00e9dicaux Intelerad\",\"isPartOf\":{\"@id\":\"https:\/\/www.intelerad.com\/fr\/#website\"},\"primaryImageOfPage\":{\"@id\":\"https:\/\/www.intelerad.com\/fr\/tous-les-produits\/intelescreen\/#primaryimage\"},\"image\":{\"@id\":\"https:\/\/www.intelerad.com\/fr\/tous-les-produits\/intelescreen\/#primaryimage\"},\"thumbnailUrl\":\"\",\"datePublished\":\"2024-04-01T21:42:16+00:00\",\"dateModified\":\"2025-08-07T20:55:43+00:00\",\"description\":\"InteleScreen : visionneuse d\u2019images Intelerad en temps r\u00e9el, mobile, s\u00e9curis\u00e9e et pr\u00eate pour la radiologie moderne.\",\"breadcrumb\":{\"@id\":\"https:\/\/www.intelerad.com\/fr\/tous-les-produits\/intelescreen\/#breadcrumb\"},\"inLanguage\":\"fr-FR\",\"potentialAction\":[{\"@type\":\"ReadAction\",\"target\":[\"https:\/\/www.intelerad.com\/fr\/tous-les-produits\/intelescreen\/\"]}]},{\"@type\":\"ImageObject\",\"inLanguage\":\"fr-FR\",\"@id\":\"https:\/\/www.intelerad.com\/fr\/tous-les-produits\/intelescreen\/#primaryimage\",\"url\":\"\",\"contentUrl\":\"\"},{\"@type\":\"BreadcrumbList\",\"@id\":\"https:\/\/www.intelerad.com\/fr\/tous-les-produits\/intelescreen\/#breadcrumb\",\"itemListElement\":[{\"@type\":\"ListItem\",\"position\":1,\"name\":\"Home\",\"item\":\"https:\/\/www.intelerad.com\/fr\/\"},{\"@type\":\"ListItem\",\"position\":2,\"name\":\"Tous les produits\",\"item\":\"https:\/\/www.intelerad.com\/fr\/tous-les-produits\/\"},{\"@type\":\"ListItem\",\"position\":3,\"name\":\"InteleScreen\"}]},{\"@type\":\"WebSite\",\"@id\":\"https:\/\/www.intelerad.com\/fr\/#website\",\"url\":\"https:\/\/www.intelerad.com\/fr\/\",\"name\":\"Les syst\u00e8mes m\u00e9dicaux Intelerad\",\"description\":\"\",\"potentialAction\":[{\"@type\":\"SearchAction\",\"target\":{\"@type\":\"EntryPoint\",\"urlTemplate\":\"https:\/\/www.intelerad.com\/fr\/?s={search_term_string}\"},\"query-input\":{\"@type\":\"PropertyValueSpecification\",\"valueRequired\":true,\"valueName\":\"search_term_string\"}}],\"inLanguage\":\"fr-FR\"}]}<\/script>\n<!-- \/ Yoast SEO Premium plugin. -->","yoast_head_json":{"title":"InteleScreen | Les syst\u00e8mes m\u00e9dicaux Intelerad","description":"InteleScreen : visionneuse d\u2019images Intelerad en temps r\u00e9el, mobile, s\u00e9curis\u00e9e et pr\u00eate pour la radiologie moderne.","robots":{"index":"index","follow":"follow","max-snippet":"max-snippet:-1","max-image-preview":"max-image-preview:large","max-video-preview":"max-video-preview:-1"},"canonical":"https:\/\/www.intelerad.com\/fr\/tous-les-produits\/intelescreen\/","og_locale":"fr_FR","og_type":"article","og_title":"InteleScreen","og_description":"InteleScreen : visionneuse d\u2019images Intelerad en temps r\u00e9el, mobile, s\u00e9curis\u00e9e et pr\u00eate pour la radiologie moderne.","og_url":"https:\/\/www.intelerad.com\/fr\/tous-les-produits\/intelescreen\/","og_site_name":"Les syst\u00e8mes m\u00e9dicaux Intelerad","article_publisher":"https:\/\/facebook.com\/intelerad","article_modified_time":"2025-08-07T20:55:43+00:00","twitter_misc":{"Dur\u00e9e de lecture estim\u00e9e":"4 minutes"},"schema":{"@context":"https:\/\/schema.org","@graph":[{"@type":"WebPage","@id":"https:\/\/www.intelerad.com\/fr\/tous-les-produits\/intelescreen\/","url":"https:\/\/www.intelerad.com\/fr\/tous-les-produits\/intelescreen\/","name":"InteleScreen | Les syst\u00e8mes m\u00e9dicaux Intelerad","isPartOf":{"@id":"https:\/\/www.intelerad.com\/fr\/#website"},"primaryImageOfPage":{"@id":"https:\/\/www.intelerad.com\/fr\/tous-les-produits\/intelescreen\/#primaryimage"},"image":{"@id":"https:\/\/www.intelerad.com\/fr\/tous-les-produits\/intelescreen\/#primaryimage"},"thumbnailUrl":"","datePublished":"2024-04-01T21:42:16+00:00","dateModified":"2025-08-07T20:55:43+00:00","description":"InteleScreen : visionneuse d\u2019images Intelerad en temps r\u00e9el, mobile, s\u00e9curis\u00e9e et pr\u00eate pour la radiologie moderne.","breadcrumb":{"@id":"https:\/\/www.intelerad.com\/fr\/tous-les-produits\/intelescreen\/#breadcrumb"},"inLanguage":"fr-FR","potentialAction":[{"@type":"ReadAction","target":["https:\/\/www.intelerad.com\/fr\/tous-les-produits\/intelescreen\/"]}]},{"@type":"ImageObject","inLanguage":"fr-FR","@id":"https:\/\/www.intelerad.com\/fr\/tous-les-produits\/intelescreen\/#primaryimage","url":"","contentUrl":""},{"@type":"BreadcrumbList","@id":"https:\/\/www.intelerad.com\/fr\/tous-les-produits\/intelescreen\/#breadcrumb","itemListElement":[{"@type":"ListItem","position":1,"name":"Home","item":"https:\/\/www.intelerad.com\/fr\/"},{"@type":"ListItem","position":2,"name":"Tous les produits","item":"https:\/\/www.intelerad.com\/fr\/tous-les-produits\/"},{"@type":"ListItem","position":3,"name":"InteleScreen"}]},{"@type":"WebSite","@id":"https:\/\/www.intelerad.com\/fr\/#website","url":"https:\/\/www.intelerad.com\/fr\/","name":"Les syst\u00e8mes m\u00e9dicaux Intelerad","description":"","potentialAction":[{"@type":"SearchAction","target":{"@type":"EntryPoint","urlTemplate":"https:\/\/www.intelerad.com\/fr\/?s={search_term_string}"},"query-input":{"@type":"PropertyValueSpecification","valueRequired":true,"valueName":"search_term_string"}}],"inLanguage":"fr-FR"}]}},"_links":{"self":[{"href":"https:\/\/www.intelerad.com\/fr\/wp-json\/wp\/v2\/pages\/15049","targetHints":{"allow":["GET"]}}],"collection":[{"href":"https:\/\/www.intelerad.com\/fr\/wp-json\/wp\/v2\/pages"}],"about":[{"href":"https:\/\/www.intelerad.com\/fr\/wp-json\/wp\/v2\/types\/page"}],"author":[{"embeddable":true,"href":"https:\/\/www.intelerad.com\/fr\/wp-json\/wp\/v2\/users\/18"}],"replies":[{"embeddable":true,"href":"https:\/\/www.intelerad.com\/fr\/wp-json\/wp\/v2\/comments?post=15049"}],"version-history":[{"count":0,"href":"https:\/\/www.intelerad.com\/fr\/wp-json\/wp\/v2\/pages\/15049\/revisions"}],"up":[{"embeddable":true,"href":"https:\/\/www.intelerad.com\/fr\/wp-json\/wp\/v2\/pages\/1071"}],"wp:featuredmedia":[{"embeddable":true,"href":"https:\/\/www.intelerad.com\/fr\/wp-json\/"}],"wp:attachment":[{"href":"https:\/\/www.intelerad.com\/fr\/wp-json\/wp\/v2\/media?parent=15049"}],"curies":[{"name":"wp","href":"https:\/\/api.w.org\/{rel}","templated":true}]}}