{"id":15041,"date":"2024-04-01T20:42:53","date_gmt":"2024-04-01T20:42:53","guid":{"rendered":"https:\/\/www.intelerad.com\/en\/?page_id=15041"},"modified":"2025-08-07T16:53:41","modified_gmt":"2025-08-07T20:53:41","slug":"intelearchive","status":"publish","type":"page","link":"https:\/\/www.intelerad.com\/fr\/tous-les-produits\/intelearchive\/","title":{"rendered":"InteleArchive"},"content":{"rendered":"\t\t<div data-elementor-type=\"wp-page\" data-elementor-id=\"15041\" class=\"elementor elementor-15041\" data-elementor-post-type=\"page\">\n\t\t\t\t<div class=\"elementor-element elementor-element-bda196b e-flex e-con-boxed e-con e-parent\" data-id=\"bda196b\" data-element_type=\"container\">\n\t\t\t\t\t<div class=\"e-con-inner\">\n\t\t\t\t<div class=\"elementor-element elementor-element-b70fdfe elementor-widget elementor-widget-intelerad-homepage-hero-widget\" data-id=\"b70fdfe\" data-element_type=\"widget\" data-widget_type=\"intelerad-homepage-hero-widget.default\">\n\t\t\t\t<div class=\"elementor-widget-container\">\n\t\t\t\t\t  <section>\n    <div class=\"pt-10 pb-16\">\n      <div class=\"container px-3 mx-auto\">\n                  <div class=\"flex flex-col-reverse gap-8 lg:flex-row lg:items-center\">\n            <div class=\"w-full py-8 lg:w-1\/2\">\n              <div class=\"bannerContent\">\n                                  <div class=\"flex flex-col gap-5 lg:flex-row lg:gap-0\">\n                    <div class=\"lg:max-w-[458px]\">\n                    <div class=\"flex items-center justify-center w-16 h-16 mb-5 rounded-full lg:w-20 lg:h-20 bg-primaryColor\">\n                      <img decoding=\"async\" class=\"!max-w-[55%]\" src=\"https:\/\/www.intelerad.com\/en\/wp-content\/uploads\/sites\/2\/2024\/04\/Icons-71.svg\" aria-hidden=\"true\">\n                    <\/div>\n                                          <h1 class=\"h1 lg:pr-7\">InteleArchive<\/h1>\n                                                              <div class=\"pt-6 prose\"><p>Assurez-vous que vos donn\u00e9es d'imagerie sont l\u00e0 lorsque vous en avez besoin avec l'archivage cloud d'InteleArchive pour le stockage \u00e0 long terme et la r\u00e9cup\u00e9ration d'urgence.<\/p><\/div>\n                                                              <div class=\"pt-6\">\n                        <a href=\"https:\/\/www.intelerad.com\/fr\/reservez-une-demo\/\" class=\"btn btnOutline btnLg\">R\u00e9servez une d\u00e9mo<\/a>\n                      <\/div>\n                                        <\/div>\n                  <\/div>\n                                  \n              <\/div>\n            <\/div>\n            <div class=\"w-full lg:w-1\/2\">\n                              <div class=\"bannerImgCol\">\n                  <img decoding=\"async\" class=\"hidden lg:block\" src=\"https:\/\/www.intelerad.com\/en\/wp-content\/uploads\/sites\/2\/2024\/04\/InteleArchive.png\" alt=\"A stylized digital workspace illustration featuring a laptop with a cloud icon on its screen, surrounded by floating interface elements including security icons, image placeholders, and a vase with a single flower, representing a modern, organized online work environment.\">\n                  <img decoding=\"async\" class=\"lg:hidden\" src=\"https:\/\/www.intelerad.com\/en\/wp-content\/uploads\/sites\/2\/2024\/04\/InteleArchive.png\" alt=\"A stylized digital workspace illustration featuring a laptop with a cloud icon on its screen, surrounded by floating interface elements including security icons, image placeholders, and a vase with a single flower, representing a modern, organized online work environment.\">\n                <\/div>\n                          <\/div>\n          <\/div>\n         \n      <\/div>\n    <\/div>\n  <\/section>\n\t\t\t\t\t<\/div>\n\t\t\t\t<\/div>\n\t\t\t\t\t<\/div>\n\t\t\t\t<\/div>\n\t\t<div class=\"elementor-element elementor-element-f6679a8 e-flex e-con-boxed e-con e-parent\" data-id=\"f6679a8\" data-element_type=\"container\">\n\t\t\t\t\t<div class=\"e-con-inner\">\n\t\t\t\t<div class=\"elementor-element elementor-element-7da6abd elementor-widget elementor-widget-intelerad-columned-text-widget\" data-id=\"7da6abd\" data-element_type=\"widget\" data-widget_type=\"intelerad-columned-text-widget.default\">\n\t\t\t\t<div class=\"elementor-widget-container\">\n\t\t\t\t\t  <section>\n    <div class=\"py-10 md:py-[70px]\">\n      <div class=\"container px-3 mx-auto\">\n        <h2 class=\"h1\">InteleArchive Avantages<\/h2>\n        <div class=\"grid gap-12 mt-12 sm:grid-cols-2 lg:grid-cols-4 xl:gap-16 lg:mt-14\">\n                      <div>\n              <h3>Tirez parti de la r\u00e9silience cloud<\/h3>\n              <div class=\"mt-5 !text-base prose\"><p>InteleArchive grandit avec vous, offrant des solutions de stockage \u00e9volutives \u00e0 long terme qui \u00e9voluent au m\u00eame rythme que votre organisation, ainsi qu'un potentiel de croissance et des performances in\u00e9gal\u00e9s pour votre infrastructure d'imagerie la plus r\u00e9active de tous les temps.<\/p><\/div>\n            <\/div>\n                      <div>\n              <h3>Automatiser la gestion des images<\/h3>\n              <div class=\"mt-5 !text-base prose\"><p>Des fonctionnalit\u00e9s telles que la gestion du cycle de vie des images et la gestion des modifications des objets d'image garantissent une utilisation efficace du stockage ainsi que la coh\u00e9rence et la pr\u00e9cision entre les syst\u00e8mes, ce qui vous permet de vous concentrer sur les soins aux patients.<\/p><\/div>\n            <\/div>\n                      <div>\n              <h3>S\u00e9curisez votre avenir<\/h3>\n              <div class=\"mt-5 !text-base prose\"><p>Des services de reprise apr\u00e8s sinistre fiables et immuables vous assureront une tranquillit\u00e9 d'esprit bas\u00e9e sur le cloud avec des donn\u00e9es d'imagerie qui sont toujours prot\u00e9g\u00e9es et disponibles pour la restauration PACS lorsque vous en avez le plus besoin.<\/p><\/div>\n            <\/div>\n                      <div>\n              <h3>Entretien de l'entreposage non int\u00e9gr\u00e9<\/h3>\n              <div class=\"mt-5 !text-base prose\"><p>Laissez-nous g\u00e9rer votre stockage d'imagerie, votre entretien, votre maintenance et votre s\u00e9curit\u00e9 afin que vous puissiez vous concentrer \u00e0 nouveau sur ce qui compte le plus : vos patients.<\/p><\/div>\n            <\/div>\n                  <\/div>\n      <\/div>\n    <\/div>\n  <\/section>\n\t\t\t\t\t<\/div>\n\t\t\t\t<\/div>\n\t\t\t\t\t<\/div>\n\t\t\t\t<\/div>\n\t\t<div class=\"elementor-element elementor-element-d137ee2 e-flex e-con-boxed e-con e-parent\" data-id=\"d137ee2\" data-element_type=\"container\">\n\t\t\t\t\t<div class=\"e-con-inner\">\n\t\t\t\t<div class=\"elementor-element elementor-element-a4205f4 elementor-widget elementor-widget-intelerad-featured-tabs-widget\" data-id=\"a4205f4\" data-element_type=\"widget\" data-widget_type=\"intelerad-featured-tabs-widget.default\">\n\t\t\t\t<div class=\"elementor-widget-container\">\n\t\t\t\t\t  <section>\n    <div class=\"py-10 md:py-[70px]\">\n      <div class=\"container px-3 mx-auto\">\n        <div class=\"mb-6 md:mb-14\">\n          <h2 class=\"h1\">Fonctionnalit\u00e9s par Suite <\/h2>\n        <\/div>\n        <div class=\"ts1Section\">\n          <div class=\"tabStyle1 w-[calc(100%+22px)] lg:w-auto !rounded-tr-none !rounded-br-none md:!rounded-tr-[6px] md:!rounded-br-[6px]\">\n            <ul>\n                              <li><button class=\"ts1Trigger active\" data-tab=\"tab-0\">Suite Entreprise<\/button><\/li>\n                              <li><button class=\"ts1Trigger \" data-tab=\"tab-1\">Suite de radiologie<\/button><\/li>\n                          <\/ul>\n          <\/div>\n          <div class=\"mt-6 ts1ContentBody lg:mt-10 xl:mt-14 \">\n                          <div class=\"ts1Content active\" id=\"tab-0\">\n                <div class=\"grid grid-cols-1 gap-4 md:grid-cols-2 md:gap-5 lg:gap-7\">\n                                      <div class=\"cardStyle3 !bg-lightBg2\">\n                      <div class=\"cs3ContentCol\">\n                        <h4>R\u00e9cup\u00e9ration d'urgence<\/h4>\n                        <div class=\"mt-3\"><p>Garantissez la protection de vos donn\u00e9es d'imagerie gr\u00e2ce \u00e0 la reprise apr\u00e8s sinistre bas\u00e9e sur le cloud, pr\u00eate \u00e0 remettre votre organisation en service dans les heures qui suivent un incident de cybers\u00e9curit\u00e9 ou une catastrophe naturelle.<\/p><\/div>\n                      <\/div>\n                    <\/div>\n                                      <div class=\"cardStyle3 !bg-lightBg2\">\n                      <div class=\"cs3ContentCol\">\n                        <h4>Gestion avanc\u00e9e des images<\/h4>\n                        <div class=\"mt-3\"><p>Les fonctionnalit\u00e9s sophistiqu\u00e9es de gestion du cycle de vie des images et de gestion des modifications des objets d'image mettent automatiquement \u00e0 jour et stockent des images dans votre \u00e9cosyst\u00e8me d'imagerie.<\/p><\/div>\n                      <\/div>\n                    <\/div>\n                                      <div class=\"cardStyle3 !bg-lightBg2\">\n                      <div class=\"cs3ContentCol\">\n                        <h4>Construit \u00e0 l'\u00e9chelle<\/h4>\n                        <div class=\"mt-3\"><p>Con\u00e7u pour l'avenir, InteleArchive fournit un environnement \u00e9volutif et s\u00e9curis\u00e9 pour vos donn\u00e9es d'imagerie, soutenant la croissance tout en prot\u00e9geant les informations sensibles.<\/p><\/div>\n                      <\/div>\n                    <\/div>\n                                  <\/div>\n              <\/div>\n                          <div class=\"ts1Content \" id=\"tab-1\">\n                <div class=\"grid grid-cols-1 gap-4 md:grid-cols-2 md:gap-5 lg:gap-7\">\n                                      <div class=\"cardStyle3 !bg-lightBg2\">\n                      <div class=\"cs3ContentCol\">\n                        <h4>R\u00e9cup\u00e9ration d'urgence<\/h4>\n                        <div class=\"mt-3\"><p>Pr\u00e9server efficacement les donn\u00e9es d'imagerie des patients gr\u00e2ce \u00e0 la reprise apr\u00e8s sinistre pour maintenir la continuit\u00e9 et la conformit\u00e9, m\u00eame dans des circonstances impr\u00e9vues.<\/p><\/div>\n                      <\/div>\n                    <\/div>\n                                      <div class=\"cardStyle3 !bg-lightBg2\">\n                      <div class=\"cs3ContentCol\">\n                        <h4>Maintentenence automatis\u00e9e des donn\u00e9es<\/h4>\n                        <div class=\"mt-3\"><p>Adoptez une approche non interventionn\u00e9e de la maintenance des donn\u00e9es afin que votre \u00e9quipe puisse se concentrer sur les t\u00e2ches strat\u00e9giques. InteleArchive fournit une maintenance des donn\u00e9es hautement efficace et automatis\u00e9e, optimisant ainsi l'espace d'archivage.<\/p><\/div>\n                      <\/div>\n                    <\/div>\n                                      <div class=\"cardStyle3 !bg-lightBg2\">\n                      <div class=\"cs3ContentCol\">\n                        <h4>Services g\u00e9r\u00e9s<\/h4>\n                        <div class=\"mt-3\"><p>Le stockage cloud et la gestion des donn\u00e9es d'InteleArchive simplifient les responsabilit\u00e9s de traitement des donn\u00e9es de votre \u00e9quipe et \u00e9liminent les risques en cas de catastrophe.<\/p><\/div>\n                      <\/div>\n                    <\/div>\n                                  <\/div>\n              <\/div>\n                      <\/div>\n        <\/div>\n      <\/div>\n    <\/div>\n  <\/section>\n\t\t\t\t\t<\/div>\n\t\t\t\t<\/div>\n\t\t\t\t\t<\/div>\n\t\t\t\t<\/div>\n\t\t<div class=\"elementor-element elementor-element-4debff4 e-flex e-con-boxed e-con e-parent\" data-id=\"4debff4\" data-element_type=\"container\">\n\t\t\t\t\t<div class=\"e-con-inner\">\n\t\t\t\t<div class=\"elementor-element elementor-element-c0d7678 elementor-widget elementor-widget-intelerad-three-columned-content-widget\" data-id=\"c0d7678\" data-element_type=\"widget\" data-widget_type=\"intelerad-three-columned-content-widget.default\">\n\t\t\t\t<div class=\"elementor-widget-container\">\n\t\t\t\t\t  <section>\n    <div class=\"py-10 md:py-[70px]\">\n              <div class=\"container px-3 mx-auto\">\n          <h2 class=\"h1  \">Produits Associ\u00e9s<\/h2>  \n                    <div\n            class=\"grid grid-cols-1 gap-5 pt-6 md:grid-cols-2 lg:grid-cols-3 lg:pt-10 xl:pt-16\"\n          >\n                          \n              <a href=\"https:\/\/www.intelerad.com\/fr\/tous-les-produits\/inteleshare-vna\/\" class=\"cardStyle3 !bg-primaryColor hover:!bg-[rgba(61,6,26,0.80)] !text-white\">\n                <div class=\"cs3IconCol !bg-offWhite\">\n                  <img decoding=\"async\" src=\"https:\/\/www.intelerad.com\/en\/wp-content\/uploads\/sites\/2\/2024\/04\/Icons-92-3.svg\" alt=\"\">\n                <\/div>\n                <div class=\"cs3ContentCol\">\n                  <h4>InteleShare VNA<\/h4>\n                  <div class=\"pt-3 prose !text-white\"><p>Centralisez les donn\u00e9es dans une archive flexible, \u00e9volutive, bas\u00e9e sur le cloud et riche en fonctionnalit\u00e9s.<\/p><\/div>\n                  <div class=\"pt-3\">\n                    <div href=\"Array\" class=\"arrowLink white\">See More<\/div>\n                  <\/div>\n                <\/div>\n              <\/a>\n                          \n              <a href=\"https:\/\/www.intelerad.com\/fr\/tous-les-produits\/intelepacs\/\" class=\"cardStyle3 !bg-primaryColor hover:!bg-[rgba(61,6,26,0.80)] !text-white\">\n                <div class=\"cs3IconCol !bg-offWhite\">\n                  <img decoding=\"async\" src=\"https:\/\/www.intelerad.com\/en\/wp-content\/uploads\/sites\/2\/2024\/04\/Icons-86-3.svg\" alt=\"\">\n                <\/div>\n                <div class=\"cs3ContentCol\">\n                  <h4>IntelePACS<\/h4>\n                  <div class=\"pt-3 prose !text-white\"><p>Acc\u00e9dez aux images m\u00e9dicales et aux donn\u00e9es des patients \u00e0 tout moment, n'importe o\u00f9.<\/p><\/div>\n                  <div class=\"pt-3\">\n                    <div href=\"Array\" class=\"arrowLink white\">See More<\/div>\n                  <\/div>\n                <\/div>\n              <\/a>\n                          \n              <a href=\"https:\/\/www.intelerad.com\/fr\/tous-les-produits\/inteleorchestrator\/\" class=\"cardStyle3 !bg-primaryColor hover:!bg-[rgba(61,6,26,0.80)] !text-white\">\n                <div class=\"cs3IconCol !bg-offWhite\">\n                  <img decoding=\"async\" src=\"https:\/\/www.intelerad.com\/en\/wp-content\/uploads\/sites\/2\/2024\/04\/Icons-83-2.svg\" alt=\"\">\n                <\/div>\n                <div class=\"cs3ContentCol\">\n                  <h4>InteleOrchestrator<\/h4>\n                  <div class=\"pt-3 prose !text-white\"><p>G\u00e9rez tous les flux de travail d'imagerie dans votre entreprise.<\/p><\/div>\n                  <div class=\"pt-3\">\n                    <div href=\"Array\" class=\"arrowLink white\">See More<\/div>\n                  <\/div>\n                <\/div>\n              <\/a>\n                      <\/div>\n          <div class=\"flex justify-center mt-8\">\n                      <\/div>\n        <\/div>\n          <\/div>\n  <\/section>\n\t\t\t\t\t<\/div>\n\t\t\t\t<\/div>\n\t\t\t\t\t<\/div>\n\t\t\t\t<\/div>\n\t\t<div class=\"elementor-element elementor-element-2df7576 e-flex e-con-boxed e-con e-parent\" data-id=\"2df7576\" data-element_type=\"container\">\n\t\t\t\t\t<div class=\"e-con-inner\">\n\t\t\t\t<div class=\"elementor-element elementor-element-2b1297d elementor-widget elementor-widget-global elementor-global-15330 elementor-widget-intelerad-cta\" data-id=\"2b1297d\" data-element_type=\"widget\" data-widget_type=\"intelerad-cta.default\">\n\t\t\t\t<div class=\"elementor-widget-container\">\n\t\t\t\t\t          <section>\n        <div class=\"pt-10 md:py-[70px] pb-14\">\n          <div class=\"container px-0 pb-16 text-offWhite lg:pb-16 bg-primaryColor rounded-2xl\">\n            <div class=\"py-8 overflow-hidden text-center shapeCol lg:pb-12 lg:pt-16\">\n            <img decoding=\"async\"\n                  src=\"https:\/\/www.intelerad.com\/fr\/wp-content\/themes\/intelerad\/assets\/images\/vector-shape-light.svg\"\n                  alt=\"...\"\n                  class=\"object-cover w-full d-block !h-12 lg:!h-auto\"\n              \/>\n            <\/div>\n            <div class=\"px-3 mx-auto\">\n              <div class=\"mx-auto text-center\">\n                <h2 class=\"h1\">Pr\u00eat \u00e0 commencer?<\/h2>\n                <div class=\"pt-4 prose lg:pt-8 !max-w-[38rem] mx-auto text-offWhite\">\n                  <p>Nous connectons les professionnels de la sant\u00e9 et les informations sur l'imagerie afin que vous puissiez vous concentrer sur ce qui compte vraiment : les soins aux patients.<\/p>                <\/div>\n                <div class=\"flex justify-center mt-8\">\n                                      <a href=\"https:\/\/www.intelerad.com\/fr\/reservez-une-demo\/\" class=\"mr-4 btn btnWhite xl:mr-6\"\n                    >R\u00e9servez une d\u00e9mo<\/a>\n                                                      <a href=\"https:\/\/www.intelerad.com\/fr\/contactez-nous\/\" class=\"btn btnOutlineWhite\">Contactez-nous<\/a>\n                                  <\/div>\n              <\/div>\n            <\/div>\n          <\/div>\n        <\/div>\n      <\/section>\n    \t\t\t\t\t<\/div>\n\t\t\t\t<\/div>\n\t\t\t\t\t<\/div>\n\t\t\t\t<\/div>\n\t\t\t\t<\/div>\n\t\t","protected":false},"excerpt":{"rendered":"","protected":false},"author":18,"featured_media":14995,"parent":1071,"menu_order":5,"comment_status":"closed","ping_status":"closed","template":"","meta":{"_acf_changed":false,"footnotes":""},"class_list":["post-15041","page","type-page","status-publish","has-post-thumbnail","hentry"],"acf":[],"yoast_head":"<!-- This site is optimized with the Yoast SEO Premium plugin v26.2 (Yoast SEO v26.4) - https:\/\/yoast.com\/wordpress\/plugins\/seo\/ -->\n<title>InteleArchive | Les syst\u00e8mes m\u00e9dicaux Intelerad<\/title>\n<meta name=\"description\" content=\"InteleArchive : solution Intelerad de stockage PACS et archivage \u00e0 long terme pour une gestion fiable des images.\" \/>\n<meta name=\"robots\" content=\"index, follow, max-snippet:-1, max-image-preview:large, max-video-preview:-1\" \/>\n<link rel=\"canonical\" href=\"https:\/\/www.intelerad.com\/fr\/tous-les-produits\/intelearchive\/\" \/>\n<meta property=\"og:locale\" content=\"fr_FR\" \/>\n<meta property=\"og:type\" content=\"article\" \/>\n<meta property=\"og:title\" content=\"InteleArchive\" \/>\n<meta property=\"og:description\" content=\"InteleArchive : solution Intelerad de stockage PACS et archivage \u00e0 long terme pour une gestion fiable des images.\" \/>\n<meta property=\"og:url\" content=\"https:\/\/www.intelerad.com\/fr\/tous-les-produits\/intelearchive\/\" \/>\n<meta property=\"og:site_name\" content=\"Les syst\u00e8mes m\u00e9dicaux Intelerad\" \/>\n<meta property=\"article:publisher\" content=\"https:\/\/facebook.com\/intelerad\" \/>\n<meta property=\"article:modified_time\" content=\"2025-08-07T20:53:41+00:00\" \/>\n<meta name=\"twitter:label1\" content=\"Dur\u00e9e de lecture estim\u00e9e\" \/>\n\t<meta name=\"twitter:data1\" content=\"4 minutes\" \/>\n<script type=\"application\/ld+json\" class=\"yoast-schema-graph\">{\"@context\":\"https:\/\/schema.org\",\"@graph\":[{\"@type\":\"WebPage\",\"@id\":\"https:\/\/www.intelerad.com\/fr\/tous-les-produits\/intelearchive\/\",\"url\":\"https:\/\/www.intelerad.com\/fr\/tous-les-produits\/intelearchive\/\",\"name\":\"InteleArchive | Les syst\u00e8mes m\u00e9dicaux Intelerad\",\"isPartOf\":{\"@id\":\"https:\/\/www.intelerad.com\/fr\/#website\"},\"primaryImageOfPage\":{\"@id\":\"https:\/\/www.intelerad.com\/fr\/tous-les-produits\/intelearchive\/#primaryimage\"},\"image\":{\"@id\":\"https:\/\/www.intelerad.com\/fr\/tous-les-produits\/intelearchive\/#primaryimage\"},\"thumbnailUrl\":\"\",\"datePublished\":\"2024-04-01T20:42:53+00:00\",\"dateModified\":\"2025-08-07T20:53:41+00:00\",\"description\":\"InteleArchive : solution Intelerad de stockage PACS et archivage \u00e0 long terme pour une gestion fiable des images.\",\"breadcrumb\":{\"@id\":\"https:\/\/www.intelerad.com\/fr\/tous-les-produits\/intelearchive\/#breadcrumb\"},\"inLanguage\":\"fr-FR\",\"potentialAction\":[{\"@type\":\"ReadAction\",\"target\":[\"https:\/\/www.intelerad.com\/fr\/tous-les-produits\/intelearchive\/\"]}]},{\"@type\":\"ImageObject\",\"inLanguage\":\"fr-FR\",\"@id\":\"https:\/\/www.intelerad.com\/fr\/tous-les-produits\/intelearchive\/#primaryimage\",\"url\":\"\",\"contentUrl\":\"\"},{\"@type\":\"BreadcrumbList\",\"@id\":\"https:\/\/www.intelerad.com\/fr\/tous-les-produits\/intelearchive\/#breadcrumb\",\"itemListElement\":[{\"@type\":\"ListItem\",\"position\":1,\"name\":\"Home\",\"item\":\"https:\/\/www.intelerad.com\/fr\/\"},{\"@type\":\"ListItem\",\"position\":2,\"name\":\"Tous les produits\",\"item\":\"https:\/\/www.intelerad.com\/fr\/tous-les-produits\/\"},{\"@type\":\"ListItem\",\"position\":3,\"name\":\"InteleArchive\"}]},{\"@type\":\"WebSite\",\"@id\":\"https:\/\/www.intelerad.com\/fr\/#website\",\"url\":\"https:\/\/www.intelerad.com\/fr\/\",\"name\":\"Les syst\u00e8mes m\u00e9dicaux Intelerad\",\"description\":\"\",\"potentialAction\":[{\"@type\":\"SearchAction\",\"target\":{\"@type\":\"EntryPoint\",\"urlTemplate\":\"https:\/\/www.intelerad.com\/fr\/?s={search_term_string}\"},\"query-input\":{\"@type\":\"PropertyValueSpecification\",\"valueRequired\":true,\"valueName\":\"search_term_string\"}}],\"inLanguage\":\"fr-FR\"}]}<\/script>\n<!-- \/ Yoast SEO Premium plugin. -->","yoast_head_json":{"title":"InteleArchive | Les syst\u00e8mes m\u00e9dicaux Intelerad","description":"InteleArchive : solution Intelerad de stockage PACS et archivage \u00e0 long terme pour une gestion fiable des images.","robots":{"index":"index","follow":"follow","max-snippet":"max-snippet:-1","max-image-preview":"max-image-preview:large","max-video-preview":"max-video-preview:-1"},"canonical":"https:\/\/www.intelerad.com\/fr\/tous-les-produits\/intelearchive\/","og_locale":"fr_FR","og_type":"article","og_title":"InteleArchive","og_description":"InteleArchive : solution Intelerad de stockage PACS et archivage \u00e0 long terme pour une gestion fiable des images.","og_url":"https:\/\/www.intelerad.com\/fr\/tous-les-produits\/intelearchive\/","og_site_name":"Les syst\u00e8mes m\u00e9dicaux Intelerad","article_publisher":"https:\/\/facebook.com\/intelerad","article_modified_time":"2025-08-07T20:53:41+00:00","twitter_misc":{"Dur\u00e9e de lecture estim\u00e9e":"4 minutes"},"schema":{"@context":"https:\/\/schema.org","@graph":[{"@type":"WebPage","@id":"https:\/\/www.intelerad.com\/fr\/tous-les-produits\/intelearchive\/","url":"https:\/\/www.intelerad.com\/fr\/tous-les-produits\/intelearchive\/","name":"InteleArchive | Les syst\u00e8mes m\u00e9dicaux Intelerad","isPartOf":{"@id":"https:\/\/www.intelerad.com\/fr\/#website"},"primaryImageOfPage":{"@id":"https:\/\/www.intelerad.com\/fr\/tous-les-produits\/intelearchive\/#primaryimage"},"image":{"@id":"https:\/\/www.intelerad.com\/fr\/tous-les-produits\/intelearchive\/#primaryimage"},"thumbnailUrl":"","datePublished":"2024-04-01T20:42:53+00:00","dateModified":"2025-08-07T20:53:41+00:00","description":"InteleArchive : solution Intelerad de stockage PACS et archivage \u00e0 long terme pour une gestion fiable des images.","breadcrumb":{"@id":"https:\/\/www.intelerad.com\/fr\/tous-les-produits\/intelearchive\/#breadcrumb"},"inLanguage":"fr-FR","potentialAction":[{"@type":"ReadAction","target":["https:\/\/www.intelerad.com\/fr\/tous-les-produits\/intelearchive\/"]}]},{"@type":"ImageObject","inLanguage":"fr-FR","@id":"https:\/\/www.intelerad.com\/fr\/tous-les-produits\/intelearchive\/#primaryimage","url":"","contentUrl":""},{"@type":"BreadcrumbList","@id":"https:\/\/www.intelerad.com\/fr\/tous-les-produits\/intelearchive\/#breadcrumb","itemListElement":[{"@type":"ListItem","position":1,"name":"Home","item":"https:\/\/www.intelerad.com\/fr\/"},{"@type":"ListItem","position":2,"name":"Tous les produits","item":"https:\/\/www.intelerad.com\/fr\/tous-les-produits\/"},{"@type":"ListItem","position":3,"name":"InteleArchive"}]},{"@type":"WebSite","@id":"https:\/\/www.intelerad.com\/fr\/#website","url":"https:\/\/www.intelerad.com\/fr\/","name":"Les syst\u00e8mes m\u00e9dicaux Intelerad","description":"","potentialAction":[{"@type":"SearchAction","target":{"@type":"EntryPoint","urlTemplate":"https:\/\/www.intelerad.com\/fr\/?s={search_term_string}"},"query-input":{"@type":"PropertyValueSpecification","valueRequired":true,"valueName":"search_term_string"}}],"inLanguage":"fr-FR"}]}},"_links":{"self":[{"href":"https:\/\/www.intelerad.com\/fr\/wp-json\/wp\/v2\/pages\/15041","targetHints":{"allow":["GET"]}}],"collection":[{"href":"https:\/\/www.intelerad.com\/fr\/wp-json\/wp\/v2\/pages"}],"about":[{"href":"https:\/\/www.intelerad.com\/fr\/wp-json\/wp\/v2\/types\/page"}],"author":[{"embeddable":true,"href":"https:\/\/www.intelerad.com\/fr\/wp-json\/wp\/v2\/users\/18"}],"replies":[{"embeddable":true,"href":"https:\/\/www.intelerad.com\/fr\/wp-json\/wp\/v2\/comments?post=15041"}],"version-history":[{"count":0,"href":"https:\/\/www.intelerad.com\/fr\/wp-json\/wp\/v2\/pages\/15041\/revisions"}],"up":[{"embeddable":true,"href":"https:\/\/www.intelerad.com\/fr\/wp-json\/wp\/v2\/pages\/1071"}],"wp:featuredmedia":[{"embeddable":true,"href":"https:\/\/www.intelerad.com\/fr\/wp-json\/"}],"wp:attachment":[{"href":"https:\/\/www.intelerad.com\/fr\/wp-json\/wp\/v2\/media?parent=15041"}],"curies":[{"name":"wp","href":"https:\/\/api.w.org\/{rel}","templated":true}]}}