{"id":15027,"date":"2024-04-01T18:40:47","date_gmt":"2024-04-01T18:40:47","guid":{"rendered":"https:\/\/www.intelerad.com\/en\/?page_id=15027"},"modified":"2025-08-07T16:53:17","modified_gmt":"2025-08-07T20:53:17","slug":"enterprise-viewer","status":"publish","type":"page","link":"https:\/\/www.intelerad.com\/fr\/tous-les-produits\/enterprise-viewer\/","title":{"rendered":"Enterprise Viewer"},"content":{"rendered":"\t\t<div data-elementor-type=\"wp-page\" data-elementor-id=\"15027\" class=\"elementor elementor-15027\" data-elementor-post-type=\"page\">\n\t\t\t\t<div class=\"elementor-element elementor-element-bda196b e-flex e-con-boxed e-con e-parent\" data-id=\"bda196b\" data-element_type=\"container\">\n\t\t\t\t\t<div class=\"e-con-inner\">\n\t\t\t\t<div class=\"elementor-element elementor-element-b70fdfe elementor-widget elementor-widget-intelerad-homepage-hero-widget\" data-id=\"b70fdfe\" data-element_type=\"widget\" data-widget_type=\"intelerad-homepage-hero-widget.default\">\n\t\t\t\t<div class=\"elementor-widget-container\">\n\t\t\t\t\t  <section>\n    <div class=\"pt-10 pb-16\">\n      <div class=\"container px-3 mx-auto\">\n                  <div class=\"flex flex-col-reverse gap-8 lg:flex-row lg:items-center\">\n            <div class=\"w-full py-8 lg:w-1\/2\">\n              <div class=\"bannerContent\">\n                                  <div class=\"flex flex-col gap-5 lg:flex-row lg:gap-0\">\n                    <div class=\"lg:max-w-[458px]\">\n                    <div class=\"flex items-center justify-center w-16 h-16 mb-5 rounded-full lg:w-20 lg:h-20 bg-primaryColor\">\n                      <img decoding=\"async\" class=\"!max-w-[55%]\" src=\"https:\/\/www.intelerad.com\/en\/wp-content\/uploads\/sites\/2\/2024\/04\/Icons-61.svg\" aria-hidden=\"true\">\n                    <\/div>\n                                          <h1 class=\"h1 lg:pr-7\">Enterprise Viewer<\/h1>\n                                                              <div class=\"pt-6 prose\"><p>Fournissez un acc\u00e8s transparent aux images des patients stock\u00e9es dans l'\u00e9cosyst\u00e8me d'imagerie avec une visionneuse d'entreprise bas\u00e9e sur le cloud, sans encombrement et hautement \u00e9volutive.<\/p><\/div>\n                                                              <div class=\"pt-6\">\n                        <a href=\"https:\/\/www.intelerad.com\/fr\/reservez-une-demo\/\" class=\"btn btnOutline btnLg\">R\u00e9servez une d\u00e9mo<\/a>\n                      <\/div>\n                                        <\/div>\n                  <\/div>\n                                  \n              <\/div>\n            <\/div>\n            <div class=\"w-full lg:w-1\/2\">\n                              <div class=\"bannerImgCol\">\n                  <img decoding=\"async\" class=\"hidden lg:block\" src=\"https:\/\/www.intelerad.com\/en\/wp-content\/uploads\/sites\/2\/2024\/04\/Enterprise-Viewer.png\" alt=\"A healthcare professional reviews a patient's dental x-ray on a tablet, with a cup of coffee and paperwork on the table.\">\n                  <img decoding=\"async\" class=\"lg:hidden\" src=\"https:\/\/www.intelerad.com\/en\/wp-content\/uploads\/sites\/2\/2024\/04\/Enterprise-Viewer.png\" alt=\"A healthcare professional reviews a patient's dental x-ray on a tablet, with a cup of coffee and paperwork on the table.\">\n                <\/div>\n                          <\/div>\n          <\/div>\n         \n      <\/div>\n    <\/div>\n  <\/section>\n\t\t\t\t\t<\/div>\n\t\t\t\t<\/div>\n\t\t\t\t\t<\/div>\n\t\t\t\t<\/div>\n\t\t<div class=\"elementor-element elementor-element-f6679a8 e-flex e-con-boxed e-con e-parent\" data-id=\"f6679a8\" data-element_type=\"container\">\n\t\t\t\t\t<div class=\"e-con-inner\">\n\t\t\t\t<div class=\"elementor-element elementor-element-7da6abd elementor-widget elementor-widget-intelerad-columned-text-widget\" data-id=\"7da6abd\" data-element_type=\"widget\" data-widget_type=\"intelerad-columned-text-widget.default\">\n\t\t\t\t<div class=\"elementor-widget-container\">\n\t\t\t\t\t  <section>\n    <div class=\"py-10 md:py-[70px]\">\n      <div class=\"container px-3 mx-auto\">\n        <h2 class=\"h1\">Enterprise Viewer Avantages<\/h2>\n        <div class=\"grid gap-12 mt-12 sm:grid-cols-2 lg:grid-cols-4 xl:gap-16 lg:mt-14\">\n                      <div>\n              <h3>Fournir un acc\u00e8s universel<\/h3>\n              <div class=\"mt-5 !text-base prose\"><p>Fournit un acc\u00e8s transparent \u00e0 toutes les images des patients dans plusieurs sp\u00e9cialit\u00e9s et syst\u00e8mes, rationalisant ainsi les flux de travail des cliniciens.<\/p><\/div>\n            <\/div>\n                      <div>\n              <h3>Assurer la s\u00e9curit\u00e9<\/h3>\n              <div class=\"mt-5 !text-base prose\"><p>Offre une haute s\u00e9curit\u00e9 avec une solution Web \u00e0 encombrement nul qui ne laisse aucune donn\u00e9e sur les patients sur les appareils apr\u00e8s utilisation.<\/p><\/div>\n            <\/div>\n                      <div>\n              <h3>Faciliter la collaboration<\/h3>\n              <div class=\"mt-5 !text-base prose\"><p>Facilite la collaboration interentreprises entre diverses sp\u00e9cialit\u00e9s, permettant des consultations \u00e0 distance et des soins aux patients efficaces.<\/p><\/div>\n            <\/div>\n                      <div>\n              <h3>Offrir des performances rapides<\/h3>\n              <div class=\"mt-5 !text-base prose\"><p>Garantit un acc\u00e8s rapide aux images de qualit\u00e9 diagnostique, am\u00e9liorant ainsi les performances, quel que soit l'emplacement ou la bande passante.<\/p><\/div>\n            <\/div>\n                  <\/div>\n      <\/div>\n    <\/div>\n  <\/section>\n\t\t\t\t\t<\/div>\n\t\t\t\t<\/div>\n\t\t\t\t\t<\/div>\n\t\t\t\t<\/div>\n\t\t<div class=\"elementor-element elementor-element-d137ee2 e-flex e-con-boxed e-con e-parent\" data-id=\"d137ee2\" data-element_type=\"container\">\n\t\t\t\t\t<div class=\"e-con-inner\">\n\t\t\t\t<div class=\"elementor-element elementor-element-a4205f4 elementor-widget elementor-widget-intelerad-featured-tabs-widget\" data-id=\"a4205f4\" data-element_type=\"widget\" data-widget_type=\"intelerad-featured-tabs-widget.default\">\n\t\t\t\t<div class=\"elementor-widget-container\">\n\t\t\t\t\t  <section>\n    <div class=\"py-10 md:py-[70px]\">\n      <div class=\"container px-3 mx-auto\">\n        <div class=\"mb-6 md:mb-14\">\n          <h2 class=\"h1\">Fonctionnalit\u00e9s par Suite <\/h2>\n        <\/div>\n        <div class=\"ts1Section\">\n          <div class=\"tabStyle1 w-[calc(100%+22px)] lg:w-auto !rounded-tr-none !rounded-br-none md:!rounded-tr-[6px] md:!rounded-br-[6px]\">\n            <ul>\n                              <li><button class=\"ts1Trigger active\" data-tab=\"tab-0\">Suite Entreprise<\/button><\/li>\n                          <\/ul>\n          <\/div>\n          <div class=\"mt-6 ts1ContentBody lg:mt-10 xl:mt-14 \">\n                          <div class=\"ts1Content active\" id=\"tab-0\">\n                <div class=\"grid grid-cols-1 gap-4 md:grid-cols-2 md:gap-5 lg:gap-7\">\n                                      <div class=\"cardStyle3 !bg-lightBg2\">\n                      <div class=\"cs3ContentCol\">\n                        <h4>Cloud-Based Viewer <\/h4>\n                        <div class=\"mt-3\"><p>Acc\u00e9dez et partagez facilement des images m\u00e9dicales de qualit\u00e9 diagnostique directement \u00e0 partir de votre navigateur Web \u00e0 tout moment, sans avoir besoin de formation avanc\u00e9e ou de t\u00e9l\u00e9chargement d'images.<\/p><\/div>\n                      <\/div>\n                    <\/div>\n                                      <div class=\"cardStyle3 !bg-lightBg2\">\n                      <div class=\"cs3ContentCol\">\n                        <h4>Outils collaboratifs<\/h4>\n                        <div class=\"mt-3\"><p>Collaborer et partager des images avec des sp\u00e9cialistes et des m\u00e9decins traitants \u00e0 l'aide de la messagerie instantan\u00e9e et des notifications s\u00e9curis\u00e9es, y compris les r\u00e9sultats critiques et accessoires.<\/p><\/div>\n                      <\/div>\n                    <\/div>\n                                  <\/div>\n              <\/div>\n                      <\/div>\n        <\/div>\n      <\/div>\n    <\/div>\n  <\/section>\n\t\t\t\t\t<\/div>\n\t\t\t\t<\/div>\n\t\t\t\t\t<\/div>\n\t\t\t\t<\/div>\n\t\t<div class=\"elementor-element elementor-element-4debff4 e-flex e-con-boxed e-con e-parent\" data-id=\"4debff4\" data-element_type=\"container\">\n\t\t\t\t\t<div class=\"e-con-inner\">\n\t\t\t\t<div class=\"elementor-element elementor-element-c0d7678 elementor-widget elementor-widget-intelerad-three-columned-content-widget\" data-id=\"c0d7678\" data-element_type=\"widget\" data-widget_type=\"intelerad-three-columned-content-widget.default\">\n\t\t\t\t<div class=\"elementor-widget-container\">\n\t\t\t\t\t  <section>\n    <div class=\"py-10 md:py-[70px]\">\n              <div class=\"container px-3 mx-auto\">\n          <h2 class=\"h1  \">Produits Associ\u00e9s<\/h2>  \n                    <div\n            class=\"grid grid-cols-1 gap-5 pt-6 md:grid-cols-2 lg:grid-cols-3 lg:pt-10 xl:pt-16\"\n          >\n                          \n              <a href=\"https:\/\/www.intelerad.com\/fr\/tous-les-produits\/inteleorchestrator\/\" class=\"cardStyle3 !bg-primaryColor hover:!bg-[rgba(61,6,26,0.80)] !text-white\">\n                <div class=\"cs3IconCol !bg-offWhite\">\n                  <img decoding=\"async\" src=\"https:\/\/www.intelerad.com\/en\/wp-content\/uploads\/sites\/2\/2024\/04\/Icons-83-2.svg\" alt=\"\">\n                <\/div>\n                <div class=\"cs3ContentCol\">\n                  <h4>InteleOrchestrator<\/h4>\n                  <div class=\"pt-3 prose !text-white\"><p>Visualisez la bonne \u00e9tude au bon moment, sans tracas.<\/p><\/div>\n                  <div class=\"pt-3\">\n                    <div href=\"Array\" class=\"arrowLink white\">See More<\/div>\n                  <\/div>\n                <\/div>\n              <\/a>\n                          \n              <a href=\"https:\/\/www.intelerad.com\/fr\/tous-les-produits\/intelepacs\/\" class=\"cardStyle3 !bg-primaryColor hover:!bg-[rgba(61,6,26,0.80)] !text-white\">\n                <div class=\"cs3IconCol !bg-offWhite\">\n                  <img decoding=\"async\" src=\"https:\/\/www.intelerad.com\/en\/wp-content\/uploads\/sites\/2\/2024\/04\/Icons-86-3.svg\" alt=\"\">\n                <\/div>\n                <div class=\"cs3ContentCol\">\n                  <h4>IntelePACS<\/h4>\n                  <div class=\"pt-3 prose !text-white\"><p>Acc\u00e9dez aux images m\u00e9dicales et aux donn\u00e9es des patients \u00e0 tout moment, n'importe o\u00f9.<\/p><\/div>\n                  <div class=\"pt-3\">\n                    <div href=\"Array\" class=\"arrowLink white\">See More<\/div>\n                  <\/div>\n                <\/div>\n              <\/a>\n                          \n              <a href=\"https:\/\/www.intelerad.com\/fr\/tous-les-produits\/inteleshare-vna\/\" class=\"cardStyle3 !bg-primaryColor hover:!bg-[rgba(61,6,26,0.80)] !text-white\">\n                <div class=\"cs3IconCol !bg-offWhite\">\n                  <img decoding=\"async\" src=\"https:\/\/www.intelerad.com\/en\/wp-content\/uploads\/sites\/2\/2024\/04\/Icons-92-3.svg\" alt=\"\">\n                <\/div>\n                <div class=\"cs3ContentCol\">\n                  <h4>InteleShare VNA<\/h4>\n                  <div class=\"pt-3 prose !text-white\"><p>Centralisez les donn\u00e9es dans une archive flexible, \u00e9volutive, neutre par rapport aux fournisseurs et riche en fonctionnalit\u00e9s.<\/p><\/div>\n                  <div class=\"pt-3\">\n                    <div href=\"Array\" class=\"arrowLink white\">See More<\/div>\n                  <\/div>\n                <\/div>\n              <\/a>\n                      <\/div>\n          <div class=\"flex justify-center mt-8\">\n                      <\/div>\n        <\/div>\n          <\/div>\n  <\/section>\n\t\t\t\t\t<\/div>\n\t\t\t\t<\/div>\n\t\t\t\t\t<\/div>\n\t\t\t\t<\/div>\n\t\t<div class=\"elementor-element elementor-element-2df7576 e-flex e-con-boxed e-con e-parent\" data-id=\"2df7576\" data-element_type=\"container\">\n\t\t\t\t\t<div class=\"e-con-inner\">\n\t\t\t\t<div class=\"elementor-element elementor-element-4a99209 elementor-widget elementor-widget-global elementor-global-15330 elementor-widget-intelerad-cta\" data-id=\"4a99209\" data-element_type=\"widget\" data-widget_type=\"intelerad-cta.default\">\n\t\t\t\t<div class=\"elementor-widget-container\">\n\t\t\t\t\t          <section>\n        <div class=\"pt-10 md:py-[70px] pb-14\">\n          <div class=\"container px-0 pb-16 text-offWhite lg:pb-16 bg-primaryColor rounded-2xl\">\n            <div class=\"py-8 overflow-hidden text-center shapeCol lg:pb-12 lg:pt-16\">\n            <img decoding=\"async\"\n                  src=\"https:\/\/www.intelerad.com\/fr\/wp-content\/themes\/intelerad\/assets\/images\/vector-shape-light.svg\"\n                  alt=\"...\"\n                  class=\"object-cover w-full d-block !h-12 lg:!h-auto\"\n              \/>\n            <\/div>\n            <div class=\"px-3 mx-auto\">\n              <div class=\"mx-auto text-center\">\n                <h2 class=\"h1\">Pr\u00eat \u00e0 commencer?<\/h2>\n                <div class=\"pt-4 prose lg:pt-8 !max-w-[38rem] mx-auto text-offWhite\">\n                  <p>Nous connectons les professionnels de la sant\u00e9 et les informations sur l'imagerie afin que vous puissiez vous concentrer sur ce qui compte vraiment : les soins aux patients.<\/p>                <\/div>\n                <div class=\"flex justify-center mt-8\">\n                                      <a href=\"https:\/\/www.intelerad.com\/fr\/reservez-une-demo\/\" class=\"mr-4 btn btnWhite xl:mr-6\"\n                    >R\u00e9servez une d\u00e9mo<\/a>\n                                                      <a href=\"https:\/\/www.intelerad.com\/fr\/contactez-nous\/\" class=\"btn btnOutlineWhite\">Contactez-nous<\/a>\n                                  <\/div>\n              <\/div>\n            <\/div>\n          <\/div>\n        <\/div>\n      <\/section>\n    \t\t\t\t\t<\/div>\n\t\t\t\t<\/div>\n\t\t\t\t\t<\/div>\n\t\t\t\t<\/div>\n\t\t\t\t<\/div>\n\t\t","protected":false},"excerpt":{"rendered":"","protected":false},"author":18,"featured_media":14990,"parent":1071,"menu_order":8,"comment_status":"closed","ping_status":"closed","template":"","meta":{"_acf_changed":false,"footnotes":""},"class_list":["post-15027","page","type-page","status-publish","has-post-thumbnail","hentry"],"acf":[],"yoast_head":"<!-- This site is optimized with the Yoast SEO Premium plugin v26.2 (Yoast SEO v26.4) - https:\/\/yoast.com\/wordpress\/plugins\/seo\/ -->\n<title>Enterprise Viewer | Les syst\u00e8mes m\u00e9dicaux Intelerad<\/title>\n<meta name=\"description\" content=\"Enterprise Viewer d\u2019Intelerad : visualisation d\u2019images s\u00e9curis\u00e9e et centralis\u00e9e, adapt\u00e9e aux environnements distribu\u00e9s.\" \/>\n<meta name=\"robots\" content=\"index, follow, max-snippet:-1, max-image-preview:large, max-video-preview:-1\" \/>\n<link rel=\"canonical\" href=\"https:\/\/www.intelerad.com\/fr\/tous-les-produits\/enterprise-viewer\/\" \/>\n<meta property=\"og:locale\" content=\"fr_FR\" \/>\n<meta property=\"og:type\" content=\"article\" \/>\n<meta property=\"og:title\" content=\"Enterprise Viewer\" \/>\n<meta property=\"og:description\" content=\"Enterprise Viewer d\u2019Intelerad : visualisation d\u2019images s\u00e9curis\u00e9e et centralis\u00e9e, adapt\u00e9e aux environnements distribu\u00e9s.\" \/>\n<meta property=\"og:url\" content=\"https:\/\/www.intelerad.com\/fr\/tous-les-produits\/enterprise-viewer\/\" \/>\n<meta property=\"og:site_name\" content=\"Les syst\u00e8mes m\u00e9dicaux Intelerad\" \/>\n<meta property=\"article:publisher\" content=\"https:\/\/facebook.com\/intelerad\" \/>\n<meta property=\"article:modified_time\" content=\"2025-08-07T20:53:17+00:00\" \/>\n<meta name=\"twitter:label1\" content=\"Dur\u00e9e de lecture estim\u00e9e\" \/>\n\t<meta name=\"twitter:data1\" content=\"3 minutes\" \/>\n<script type=\"application\/ld+json\" class=\"yoast-schema-graph\">{\"@context\":\"https:\/\/schema.org\",\"@graph\":[{\"@type\":\"WebPage\",\"@id\":\"https:\/\/www.intelerad.com\/fr\/tous-les-produits\/enterprise-viewer\/\",\"url\":\"https:\/\/www.intelerad.com\/fr\/tous-les-produits\/enterprise-viewer\/\",\"name\":\"Enterprise Viewer | Les syst\u00e8mes m\u00e9dicaux Intelerad\",\"isPartOf\":{\"@id\":\"https:\/\/www.intelerad.com\/fr\/#website\"},\"primaryImageOfPage\":{\"@id\":\"https:\/\/www.intelerad.com\/fr\/tous-les-produits\/enterprise-viewer\/#primaryimage\"},\"image\":{\"@id\":\"https:\/\/www.intelerad.com\/fr\/tous-les-produits\/enterprise-viewer\/#primaryimage\"},\"thumbnailUrl\":\"\",\"datePublished\":\"2024-04-01T18:40:47+00:00\",\"dateModified\":\"2025-08-07T20:53:17+00:00\",\"description\":\"Enterprise Viewer d\u2019Intelerad : visualisation d\u2019images s\u00e9curis\u00e9e et centralis\u00e9e, adapt\u00e9e aux environnements distribu\u00e9s.\",\"breadcrumb\":{\"@id\":\"https:\/\/www.intelerad.com\/fr\/tous-les-produits\/enterprise-viewer\/#breadcrumb\"},\"inLanguage\":\"fr-FR\",\"potentialAction\":[{\"@type\":\"ReadAction\",\"target\":[\"https:\/\/www.intelerad.com\/fr\/tous-les-produits\/enterprise-viewer\/\"]}]},{\"@type\":\"ImageObject\",\"inLanguage\":\"fr-FR\",\"@id\":\"https:\/\/www.intelerad.com\/fr\/tous-les-produits\/enterprise-viewer\/#primaryimage\",\"url\":\"\",\"contentUrl\":\"\"},{\"@type\":\"BreadcrumbList\",\"@id\":\"https:\/\/www.intelerad.com\/fr\/tous-les-produits\/enterprise-viewer\/#breadcrumb\",\"itemListElement\":[{\"@type\":\"ListItem\",\"position\":1,\"name\":\"Home\",\"item\":\"https:\/\/www.intelerad.com\/fr\/\"},{\"@type\":\"ListItem\",\"position\":2,\"name\":\"Tous les produits\",\"item\":\"https:\/\/www.intelerad.com\/fr\/tous-les-produits\/\"},{\"@type\":\"ListItem\",\"position\":3,\"name\":\"Enterprise Viewer\"}]},{\"@type\":\"WebSite\",\"@id\":\"https:\/\/www.intelerad.com\/fr\/#website\",\"url\":\"https:\/\/www.intelerad.com\/fr\/\",\"name\":\"Les syst\u00e8mes m\u00e9dicaux Intelerad\",\"description\":\"\",\"potentialAction\":[{\"@type\":\"SearchAction\",\"target\":{\"@type\":\"EntryPoint\",\"urlTemplate\":\"https:\/\/www.intelerad.com\/fr\/?s={search_term_string}\"},\"query-input\":{\"@type\":\"PropertyValueSpecification\",\"valueRequired\":true,\"valueName\":\"search_term_string\"}}],\"inLanguage\":\"fr-FR\"}]}<\/script>\n<!-- \/ Yoast SEO Premium plugin. -->","yoast_head_json":{"title":"Enterprise Viewer | Les syst\u00e8mes m\u00e9dicaux Intelerad","description":"Enterprise Viewer d\u2019Intelerad : visualisation d\u2019images s\u00e9curis\u00e9e et centralis\u00e9e, adapt\u00e9e aux environnements distribu\u00e9s.","robots":{"index":"index","follow":"follow","max-snippet":"max-snippet:-1","max-image-preview":"max-image-preview:large","max-video-preview":"max-video-preview:-1"},"canonical":"https:\/\/www.intelerad.com\/fr\/tous-les-produits\/enterprise-viewer\/","og_locale":"fr_FR","og_type":"article","og_title":"Enterprise Viewer","og_description":"Enterprise Viewer d\u2019Intelerad : visualisation d\u2019images s\u00e9curis\u00e9e et centralis\u00e9e, adapt\u00e9e aux environnements distribu\u00e9s.","og_url":"https:\/\/www.intelerad.com\/fr\/tous-les-produits\/enterprise-viewer\/","og_site_name":"Les syst\u00e8mes m\u00e9dicaux Intelerad","article_publisher":"https:\/\/facebook.com\/intelerad","article_modified_time":"2025-08-07T20:53:17+00:00","twitter_misc":{"Dur\u00e9e de lecture estim\u00e9e":"3 minutes"},"schema":{"@context":"https:\/\/schema.org","@graph":[{"@type":"WebPage","@id":"https:\/\/www.intelerad.com\/fr\/tous-les-produits\/enterprise-viewer\/","url":"https:\/\/www.intelerad.com\/fr\/tous-les-produits\/enterprise-viewer\/","name":"Enterprise Viewer | Les syst\u00e8mes m\u00e9dicaux Intelerad","isPartOf":{"@id":"https:\/\/www.intelerad.com\/fr\/#website"},"primaryImageOfPage":{"@id":"https:\/\/www.intelerad.com\/fr\/tous-les-produits\/enterprise-viewer\/#primaryimage"},"image":{"@id":"https:\/\/www.intelerad.com\/fr\/tous-les-produits\/enterprise-viewer\/#primaryimage"},"thumbnailUrl":"","datePublished":"2024-04-01T18:40:47+00:00","dateModified":"2025-08-07T20:53:17+00:00","description":"Enterprise Viewer d\u2019Intelerad : visualisation d\u2019images s\u00e9curis\u00e9e et centralis\u00e9e, adapt\u00e9e aux environnements distribu\u00e9s.","breadcrumb":{"@id":"https:\/\/www.intelerad.com\/fr\/tous-les-produits\/enterprise-viewer\/#breadcrumb"},"inLanguage":"fr-FR","potentialAction":[{"@type":"ReadAction","target":["https:\/\/www.intelerad.com\/fr\/tous-les-produits\/enterprise-viewer\/"]}]},{"@type":"ImageObject","inLanguage":"fr-FR","@id":"https:\/\/www.intelerad.com\/fr\/tous-les-produits\/enterprise-viewer\/#primaryimage","url":"","contentUrl":""},{"@type":"BreadcrumbList","@id":"https:\/\/www.intelerad.com\/fr\/tous-les-produits\/enterprise-viewer\/#breadcrumb","itemListElement":[{"@type":"ListItem","position":1,"name":"Home","item":"https:\/\/www.intelerad.com\/fr\/"},{"@type":"ListItem","position":2,"name":"Tous les produits","item":"https:\/\/www.intelerad.com\/fr\/tous-les-produits\/"},{"@type":"ListItem","position":3,"name":"Enterprise Viewer"}]},{"@type":"WebSite","@id":"https:\/\/www.intelerad.com\/fr\/#website","url":"https:\/\/www.intelerad.com\/fr\/","name":"Les syst\u00e8mes m\u00e9dicaux Intelerad","description":"","potentialAction":[{"@type":"SearchAction","target":{"@type":"EntryPoint","urlTemplate":"https:\/\/www.intelerad.com\/fr\/?s={search_term_string}"},"query-input":{"@type":"PropertyValueSpecification","valueRequired":true,"valueName":"search_term_string"}}],"inLanguage":"fr-FR"}]}},"_links":{"self":[{"href":"https:\/\/www.intelerad.com\/fr\/wp-json\/wp\/v2\/pages\/15027","targetHints":{"allow":["GET"]}}],"collection":[{"href":"https:\/\/www.intelerad.com\/fr\/wp-json\/wp\/v2\/pages"}],"about":[{"href":"https:\/\/www.intelerad.com\/fr\/wp-json\/wp\/v2\/types\/page"}],"author":[{"embeddable":true,"href":"https:\/\/www.intelerad.com\/fr\/wp-json\/wp\/v2\/users\/18"}],"replies":[{"embeddable":true,"href":"https:\/\/www.intelerad.com\/fr\/wp-json\/wp\/v2\/comments?post=15027"}],"version-history":[{"count":0,"href":"https:\/\/www.intelerad.com\/fr\/wp-json\/wp\/v2\/pages\/15027\/revisions"}],"up":[{"embeddable":true,"href":"https:\/\/www.intelerad.com\/fr\/wp-json\/wp\/v2\/pages\/1071"}],"wp:featuredmedia":[{"embeddable":true,"href":"https:\/\/www.intelerad.com\/fr\/wp-json\/"}],"wp:attachment":[{"href":"https:\/\/www.intelerad.com\/fr\/wp-json\/wp\/v2\/media?parent=15027"}],"curies":[{"name":"wp","href":"https:\/\/api.w.org\/{rel}","templated":true}]}}