{"id":14894,"date":"2024-03-25T17:57:40","date_gmt":"2024-03-25T17:57:40","guid":{"rendered":"https:\/\/www.intelerad.com\/en\/?page_id=14894"},"modified":"2025-08-07T16:54:41","modified_gmt":"2025-08-07T20:54:41","slug":"inteleorchestrator","status":"publish","type":"page","link":"https:\/\/www.intelerad.com\/fr\/tous-les-produits\/inteleorchestrator\/","title":{"rendered":"InteleOrchestrator"},"content":{"rendered":"\t\t<div data-elementor-type=\"wp-page\" data-elementor-id=\"14894\" class=\"elementor elementor-14894\" data-elementor-post-type=\"page\">\n\t\t\t\t<div class=\"elementor-element elementor-element-bda196b e-flex e-con-boxed e-con e-parent\" data-id=\"bda196b\" data-element_type=\"container\">\n\t\t\t\t\t<div class=\"e-con-inner\">\n\t\t\t\t<div class=\"elementor-element elementor-element-b70fdfe elementor-widget elementor-widget-intelerad-homepage-hero-widget\" data-id=\"b70fdfe\" data-element_type=\"widget\" data-widget_type=\"intelerad-homepage-hero-widget.default\">\n\t\t\t\t<div class=\"elementor-widget-container\">\n\t\t\t\t\t  <section>\n    <div class=\"pt-10 pb-16\">\n      <div class=\"container px-3 mx-auto\">\n                  <div class=\"flex flex-col-reverse gap-8 lg:flex-row lg:items-center\">\n            <div class=\"w-full py-8 lg:w-1\/2\">\n              <div class=\"bannerContent\">\n                                  <div class=\"flex flex-col gap-5 lg:flex-row lg:gap-0\">\n                    <div class=\"lg:max-w-[458px]\">\n                    <div class=\"flex items-center justify-center w-16 h-16 mb-5 rounded-full lg:w-20 lg:h-20 bg-primaryColor\">\n                      <img decoding=\"async\" class=\"!max-w-[55%]\" src=\"https:\/\/www.intelerad.com\/en\/wp-content\/uploads\/sites\/2\/2024\/04\/Icons-59.svg\" aria-hidden=\"true\">\n                    <\/div>\n                                          <h1 class=\"h1 lg:pr-7\">InteleOrchestrator<\/h1>\n                                                              <div class=\"pt-6 prose\"><p>Notre orchestrateur de flux de travail bas\u00e9 sur le cloud apporte une pr\u00e9cision in\u00e9gal\u00e9e \u00e0 votre pratique, en tirant parti de l'IA pour am\u00e9liorer l'efficacit\u00e9 et la pr\u00e9cision de chaque \u00e9tude.<\/p><\/div>\n                                                              <div class=\"pt-6\">\n                        <a href=\"https:\/\/www.intelerad.com\/fr\/reservez-une-demo\/\" class=\"btn btnOutline btnLg\">R\u00e9servez une d\u00e9mo<\/a>\n                      <\/div>\n                                        <\/div>\n                  <\/div>\n                                  \n              <\/div>\n            <\/div>\n            <div class=\"w-full lg:w-1\/2\">\n                              <div class=\"bannerImgCol\">\n                  <img decoding=\"async\" class=\"hidden lg:block\" src=\"https:\/\/www.intelerad.com\/en\/wp-content\/uploads\/sites\/2\/2024\/04\/InteleOrchestrator-e1712066196277.png\" alt=\"A healthcare professional analyzing radiographic images on a computer screen in a medical office setting.\">\n                  <img decoding=\"async\" class=\"lg:hidden\" src=\"https:\/\/www.intelerad.com\/en\/wp-content\/uploads\/sites\/2\/2024\/04\/InteleOrchestrator.png\" alt=\"A healthcare professional analyzing radiographic images on a computer screen in a medical office setting.\">\n                <\/div>\n                          <\/div>\n          <\/div>\n         \n      <\/div>\n    <\/div>\n  <\/section>\n\t\t\t\t\t<\/div>\n\t\t\t\t<\/div>\n\t\t\t\t\t<\/div>\n\t\t\t\t<\/div>\n\t\t<div class=\"elementor-element elementor-element-f6679a8 e-flex e-con-boxed e-con e-parent\" data-id=\"f6679a8\" data-element_type=\"container\">\n\t\t\t\t\t<div class=\"e-con-inner\">\n\t\t\t\t<div class=\"elementor-element elementor-element-7da6abd elementor-widget elementor-widget-intelerad-columned-text-widget\" data-id=\"7da6abd\" data-element_type=\"widget\" data-widget_type=\"intelerad-columned-text-widget.default\">\n\t\t\t\t<div class=\"elementor-widget-container\">\n\t\t\t\t\t  <section>\n    <div class=\"py-10 md:py-[70px]\">\n      <div class=\"container px-3 mx-auto\">\n        <h2 class=\"h1\">InteleOrchestrator Avantages<\/h2>\n        <div class=\"grid gap-12 mt-12 sm:grid-cols-2 lg:grid-cols-4 xl:gap-16 lg:mt-14\">\n                      <div>\n              <h3>Tirez parti de l'IA avanc\u00e9e<\/h3>\n              <div class=\"mt-5 !text-base prose\"><p>InteleOrchestrator donne la priorit\u00e9 aux r\u00e9sultats d'IA d'un examen dans la file d'attente de lecture dynamique du clinicien en fonction du niveau de criticit\u00e9, de sorte que vous lisez toujours le bon examen, au bon moment.<\/p><\/div>\n            <\/div>\n                      <div>\n              <h3>Agilit\u00e9 bas\u00e9e sur le cloud<\/h3>\n              <div class=\"mt-5 !text-base prose\"><p>Une flexibilit\u00e9 et une \u00e9volutivit\u00e9 in\u00e9gal\u00e9es, garantissant un acc\u00e8s s\u00e9curis\u00e9 aux listes de travail de n'importe o\u00f9, \u00e0 tout moment.<\/p><\/div>\n            <\/div>\n                      <div>\n              <h3>Int\u00e9grations sp\u00e9cialement con\u00e7ues<\/h3>\n              <div class=\"mt-5 !text-base prose\"><p>S'int\u00e8gre sans effort \u00e0 divers PACS, DSE, logiciels de planification et plus encore, s'adaptant \u00e0 la r\u00e9alit\u00e9 multifournisseur des pratiques modernes tout en unifiant les flux de travail pour les cliniciens.<\/p><\/div>\n            <\/div>\n                      <div>\n              <h3>Cr\u00e9er des flux de travail personnalis\u00e9s<\/h3>\n              <div class=\"mt-5 !text-base prose\"><p>S'adapte aux besoins uniques de chaque pratique, de l'assurance de la qualit\u00e9 des technologues aux flux de travail de l'\u00e9valuation par les pairs. InteleOrchestrator fournit une large gamme d'outils pour permettre des configurations de flux de travail personnalis\u00e9es.<\/p><\/div>\n            <\/div>\n                  <\/div>\n      <\/div>\n    <\/div>\n  <\/section>\n\t\t\t\t\t<\/div>\n\t\t\t\t<\/div>\n\t\t\t\t\t<\/div>\n\t\t\t\t<\/div>\n\t\t<div class=\"elementor-element elementor-element-0d4940c e-flex e-con-boxed e-con e-parent\" data-id=\"0d4940c\" data-element_type=\"container\">\n\t\t\t\t\t<div class=\"e-con-inner\">\n\t\t\t\t<div class=\"elementor-element elementor-element-aef1500 elementor-widget elementor-widget-intelerad-video-content-widget\" data-id=\"aef1500\" data-element_type=\"widget\" data-widget_type=\"intelerad-video-content-widget.default\">\n\t\t\t\t<div class=\"elementor-widget-container\">\n\t\t\t\t\t\t<section>\n\t\t<div class=\"py-14 lg:py-[120px]\">\n\t\t\t<div class=\"container px-3 mx-auto\">\n\t\t\t\t<div class=\"mb-6 md:mb-14\">\n\t\t\t\t\t<h2 class=\"h1\"><\/h2>\n\t\t\t\t<\/div>\n\t\t\t\t<div class=\"flex flex-col md:flex-row md:items-center gap-[30px]\">\n\t\t\t\t\t<div class=\"flex-1\">\n\t\t\t\t\t\t<div class=\"videoLg\"> \n\n                                                        <video id=\"video\" width=\"100%\" height=\"240\" poster=\"https:\/\/www.intelerad.com\/en\/wp-content\/uploads\/sites\/2\/2024\/04\/thumb-jpg-webp.webp\">\n\t\t\t\t\t\t\t\t<source src=\"https:\/\/www.intelerad.com\/en\/wp-content\/uploads\/sites\/2\/2024\/04\/us_radiology_connexia_improved_workflow_efficiencies_across_the_board_with_clario_smartworklist-1080p.mp4\" type=\"video\/mp4\">\n\t\t\t\t\t\t\t\tYour browser does not support the video tag. \n\t\t\t\t\t\t\t<\/video>\n                            <div class=\"active playBtn playTrigger\">\n\t\t\t\t\t\t\t\t<img decoding=\"async\" src=\"https:\/\/www.intelerad.com\/fr\/wp-content\/themes\/intelerad\/assets\/images\/playbtn.svg\" alt=\"Play Button\" \/>\n\t\t\t\t\t\t\t<\/div>\n                            \t\t\t\t\t\t<\/div>\n\t\t\t\t\t<\/div>\n\t\t\t\t\t<div class=\"flex-none\">\n\t\t\t\t\t\t<div class=\"cardStyle4 flex flex-col gap-6 md:max-w-[340px]\">\n\t\t\t\t\t\t\t<h3>\u00c9coutez US Radiology Connexia sur la fa\u00e7on dont InteleOrchestrator (TM) a am\u00e9lior\u00e9 l'efficacit\u00e9 du flux de travail \u00e0 tous les niveaux.<\/h3>\n\t\t\t\t\t\t\t<div class=\"prose\">\n\t\t\t\t\t\t\t\t\t\t\t\t\t\t\t<\/div>\n\t\t\t\t\t\t<\/div>\n\t\t\t\t\t<\/div>\n\t\t\t\t<\/div>\n\t\t\t<\/div>\n\t\t<\/div>\n  <\/section>\n\t\t\t\t\t<\/div>\n\t\t\t\t<\/div>\n\t\t\t\t\t<\/div>\n\t\t\t\t<\/div>\n\t\t<div class=\"elementor-element elementor-element-d137ee2 e-flex e-con-boxed e-con e-parent\" data-id=\"d137ee2\" data-element_type=\"container\">\n\t\t\t\t\t<div class=\"e-con-inner\">\n\t\t\t\t<div class=\"elementor-element elementor-element-a4205f4 elementor-widget elementor-widget-intelerad-featured-tabs-widget\" data-id=\"a4205f4\" data-element_type=\"widget\" data-widget_type=\"intelerad-featured-tabs-widget.default\">\n\t\t\t\t<div class=\"elementor-widget-container\">\n\t\t\t\t\t  <section>\n    <div class=\"py-10 md:py-[70px]\">\n      <div class=\"container px-3 mx-auto\">\n        <div class=\"mb-6 md:mb-14\">\n          <h2 class=\"h1\">Fonctionnalit\u00e9s par Suite <\/h2>\n        <\/div>\n        <div class=\"ts1Section\">\n          <div class=\"tabStyle1 w-[calc(100%+22px)] lg:w-auto !rounded-tr-none !rounded-br-none md:!rounded-tr-[6px] md:!rounded-br-[6px]\">\n            <ul>\n                              <li><button class=\"ts1Trigger active\" data-tab=\"tab-0\">Suite Entreprise<\/button><\/li>\n                              <li><button class=\"ts1Trigger \" data-tab=\"tab-1\">Suite de radiologie<\/button><\/li>\n                          <\/ul>\n          <\/div>\n          <div class=\"mt-6 ts1ContentBody lg:mt-10 xl:mt-14 \">\n                          <div class=\"ts1Content active\" id=\"tab-0\">\n                <div class=\"grid grid-cols-1 gap-4 md:grid-cols-2 md:gap-5 lg:gap-7\">\n                                      <div class=\"cardStyle3 !bg-lightBg2\">\n                      <div class=\"cs3ContentCol\">\n                        <h4>Flux de travail neutre pour le fournisseur<\/h4>\n                        <div class=\"mt-3\"><p>L'orchestration neutre pour le fournisseur d'InteleOrchestrator assure une int\u00e9gration transparente entre des syst\u00e8mes d'imagerie et des sp\u00e9cialit\u00e9s disparates, fournissant une plate-forme de flux de travail unifi\u00e9e et efficace qui s'adapte \u00e0 tout environnement de soins de sant\u00e9 \u00e0 l'\u00e9chelle de l'entreprise.<\/p><\/div>\n                      <\/div>\n                    <\/div>\n                                      <div class=\"cardStyle3 !bg-lightBg2\">\n                      <div class=\"cs3ContentCol\">\n                        <h4>Capacit\u00e9s d'IA<\/h4>\n                        <div class=\"mt-3\"><p>Tirant parti de l'IA, InteleOrchestrator optimise les flux de travail de lecture, en veillant \u00e0 ce que les cas les plus critiques soient class\u00e9s par ordre de priorit\u00e9 afin que les ressources soient allou\u00e9es efficacement, am\u00e9liorant ainsi la prestation des soins aux patients et l'efficacit\u00e9 op\u00e9rationnelle.<\/p><\/div>\n                      <\/div>\n                    <\/div>\n                                  <\/div>\n              <\/div>\n                          <div class=\"ts1Content \" id=\"tab-1\">\n                <div class=\"grid grid-cols-1 gap-4 md:grid-cols-2 md:gap-5 lg:gap-7\">\n                                      <div class=\"cardStyle3 !bg-lightBg2\">\n                      <div class=\"cs3ContentCol\">\n                        <h4>R\u00e9serve de travail neutre pour le fournisseur<\/h4>\n                        <div class=\"mt-3\"><p>Adapt\u00e9e aux pratiques de radiologie, cette r\u00e9serve de travail facilite la coordination harmonieuse entre les diff\u00e9rentes sources et syst\u00e8mes d'imagerie, garantissant que les radiologistes lisent la bonne \u00e9tude au bon moment pour respecter les engagements de l'accord sur les niveaux de service.<\/p><\/div>\n                      <\/div>\n                    <\/div>\n                                      <div class=\"cardStyle3 !bg-lightBg2\">\n                      <div class=\"cs3ContentCol\">\n                        <h4>Capacit\u00e9s d'IA<\/h4>\n                        <div class=\"mt-3\"><p>L'IA am\u00e9liore la pr\u00e9cision du diagnostic et acc\u00e9l\u00e8re les flux de travail, en triant intelligemment et en acheminant les \u00e9tudes, en tenant compte de la complexit\u00e9 et de l'urgence, au radiologiste le plus appropri\u00e9, tout en sugg\u00e9rant des \u00e9tudes ant\u00e9rieures pertinentes \u00e0 des fins de comparaison.<\/p><\/div>\n                      <\/div>\n                    <\/div>\n                                      <div class=\"cardStyle3 !bg-lightBg2\">\n                      <div class=\"cs3ContentCol\">\n                        <h4>Lire de n'importe o\u00f9<\/h4>\n                        <div class=\"mt-3\"><p>La r\u00e9serve de travail bas\u00e9e sur le cloud aidera \u00e0 renforcer la r\u00e9silience de l'entreprise \u00e0 mesure que votre pratique se d\u00e9veloppe et donnera \u00e0 vos radiologistes la libert\u00e9 de lire de n'importe o\u00f9.<\/p><\/div>\n                      <\/div>\n                    <\/div>\n                                  <\/div>\n              <\/div>\n                      <\/div>\n        <\/div>\n      <\/div>\n    <\/div>\n  <\/section>\n\t\t\t\t\t<\/div>\n\t\t\t\t<\/div>\n\t\t\t\t\t<\/div>\n\t\t\t\t<\/div>\n\t\t<div class=\"elementor-element elementor-element-4debff4 e-flex e-con-boxed e-con e-parent\" data-id=\"4debff4\" data-element_type=\"container\">\n\t\t\t\t\t<div class=\"e-con-inner\">\n\t\t\t\t<div class=\"elementor-element elementor-element-c0d7678 elementor-widget elementor-widget-intelerad-three-columned-content-widget\" data-id=\"c0d7678\" data-element_type=\"widget\" data-widget_type=\"intelerad-three-columned-content-widget.default\">\n\t\t\t\t<div class=\"elementor-widget-container\">\n\t\t\t\t\t  <section>\n    <div class=\"py-10 md:py-[70px]\">\n              <div class=\"container px-3 mx-auto\">\n          <h2 class=\"h1  \">Produits Associ\u00e9s<\/h2>  \n                    <div\n            class=\"grid grid-cols-1 gap-5 pt-6 md:grid-cols-2 lg:grid-cols-3 lg:pt-10 xl:pt-16\"\n          >\n                          \n              <a href=\"https:\/\/www.intelerad.com\/fr\/tous-les-produits\/intelearchive\/\" class=\"cardStyle3 !bg-primaryColor hover:!bg-[rgba(61,6,26,0.80)] !text-white\">\n                <div class=\"cs3IconCol !bg-offWhite\">\n                  <img decoding=\"async\" src=\"https:\/\/www.intelerad.com\/en\/wp-content\/uploads\/sites\/2\/2024\/04\/Icons-95-2.svg\" alt=\"\">\n                <\/div>\n                <div class=\"cs3ContentCol\">\n                  <h4>InteleArchive<\/h4>\n                  <div class=\"pt-3 prose !text-white\"><p>S\u00e9curisez vos donn\u00e9es patient avec une sauvegarde de r\u00e9cup\u00e9ration et une archivage.<\/p><\/div>\n                  <div class=\"pt-3\">\n                    <div href=\"Array\" class=\"arrowLink white\">See More<\/div>\n                  <\/div>\n                <\/div>\n              <\/a>\n                          \n              <a href=\"https:\/\/www.intelerad.com\/fr\/tous-les-produits\/intelepacs\/\" class=\"cardStyle3 !bg-primaryColor hover:!bg-[rgba(61,6,26,0.80)] !text-white\">\n                <div class=\"cs3IconCol !bg-offWhite\">\n                  <img decoding=\"async\" src=\"https:\/\/www.intelerad.com\/en\/wp-content\/uploads\/sites\/2\/2024\/04\/Icons-83-2.svg\" alt=\"\">\n                <\/div>\n                <div class=\"cs3ContentCol\">\n                  <h4>IntelePACS<\/h4>\n                  <div class=\"pt-3 prose !text-white\"><p>Acc\u00e9dez aux images m\u00e9dicales et aux donn\u00e9es des patients \u00e0 tout moment, n'importe o\u00f9.<\/p><\/div>\n                  <div class=\"pt-3\">\n                    <div href=\"Array\" class=\"arrowLink white\">See More<\/div>\n                  <\/div>\n                <\/div>\n              <\/a>\n                          \n              <a href=\"https:\/\/www.intelerad.com\/fr\/tous-les-produits\/inteleheart\/\" class=\"cardStyle3 !bg-primaryColor hover:!bg-[rgba(61,6,26,0.80)] !text-white\">\n                <div class=\"cs3IconCol !bg-offWhite\">\n                  <img decoding=\"async\" src=\"https:\/\/www.intelerad.com\/en\/wp-content\/uploads\/sites\/2\/2024\/04\/Icons-99-3.svg\" alt=\"\">\n                <\/div>\n                <div class=\"cs3ContentCol\">\n                  <h4>InteleHeart<\/h4>\n                  <div class=\"pt-3 prose !text-white\"><p>Optimiser les processus de cardiologie et la gestion de l'ECG.<\/p><\/div>\n                  <div class=\"pt-3\">\n                    <div href=\"Array\" class=\"arrowLink white\">See More<\/div>\n                  <\/div>\n                <\/div>\n              <\/a>\n                      <\/div>\n          <div class=\"flex justify-center mt-8\">\n                      <\/div>\n        <\/div>\n          <\/div>\n  <\/section>\n\t\t\t\t\t<\/div>\n\t\t\t\t<\/div>\n\t\t\t\t\t<\/div>\n\t\t\t\t<\/div>\n\t\t<div class=\"elementor-element elementor-element-2df7576 e-flex e-con-boxed e-con e-parent\" data-id=\"2df7576\" data-element_type=\"container\">\n\t\t\t\t\t<div class=\"e-con-inner\">\n\t\t\t\t<div class=\"elementor-element elementor-element-b44d5a9 elementor-widget elementor-widget-global elementor-global-15330 elementor-widget-intelerad-cta\" data-id=\"b44d5a9\" data-element_type=\"widget\" data-widget_type=\"intelerad-cta.default\">\n\t\t\t\t<div class=\"elementor-widget-container\">\n\t\t\t\t\t          <section>\n        <div class=\"pt-10 md:py-[70px] pb-14\">\n          <div class=\"container px-0 pb-16 text-offWhite lg:pb-16 bg-primaryColor rounded-2xl\">\n            <div class=\"py-8 overflow-hidden text-center shapeCol lg:pb-12 lg:pt-16\">\n            <img decoding=\"async\"\n                  src=\"https:\/\/www.intelerad.com\/fr\/wp-content\/themes\/intelerad\/assets\/images\/vector-shape-light.svg\"\n                  alt=\"...\"\n                  class=\"object-cover w-full d-block !h-12 lg:!h-auto\"\n              \/>\n            <\/div>\n            <div class=\"px-3 mx-auto\">\n              <div class=\"mx-auto text-center\">\n                <h2 class=\"h1\">Pr\u00eat \u00e0 commencer?<\/h2>\n                <div class=\"pt-4 prose lg:pt-8 !max-w-[38rem] mx-auto text-offWhite\">\n                  <p>Nous connectons les professionnels de la sant\u00e9 et les informations sur l'imagerie afin que vous puissiez vous concentrer sur ce qui compte vraiment : les soins aux patients.<\/p>                <\/div>\n                <div class=\"flex justify-center mt-8\">\n                                      <a href=\"https:\/\/www.intelerad.com\/fr\/reservez-une-demo\/\" class=\"mr-4 btn btnWhite xl:mr-6\"\n                    >R\u00e9servez une d\u00e9mo<\/a>\n                                                      <a href=\"https:\/\/www.intelerad.com\/fr\/contactez-nous\/\" class=\"btn btnOutlineWhite\">Contactez-nous<\/a>\n                                  <\/div>\n              <\/div>\n            <\/div>\n          <\/div>\n        <\/div>\n      <\/section>\n    \t\t\t\t\t<\/div>\n\t\t\t\t<\/div>\n\t\t\t\t\t<\/div>\n\t\t\t\t<\/div>\n\t\t\t\t<\/div>\n\t\t","protected":false},"excerpt":{"rendered":"","protected":false},"author":18,"featured_media":15052,"parent":1071,"menu_order":9,"comment_status":"closed","ping_status":"closed","template":"","meta":{"_acf_changed":false,"footnotes":""},"class_list":["post-14894","page","type-page","status-publish","has-post-thumbnail","hentry"],"acf":[],"yoast_head":"<!-- This site is optimized with the Yoast SEO Premium plugin v26.2 (Yoast SEO v26.4) - https:\/\/yoast.com\/wordpress\/plugins\/seo\/ -->\n<title>InteleOrchestrator | Les syst\u00e8mes m\u00e9dicaux Intelerad<\/title>\n<meta name=\"description\" content=\"InteleOrchestrator : orchestration des workflows de soins, automatisation intelligente et optimisation de l\u2019imagerie.\" \/>\n<meta name=\"robots\" content=\"index, follow, max-snippet:-1, max-image-preview:large, max-video-preview:-1\" \/>\n<link rel=\"canonical\" href=\"https:\/\/www.intelerad.com\/fr\/tous-les-produits\/inteleorchestrator\/\" \/>\n<meta property=\"og:locale\" content=\"fr_FR\" \/>\n<meta property=\"og:type\" content=\"article\" \/>\n<meta property=\"og:title\" content=\"InteleOrchestrator\" \/>\n<meta property=\"og:description\" content=\"InteleOrchestrator : orchestration des workflows de soins, automatisation intelligente et optimisation de l\u2019imagerie.\" \/>\n<meta property=\"og:url\" content=\"https:\/\/www.intelerad.com\/fr\/tous-les-produits\/inteleorchestrator\/\" \/>\n<meta property=\"og:site_name\" content=\"Les syst\u00e8mes m\u00e9dicaux Intelerad\" \/>\n<meta property=\"article:publisher\" content=\"https:\/\/facebook.com\/intelerad\" \/>\n<meta property=\"article:modified_time\" content=\"2025-08-07T20:54:41+00:00\" \/>\n<meta name=\"twitter:label1\" content=\"Dur\u00e9e de lecture estim\u00e9e\" \/>\n\t<meta name=\"twitter:data1\" content=\"5 minutes\" \/>\n<script type=\"application\/ld+json\" class=\"yoast-schema-graph\">{\"@context\":\"https:\/\/schema.org\",\"@graph\":[{\"@type\":\"WebPage\",\"@id\":\"https:\/\/www.intelerad.com\/fr\/tous-les-produits\/inteleorchestrator\/\",\"url\":\"https:\/\/www.intelerad.com\/fr\/tous-les-produits\/inteleorchestrator\/\",\"name\":\"InteleOrchestrator | Les syst\u00e8mes m\u00e9dicaux Intelerad\",\"isPartOf\":{\"@id\":\"https:\/\/www.intelerad.com\/fr\/#website\"},\"primaryImageOfPage\":{\"@id\":\"https:\/\/www.intelerad.com\/fr\/tous-les-produits\/inteleorchestrator\/#primaryimage\"},\"image\":{\"@id\":\"https:\/\/www.intelerad.com\/fr\/tous-les-produits\/inteleorchestrator\/#primaryimage\"},\"thumbnailUrl\":\"\",\"datePublished\":\"2024-03-25T17:57:40+00:00\",\"dateModified\":\"2025-08-07T20:54:41+00:00\",\"description\":\"InteleOrchestrator : orchestration des workflows de soins, automatisation intelligente et optimisation de l\u2019imagerie.\",\"breadcrumb\":{\"@id\":\"https:\/\/www.intelerad.com\/fr\/tous-les-produits\/inteleorchestrator\/#breadcrumb\"},\"inLanguage\":\"fr-FR\",\"potentialAction\":[{\"@type\":\"ReadAction\",\"target\":[\"https:\/\/www.intelerad.com\/fr\/tous-les-produits\/inteleorchestrator\/\"]}]},{\"@type\":\"ImageObject\",\"inLanguage\":\"fr-FR\",\"@id\":\"https:\/\/www.intelerad.com\/fr\/tous-les-produits\/inteleorchestrator\/#primaryimage\",\"url\":\"\",\"contentUrl\":\"\"},{\"@type\":\"BreadcrumbList\",\"@id\":\"https:\/\/www.intelerad.com\/fr\/tous-les-produits\/inteleorchestrator\/#breadcrumb\",\"itemListElement\":[{\"@type\":\"ListItem\",\"position\":1,\"name\":\"Home\",\"item\":\"https:\/\/www.intelerad.com\/fr\/\"},{\"@type\":\"ListItem\",\"position\":2,\"name\":\"Tous les produits\",\"item\":\"https:\/\/www.intelerad.com\/fr\/tous-les-produits\/\"},{\"@type\":\"ListItem\",\"position\":3,\"name\":\"InteleOrchestrator\"}]},{\"@type\":\"WebSite\",\"@id\":\"https:\/\/www.intelerad.com\/fr\/#website\",\"url\":\"https:\/\/www.intelerad.com\/fr\/\",\"name\":\"Les syst\u00e8mes m\u00e9dicaux Intelerad\",\"description\":\"\",\"potentialAction\":[{\"@type\":\"SearchAction\",\"target\":{\"@type\":\"EntryPoint\",\"urlTemplate\":\"https:\/\/www.intelerad.com\/fr\/?s={search_term_string}\"},\"query-input\":{\"@type\":\"PropertyValueSpecification\",\"valueRequired\":true,\"valueName\":\"search_term_string\"}}],\"inLanguage\":\"fr-FR\"}]}<\/script>\n<!-- \/ Yoast SEO Premium plugin. -->","yoast_head_json":{"title":"InteleOrchestrator | Les syst\u00e8mes m\u00e9dicaux Intelerad","description":"InteleOrchestrator : orchestration des workflows de soins, automatisation intelligente et optimisation de l\u2019imagerie.","robots":{"index":"index","follow":"follow","max-snippet":"max-snippet:-1","max-image-preview":"max-image-preview:large","max-video-preview":"max-video-preview:-1"},"canonical":"https:\/\/www.intelerad.com\/fr\/tous-les-produits\/inteleorchestrator\/","og_locale":"fr_FR","og_type":"article","og_title":"InteleOrchestrator","og_description":"InteleOrchestrator : orchestration des workflows de soins, automatisation intelligente et optimisation de l\u2019imagerie.","og_url":"https:\/\/www.intelerad.com\/fr\/tous-les-produits\/inteleorchestrator\/","og_site_name":"Les syst\u00e8mes m\u00e9dicaux Intelerad","article_publisher":"https:\/\/facebook.com\/intelerad","article_modified_time":"2025-08-07T20:54:41+00:00","twitter_misc":{"Dur\u00e9e de lecture estim\u00e9e":"5 minutes"},"schema":{"@context":"https:\/\/schema.org","@graph":[{"@type":"WebPage","@id":"https:\/\/www.intelerad.com\/fr\/tous-les-produits\/inteleorchestrator\/","url":"https:\/\/www.intelerad.com\/fr\/tous-les-produits\/inteleorchestrator\/","name":"InteleOrchestrator | Les syst\u00e8mes m\u00e9dicaux Intelerad","isPartOf":{"@id":"https:\/\/www.intelerad.com\/fr\/#website"},"primaryImageOfPage":{"@id":"https:\/\/www.intelerad.com\/fr\/tous-les-produits\/inteleorchestrator\/#primaryimage"},"image":{"@id":"https:\/\/www.intelerad.com\/fr\/tous-les-produits\/inteleorchestrator\/#primaryimage"},"thumbnailUrl":"","datePublished":"2024-03-25T17:57:40+00:00","dateModified":"2025-08-07T20:54:41+00:00","description":"InteleOrchestrator : orchestration des workflows de soins, automatisation intelligente et optimisation de l\u2019imagerie.","breadcrumb":{"@id":"https:\/\/www.intelerad.com\/fr\/tous-les-produits\/inteleorchestrator\/#breadcrumb"},"inLanguage":"fr-FR","potentialAction":[{"@type":"ReadAction","target":["https:\/\/www.intelerad.com\/fr\/tous-les-produits\/inteleorchestrator\/"]}]},{"@type":"ImageObject","inLanguage":"fr-FR","@id":"https:\/\/www.intelerad.com\/fr\/tous-les-produits\/inteleorchestrator\/#primaryimage","url":"","contentUrl":""},{"@type":"BreadcrumbList","@id":"https:\/\/www.intelerad.com\/fr\/tous-les-produits\/inteleorchestrator\/#breadcrumb","itemListElement":[{"@type":"ListItem","position":1,"name":"Home","item":"https:\/\/www.intelerad.com\/fr\/"},{"@type":"ListItem","position":2,"name":"Tous les produits","item":"https:\/\/www.intelerad.com\/fr\/tous-les-produits\/"},{"@type":"ListItem","position":3,"name":"InteleOrchestrator"}]},{"@type":"WebSite","@id":"https:\/\/www.intelerad.com\/fr\/#website","url":"https:\/\/www.intelerad.com\/fr\/","name":"Les syst\u00e8mes m\u00e9dicaux Intelerad","description":"","potentialAction":[{"@type":"SearchAction","target":{"@type":"EntryPoint","urlTemplate":"https:\/\/www.intelerad.com\/fr\/?s={search_term_string}"},"query-input":{"@type":"PropertyValueSpecification","valueRequired":true,"valueName":"search_term_string"}}],"inLanguage":"fr-FR"}]}},"_links":{"self":[{"href":"https:\/\/www.intelerad.com\/fr\/wp-json\/wp\/v2\/pages\/14894","targetHints":{"allow":["GET"]}}],"collection":[{"href":"https:\/\/www.intelerad.com\/fr\/wp-json\/wp\/v2\/pages"}],"about":[{"href":"https:\/\/www.intelerad.com\/fr\/wp-json\/wp\/v2\/types\/page"}],"author":[{"embeddable":true,"href":"https:\/\/www.intelerad.com\/fr\/wp-json\/wp\/v2\/users\/18"}],"replies":[{"embeddable":true,"href":"https:\/\/www.intelerad.com\/fr\/wp-json\/wp\/v2\/comments?post=14894"}],"version-history":[{"count":0,"href":"https:\/\/www.intelerad.com\/fr\/wp-json\/wp\/v2\/pages\/14894\/revisions"}],"up":[{"embeddable":true,"href":"https:\/\/www.intelerad.com\/fr\/wp-json\/wp\/v2\/pages\/1071"}],"wp:featuredmedia":[{"embeddable":true,"href":"https:\/\/www.intelerad.com\/fr\/wp-json\/"}],"wp:attachment":[{"href":"https:\/\/www.intelerad.com\/fr\/wp-json\/wp\/v2\/media?parent=14894"}],"curies":[{"name":"wp","href":"https:\/\/api.w.org\/{rel}","templated":true}]}}