{"id":1082,"date":"2024-02-26T21:25:15","date_gmt":"2024-02-26T21:25:10","guid":{"rendered":"https:\/\/localhost:10236\/?page_id=1082"},"modified":"2025-08-07T16:57:54","modified_gmt":"2025-08-07T20:57:54","slug":"detail-de-la-suite-cardiologie","status":"publish","type":"page","link":"https:\/\/www.intelerad.com\/fr\/toutes-les-suites\/detail-de-la-suite-cardiologie\/","title":{"rendered":"D\u00e9tail de la suite \u2013 Cardiologie"},"content":{"rendered":"\t\t<div data-elementor-type=\"wp-page\" data-elementor-id=\"1082\" class=\"elementor elementor-1082\" data-elementor-post-type=\"page\">\n\t\t\t\t<div class=\"elementor-element elementor-element-bda196b e-flex e-con-boxed e-con e-parent\" data-id=\"bda196b\" data-element_type=\"container\">\n\t\t\t\t\t<div class=\"e-con-inner\">\n\t\t\t\t<div class=\"elementor-element elementor-element-b70fdfe elementor-widget elementor-widget-intelerad-homepage-hero-widget\" data-id=\"b70fdfe\" data-element_type=\"widget\" data-widget_type=\"intelerad-homepage-hero-widget.default\">\n\t\t\t\t<div class=\"elementor-widget-container\">\n\t\t\t\t\t  <section>\n    <div class=\"pt-10 pb-16\">\n      <div class=\"container px-3 mx-auto\">\n                  <div class=\"flex flex-col-reverse gap-8 lg:flex-row lg:items-center\">\n            <div class=\"w-full py-8 lg:w-1\/2\">\n              <div class=\"bannerContent\">\n                                  <div class=\"lg:max-w-[458px]\">\n                                          <h1 class=\"h1 lg:pr-7\">Soutenir les cardiologues<\/h1>\n                                                              <div class=\"pt-6 prose\"><p>En cardiologie, la pr\u00e9cision et la perspicacit\u00e9 sont primordiales. Notre suite rationalise les flux de travail en cardiologie et offre des analyses avanc\u00e9es, permettant des d\u00e9cisions rapides et \u00e9clair\u00e9es pour des r\u00e9sultats optimaux pour les patients.<\/p><\/div>\n                                                              <div class=\"pt-6\">\n                        <a href=\"https:\/\/www.intelerad.com\/fr\/reservez-une-demo\/\" class=\"btn btnOutline btnLg\">R\u00e9servez une d\u00e9mo<\/a>\n                      <\/div>\n                                      <\/div>\n                                    \n              <\/div>\n            <\/div>\n            <div class=\"w-full lg:w-1\/2\">\n                              <div class=\"bannerImgCol\">\n                  <img decoding=\"async\" class=\"hidden lg:block\" src=\"https:\/\/www.intelerad.com\/en\/wp-content\/uploads\/sites\/2\/2024\/03\/Hero-Image_Suite-Detail-Cardiology.png\" alt=\"\">\n                  <img decoding=\"async\" class=\"lg:hidden\" src=\"https:\/\/www.intelerad.com\/en\/wp-content\/uploads\/sites\/2\/2024\/03\/Hero-Image_Suite-Detail-Cardiology.png\" alt=\"\">\n                <\/div>\n                          <\/div>\n          <\/div>\n         \n      <\/div>\n    <\/div>\n  <\/section>\n\t\t\t\t\t<\/div>\n\t\t\t\t<\/div>\n\t\t\t\t\t<\/div>\n\t\t\t\t<\/div>\n\t\t<div class=\"elementor-element elementor-element-4debff4 e-flex e-con-boxed e-con e-parent\" data-id=\"4debff4\" data-element_type=\"container\">\n\t\t\t\t\t<div class=\"e-con-inner\">\n\t\t\t\t<div class=\"elementor-element elementor-element-c0d7678 elementor-widget elementor-widget-intelerad-three-columned-content-widget\" data-id=\"c0d7678\" data-element_type=\"widget\" data-widget_type=\"intelerad-three-columned-content-widget.default\">\n\t\t\t\t<div class=\"elementor-widget-container\">\n\t\t\t\t\t  <section>\n    <div class=\"py-10 md:py-[70px]\">\n              <div class=\"container px-3 mx-auto\">\n          <h2 class=\"h1 \">Produits de cardiologie<\/h2>\n                    <div\n            class=\"grid grid-cols-1 gap-5 pt-6 md:grid-cols-2 lg:grid-cols-3 lg:pt-10 xl:pt-16\"\n          >\n                          <a href=\"https:\/\/www.intelerad.com\/fr\/tous-les-produits\/inteleheart\/\" class=\"cardStyle3 \">\n                <div class=\"cs3IconCol\">\n                  <img decoding=\"async\" src=\"https:\/\/www.intelerad.com\/wp-content\/uploads\/sites\/2\/2024\/02\/product-icon-8.svg\" alt=\"\">\n                <\/div>\n                <div class=\"cs3ContentCol\">\n                  <h4>InteleHeart<\/h4>\n                  <div class=\"pt-3 prose\"><p>Optimiser les processus de cardiologie et la gestion de l'ECG.<\/p><\/div>\n                                    <div class=\"pt-3\">\n                    <div class=\"arrowLink\">See More<\/div>\n                  <\/div>\n                                  <\/div>\n              <\/a>\n                          <a href=\"https:\/\/www.intelerad.com\/fr\/tous-les-produits\/inteleshare\/\" class=\"cardStyle3 \">\n                <div class=\"cs3IconCol\">\n                  <img decoding=\"async\" src=\"https:\/\/www.intelerad.com\/wp-content\/uploads\/sites\/2\/2024\/02\/product-icon-4.svg\" alt=\"\">\n                <\/div>\n                <div class=\"cs3ContentCol\">\n                  <h4>InteleShare<\/h4>\n                  <div class=\"pt-3 prose\"><p>Envoyer et recevoir des images de patients de mani\u00e8re s\u00e9curis\u00e9e et fluide.<\/p><\/div>\n                                    <div class=\"pt-3\">\n                    <div class=\"arrowLink\">See More<\/div>\n                  <\/div>\n                                  <\/div>\n              <\/a>\n                          <a href=\"https:\/\/www.intelerad.com\/fr\/tous-les-produits\/inteleorchestrator\/\" class=\"cardStyle3 \">\n                <div class=\"cs3IconCol\">\n                  <img decoding=\"async\" src=\"https:\/\/www.intelerad.com\/wp-content\/uploads\/sites\/2\/2024\/02\/product-icon-1.svg\" alt=\"\">\n                <\/div>\n                <div class=\"cs3ContentCol\">\n                  <h4>InteleOrchestrator<\/h4>\n                  <div class=\"pt-3 prose\"><p>Visualisez la bonne \u00e9tude au bon moment, sans tracas.<\/p><\/div>\n                                    <div class=\"pt-3\">\n                    <div class=\"arrowLink\">See More<\/div>\n                  <\/div>\n                                  <\/div>\n              <\/a>\n                      <\/div>\n          <div class=\"flex justify-center mt-8\">\n                      <\/div>\n        <\/div>\n          <\/div>\n  <\/section>\n\t\t\t\t\t<\/div>\n\t\t\t\t<\/div>\n\t\t\t\t\t<\/div>\n\t\t\t\t<\/div>\n\t\t<div class=\"elementor-element elementor-element-2df7576 e-flex e-con-boxed e-con e-parent\" data-id=\"2df7576\" data-element_type=\"container\">\n\t\t\t\t\t<div class=\"e-con-inner\">\n\t\t\t\t<div class=\"elementor-element elementor-element-a72b241 elementor-widget elementor-widget-global elementor-global-15330 elementor-widget-intelerad-cta\" data-id=\"a72b241\" data-element_type=\"widget\" data-widget_type=\"intelerad-cta.default\">\n\t\t\t\t<div class=\"elementor-widget-container\">\n\t\t\t\t\t          <section>\n        <div class=\"pt-10 md:py-[70px] pb-14\">\n          <div class=\"container px-0 pb-16 text-offWhite lg:pb-16 bg-primaryColor rounded-2xl\">\n            <div class=\"py-8 overflow-hidden text-center shapeCol lg:pb-12 lg:pt-16\">\n            <img decoding=\"async\"\n                  src=\"https:\/\/www.intelerad.com\/fr\/wp-content\/themes\/intelerad\/assets\/images\/vector-shape-light.svg\"\n                  alt=\"...\"\n                  class=\"object-cover w-full d-block !h-12 lg:!h-auto\"\n              \/>\n            <\/div>\n            <div class=\"px-3 mx-auto\">\n              <div class=\"mx-auto text-center\">\n                <h2 class=\"h1\">Pr\u00eat \u00e0 commencer?<\/h2>\n                <div class=\"pt-4 prose lg:pt-8 !max-w-[38rem] mx-auto text-offWhite\">\n                  <p>Nous connectons les professionnels de la sant\u00e9 et les informations sur l'imagerie afin que vous puissiez vous concentrer sur ce qui compte vraiment : les soins aux patients.<\/p>                <\/div>\n                <div class=\"flex justify-center mt-8\">\n                                      <a href=\"https:\/\/www.intelerad.com\/fr\/reservez-une-demo\/\" class=\"mr-4 btn btnWhite xl:mr-6\"\n                    >R\u00e9servez une d\u00e9mo<\/a>\n                                                      <a href=\"https:\/\/www.intelerad.com\/fr\/contactez-nous\/\" class=\"btn btnOutlineWhite\">Contactez-nous<\/a>\n                                  <\/div>\n              <\/div>\n            <\/div>\n          <\/div>\n        <\/div>\n      <\/section>\n    \t\t\t\t\t<\/div>\n\t\t\t\t<\/div>\n\t\t\t\t\t<\/div>\n\t\t\t\t<\/div>\n\t\t\t\t<\/div>\n\t\t","protected":false},"excerpt":{"rendered":"","protected":false},"author":18,"featured_media":0,"parent":257,"menu_order":1,"comment_status":"closed","ping_status":"closed","template":"","meta":{"_acf_changed":false,"footnotes":""},"class_list":["post-1082","page","type-page","status-publish","hentry"],"acf":[],"yoast_head":"<!-- This site is optimized with the Yoast SEO Premium plugin v26.2 (Yoast SEO v26.4) - https:\/\/yoast.com\/wordpress\/plugins\/seo\/ -->\n<title>D\u00e9tail de la suite \u2013 Cardiologie | Les syst\u00e8mes m\u00e9dicaux Intelerad<\/title>\n<meta name=\"description\" content=\"Suite Cardiologie d\u2019Intelerad : plateforme sp\u00e9cialis\u00e9e pour supports d\u2019imagerie cardiaque, mesures et workflows cliniques.\" \/>\n<meta name=\"robots\" content=\"index, follow, max-snippet:-1, max-image-preview:large, max-video-preview:-1\" \/>\n<link rel=\"canonical\" href=\"https:\/\/www.intelerad.com\/fr\/toutes-les-suites\/detail-de-la-suite-cardiologie\/\" \/>\n<meta property=\"og:locale\" content=\"fr_FR\" \/>\n<meta property=\"og:type\" content=\"article\" \/>\n<meta property=\"og:title\" content=\"D\u00e9tail de la suite \u2013 Cardiologie\" \/>\n<meta property=\"og:description\" content=\"Suite Cardiologie d\u2019Intelerad : plateforme sp\u00e9cialis\u00e9e pour supports d\u2019imagerie cardiaque, mesures et workflows cliniques.\" \/>\n<meta property=\"og:url\" content=\"https:\/\/www.intelerad.com\/fr\/toutes-les-suites\/detail-de-la-suite-cardiologie\/\" \/>\n<meta property=\"og:site_name\" content=\"Les syst\u00e8mes m\u00e9dicaux Intelerad\" \/>\n<meta property=\"article:publisher\" content=\"https:\/\/facebook.com\/intelerad\" \/>\n<meta property=\"article:modified_time\" content=\"2025-08-07T20:57:54+00:00\" \/>\n<meta property=\"og:image\" content=\"https:\/\/www.intelerad.com\/en\/wp-content\/uploads\/sites\/2\/2024\/03\/Hero-Image_Suite-Detail-Cardiology.png\" \/>\n<meta name=\"twitter:label1\" content=\"Dur\u00e9e de lecture estim\u00e9e\" \/>\n\t<meta name=\"twitter:data1\" content=\"2 minutes\" \/>\n<script type=\"application\/ld+json\" class=\"yoast-schema-graph\">{\"@context\":\"https:\/\/schema.org\",\"@graph\":[{\"@type\":\"WebPage\",\"@id\":\"https:\/\/www.intelerad.com\/fr\/toutes-les-suites\/detail-de-la-suite-cardiologie\/\",\"url\":\"https:\/\/www.intelerad.com\/fr\/toutes-les-suites\/detail-de-la-suite-cardiologie\/\",\"name\":\"D\u00e9tail de la suite \u2013 Cardiologie | Les syst\u00e8mes m\u00e9dicaux Intelerad\",\"isPartOf\":{\"@id\":\"https:\/\/www.intelerad.com\/fr\/#website\"},\"primaryImageOfPage\":{\"@id\":\"https:\/\/www.intelerad.com\/fr\/toutes-les-suites\/detail-de-la-suite-cardiologie\/#primaryimage\"},\"image\":{\"@id\":\"https:\/\/www.intelerad.com\/fr\/toutes-les-suites\/detail-de-la-suite-cardiologie\/#primaryimage\"},\"thumbnailUrl\":\"https:\/\/www.intelerad.com\/en\/wp-content\/uploads\/sites\/2\/2024\/03\/Hero-Image_Suite-Detail-Cardiology.png\",\"datePublished\":\"2024-02-26T21:25:10+00:00\",\"dateModified\":\"2025-08-07T20:57:54+00:00\",\"description\":\"Suite Cardiologie d\u2019Intelerad : plateforme sp\u00e9cialis\u00e9e pour supports d\u2019imagerie cardiaque, mesures et workflows cliniques.\",\"breadcrumb\":{\"@id\":\"https:\/\/www.intelerad.com\/fr\/toutes-les-suites\/detail-de-la-suite-cardiologie\/#breadcrumb\"},\"inLanguage\":\"fr-FR\",\"potentialAction\":[{\"@type\":\"ReadAction\",\"target\":[\"https:\/\/www.intelerad.com\/fr\/toutes-les-suites\/detail-de-la-suite-cardiologie\/\"]}]},{\"@type\":\"ImageObject\",\"inLanguage\":\"fr-FR\",\"@id\":\"https:\/\/www.intelerad.com\/fr\/toutes-les-suites\/detail-de-la-suite-cardiologie\/#primaryimage\",\"url\":\"https:\/\/www.intelerad.com\/en\/wp-content\/uploads\/sites\/2\/2024\/03\/Hero-Image_Suite-Detail-Cardiology.png\",\"contentUrl\":\"https:\/\/www.intelerad.com\/en\/wp-content\/uploads\/sites\/2\/2024\/03\/Hero-Image_Suite-Detail-Cardiology.png\"},{\"@type\":\"BreadcrumbList\",\"@id\":\"https:\/\/www.intelerad.com\/fr\/toutes-les-suites\/detail-de-la-suite-cardiologie\/#breadcrumb\",\"itemListElement\":[{\"@type\":\"ListItem\",\"position\":1,\"name\":\"Home\",\"item\":\"https:\/\/www.intelerad.com\/fr\/\"},{\"@type\":\"ListItem\",\"position\":2,\"name\":\"Toutes les suites\",\"item\":\"https:\/\/www.intelerad.com\/fr\/toutes-les-suites\/\"},{\"@type\":\"ListItem\",\"position\":3,\"name\":\"D\u00e9tail de la suite \u2013 Cardiologie\"}]},{\"@type\":\"WebSite\",\"@id\":\"https:\/\/www.intelerad.com\/fr\/#website\",\"url\":\"https:\/\/www.intelerad.com\/fr\/\",\"name\":\"Les syst\u00e8mes m\u00e9dicaux Intelerad\",\"description\":\"\",\"potentialAction\":[{\"@type\":\"SearchAction\",\"target\":{\"@type\":\"EntryPoint\",\"urlTemplate\":\"https:\/\/www.intelerad.com\/fr\/?s={search_term_string}\"},\"query-input\":{\"@type\":\"PropertyValueSpecification\",\"valueRequired\":true,\"valueName\":\"search_term_string\"}}],\"inLanguage\":\"fr-FR\"}]}<\/script>\n<!-- \/ Yoast SEO Premium plugin. -->","yoast_head_json":{"title":"D\u00e9tail de la suite \u2013 Cardiologie | Les syst\u00e8mes m\u00e9dicaux Intelerad","description":"Suite Cardiologie d\u2019Intelerad : plateforme sp\u00e9cialis\u00e9e pour supports d\u2019imagerie cardiaque, mesures et workflows cliniques.","robots":{"index":"index","follow":"follow","max-snippet":"max-snippet:-1","max-image-preview":"max-image-preview:large","max-video-preview":"max-video-preview:-1"},"canonical":"https:\/\/www.intelerad.com\/fr\/toutes-les-suites\/detail-de-la-suite-cardiologie\/","og_locale":"fr_FR","og_type":"article","og_title":"D\u00e9tail de la suite \u2013 Cardiologie","og_description":"Suite Cardiologie d\u2019Intelerad : plateforme sp\u00e9cialis\u00e9e pour supports d\u2019imagerie cardiaque, mesures et workflows cliniques.","og_url":"https:\/\/www.intelerad.com\/fr\/toutes-les-suites\/detail-de-la-suite-cardiologie\/","og_site_name":"Les syst\u00e8mes m\u00e9dicaux Intelerad","article_publisher":"https:\/\/facebook.com\/intelerad","article_modified_time":"2025-08-07T20:57:54+00:00","og_image":[{"url":"https:\/\/www.intelerad.com\/en\/wp-content\/uploads\/sites\/2\/2024\/03\/Hero-Image_Suite-Detail-Cardiology.png","type":"","width":"","height":""}],"twitter_misc":{"Dur\u00e9e de lecture estim\u00e9e":"2 minutes"},"schema":{"@context":"https:\/\/schema.org","@graph":[{"@type":"WebPage","@id":"https:\/\/www.intelerad.com\/fr\/toutes-les-suites\/detail-de-la-suite-cardiologie\/","url":"https:\/\/www.intelerad.com\/fr\/toutes-les-suites\/detail-de-la-suite-cardiologie\/","name":"D\u00e9tail de la suite \u2013 Cardiologie | Les syst\u00e8mes m\u00e9dicaux Intelerad","isPartOf":{"@id":"https:\/\/www.intelerad.com\/fr\/#website"},"primaryImageOfPage":{"@id":"https:\/\/www.intelerad.com\/fr\/toutes-les-suites\/detail-de-la-suite-cardiologie\/#primaryimage"},"image":{"@id":"https:\/\/www.intelerad.com\/fr\/toutes-les-suites\/detail-de-la-suite-cardiologie\/#primaryimage"},"thumbnailUrl":"https:\/\/www.intelerad.com\/en\/wp-content\/uploads\/sites\/2\/2024\/03\/Hero-Image_Suite-Detail-Cardiology.png","datePublished":"2024-02-26T21:25:10+00:00","dateModified":"2025-08-07T20:57:54+00:00","description":"Suite Cardiologie d\u2019Intelerad : plateforme sp\u00e9cialis\u00e9e pour supports d\u2019imagerie cardiaque, mesures et workflows cliniques.","breadcrumb":{"@id":"https:\/\/www.intelerad.com\/fr\/toutes-les-suites\/detail-de-la-suite-cardiologie\/#breadcrumb"},"inLanguage":"fr-FR","potentialAction":[{"@type":"ReadAction","target":["https:\/\/www.intelerad.com\/fr\/toutes-les-suites\/detail-de-la-suite-cardiologie\/"]}]},{"@type":"ImageObject","inLanguage":"fr-FR","@id":"https:\/\/www.intelerad.com\/fr\/toutes-les-suites\/detail-de-la-suite-cardiologie\/#primaryimage","url":"https:\/\/www.intelerad.com\/en\/wp-content\/uploads\/sites\/2\/2024\/03\/Hero-Image_Suite-Detail-Cardiology.png","contentUrl":"https:\/\/www.intelerad.com\/en\/wp-content\/uploads\/sites\/2\/2024\/03\/Hero-Image_Suite-Detail-Cardiology.png"},{"@type":"BreadcrumbList","@id":"https:\/\/www.intelerad.com\/fr\/toutes-les-suites\/detail-de-la-suite-cardiologie\/#breadcrumb","itemListElement":[{"@type":"ListItem","position":1,"name":"Home","item":"https:\/\/www.intelerad.com\/fr\/"},{"@type":"ListItem","position":2,"name":"Toutes les suites","item":"https:\/\/www.intelerad.com\/fr\/toutes-les-suites\/"},{"@type":"ListItem","position":3,"name":"D\u00e9tail de la suite \u2013 Cardiologie"}]},{"@type":"WebSite","@id":"https:\/\/www.intelerad.com\/fr\/#website","url":"https:\/\/www.intelerad.com\/fr\/","name":"Les syst\u00e8mes m\u00e9dicaux Intelerad","description":"","potentialAction":[{"@type":"SearchAction","target":{"@type":"EntryPoint","urlTemplate":"https:\/\/www.intelerad.com\/fr\/?s={search_term_string}"},"query-input":{"@type":"PropertyValueSpecification","valueRequired":true,"valueName":"search_term_string"}}],"inLanguage":"fr-FR"}]}},"_links":{"self":[{"href":"https:\/\/www.intelerad.com\/fr\/wp-json\/wp\/v2\/pages\/1082","targetHints":{"allow":["GET"]}}],"collection":[{"href":"https:\/\/www.intelerad.com\/fr\/wp-json\/wp\/v2\/pages"}],"about":[{"href":"https:\/\/www.intelerad.com\/fr\/wp-json\/wp\/v2\/types\/page"}],"author":[{"embeddable":true,"href":"https:\/\/www.intelerad.com\/fr\/wp-json\/wp\/v2\/users\/18"}],"replies":[{"embeddable":true,"href":"https:\/\/www.intelerad.com\/fr\/wp-json\/wp\/v2\/comments?post=1082"}],"version-history":[{"count":0,"href":"https:\/\/www.intelerad.com\/fr\/wp-json\/wp\/v2\/pages\/1082\/revisions"}],"up":[{"embeddable":true,"href":"https:\/\/www.intelerad.com\/fr\/wp-json\/wp\/v2\/pages\/257"}],"wp:attachment":[{"href":"https:\/\/www.intelerad.com\/fr\/wp-json\/wp\/v2\/media?parent=1082"}],"curies":[{"name":"wp","href":"https:\/\/api.w.org\/{rel}","templated":true}]}}