{"id":1071,"date":"2024-02-26T20:00:15","date_gmt":"2024-02-26T20:00:05","guid":{"rendered":"https:\/\/localhost:10236\/?page_id=1071"},"modified":"2025-08-07T16:53:05","modified_gmt":"2025-08-07T20:53:05","slug":"tous-les-produits","status":"publish","type":"page","link":"https:\/\/www.intelerad.com\/fr\/tous-les-produits\/","title":{"rendered":"Tous les produits"},"content":{"rendered":"\t\t<div data-elementor-type=\"wp-page\" data-elementor-id=\"1071\" class=\"elementor elementor-1071\" data-elementor-post-type=\"page\">\n\t\t\t\t<div class=\"elementor-element elementor-element-dc6c86e e-flex e-con-boxed e-con e-parent\" data-id=\"dc6c86e\" data-element_type=\"container\">\n\t\t\t\t\t<div class=\"e-con-inner\">\n\t\t\t\t<div class=\"elementor-element elementor-element-ae0d3aa elementor-widget elementor-widget-intelerad-homepage-hero-widget\" data-id=\"ae0d3aa\" data-element_type=\"widget\" data-widget_type=\"intelerad-homepage-hero-widget.default\">\n\t\t\t\t<div class=\"elementor-widget-container\">\n\t\t\t\t\t  <section>\n    <div class=\"pt-10 pb-16\">\n      <div class=\"container px-3 mx-auto\">\n                  <div class=\"flex flex-col-reverse gap-8 lg:flex-row lg:items-center\">\n            <div class=\"w-full py-8 lg:w-1\/2\">\n              <div class=\"bannerContent\">\n                                  <div class=\"lg:max-w-[458px]\">\n                                          <h1 class=\"h1 lg:pr-7\">Impact Visible\n<\/h1>\n                                                              <div class=\"pt-6 prose\"><p>Notre suite compl\u00e8te de produits rationalise vos op\u00e9rations et am\u00e9liore les soins aux patients.<\/p><\/div>\n                                                              <div class=\"pt-6\">\n                        <a href=\"https:\/\/www.intelerad.com\/fr\/reservez-une-demo\/\" class=\"btn btnOutline btnLg\">R\u00e9servez une D\u00e9mo<\/a>\n                      <\/div>\n                                      <\/div>\n                                    \n              <\/div>\n            <\/div>\n            <div class=\"w-full lg:w-1\/2\">\n                              <div class=\"bannerImgCol\">\n                  <img decoding=\"async\" class=\"hidden lg:block\" src=\"https:\/\/www.intelerad.com\/en\/wp-content\/uploads\/sites\/2\/2024\/04\/All-products-Hero-Image.png\" alt=\"A healthcare professional stands confidently with a digital patient record interface in the foreground, indicating technology's integral role in modern medicine.\">\n                  <img decoding=\"async\" class=\"lg:hidden\" src=\"https:\/\/www.intelerad.com\/en\/wp-content\/uploads\/sites\/2\/2024\/04\/All-products-Hero-Image.png\" alt=\"A healthcare professional stands confidently with a digital patient record interface in the foreground, indicating technology's integral role in modern medicine.\">\n                <\/div>\n                          <\/div>\n          <\/div>\n         \n      <\/div>\n    <\/div>\n  <\/section>\n\t\t\t\t\t<\/div>\n\t\t\t\t<\/div>\n\t\t\t\t\t<\/div>\n\t\t\t\t<\/div>\n\t\t<div class=\"elementor-element elementor-element-6f09e32 e-flex e-con-boxed e-con e-parent\" data-id=\"6f09e32\" data-element_type=\"container\">\n\t\t\t\t\t<div class=\"e-con-inner\">\n\t\t\t\t<div class=\"elementor-element elementor-element-218ea92 elementor-widget elementor-widget-intelerad-three-columned-content-widget\" data-id=\"218ea92\" data-element_type=\"widget\" data-widget_type=\"intelerad-three-columned-content-widget.default\">\n\t\t\t\t<div class=\"elementor-widget-container\">\n\t\t\t\t\t  <section>\n    <div class=\"py-10 md:py-[70px]\">\n              <div class=\"container px-3 mx-auto\">\n          <h2 class=\"h1 \">Produits d'Entreprise\n\n<\/h2>\n                    <div\n            class=\"grid grid-cols-1 gap-5 pt-6 md:grid-cols-2 lg:grid-cols-3 lg:pt-10 xl:pt-16\"\n          >\n                          <a href=\"https:\/\/www.intelerad.com\/fr\/tous-les-produits\/inteleorchestrator\/\" class=\"cardStyle3 \">\n                <div class=\"cs3IconCol\">\n                  <img decoding=\"async\" src=\"https:\/\/www.intelerad.com\/wp-content\/uploads\/sites\/2\/2024\/02\/product-icon-1.svg\" alt=\"\">\n                <\/div>\n                <div class=\"cs3ContentCol\">\n                  <h4>InteleOrchestrator<\/h4>\n                  <div class=\"pt-3 prose\"><p>Visualisez l'\u00e9tude appropri\u00e9e au bon moment, sans tracas.<\/p><\/div>\n                                    <div class=\"pt-3\">\n                    <div class=\"arrowLink\">See More<\/div>\n                  <\/div>\n                                  <\/div>\n              <\/a>\n                          <a href=\"https:\/\/www.intelerad.com\/fr\/tous-les-produits\/intelepacs\/\" class=\"cardStyle3 \">\n                <div class=\"cs3IconCol\">\n                  <img decoding=\"async\" src=\"https:\/\/www.intelerad.com\/wp-content\/uploads\/sites\/2\/2024\/02\/product-icon-2.svg\" alt=\"\">\n                <\/div>\n                <div class=\"cs3ContentCol\">\n                  <h4>IntelePACS<\/h4>\n                  <div class=\"pt-3 prose\"><p>Acc\u00e9dez aux images m\u00e9dicales et aux donn\u00e9es des patients \u00e0 tout moment, n'importe o\u00f9.<\/p><\/div>\n                                    <div class=\"pt-3\">\n                    <div class=\"arrowLink\">See More<\/div>\n                  <\/div>\n                                  <\/div>\n              <\/a>\n                          <a href=\"https:\/\/www.intelerad.com\/fr\/tous-les-produits\/enterprise-viewer\/\" class=\"cardStyle3 \">\n                <div class=\"cs3IconCol\">\n                  <img decoding=\"async\" src=\"https:\/\/www.intelerad.com\/wp-content\/uploads\/sites\/2\/2024\/02\/product-icon-3.svg\" alt=\"\">\n                <\/div>\n                <div class=\"cs3ContentCol\">\n                  <h4>Enterprise Viewer<\/h4>\n                  <div class=\"pt-3 prose\"><p>Permettez aux m\u00e9decins d'acc\u00e9der aux images de n'importe o\u00f9 sur n'importe quel appareil.<\/p><\/div>\n                                    <div class=\"pt-3\">\n                    <div class=\"arrowLink\">See More<\/div>\n                  <\/div>\n                                  <\/div>\n              <\/a>\n                          <a href=\"https:\/\/www.intelerad.com\/fr\/tous-les-produits\/inteleshare\/\" class=\"cardStyle3 \">\n                <div class=\"cs3IconCol\">\n                  <img decoding=\"async\" src=\"https:\/\/www.intelerad.com\/wp-content\/uploads\/sites\/2\/2024\/02\/product-icon-4.svg\" alt=\"\">\n                <\/div>\n                <div class=\"cs3ContentCol\">\n                  <h4>InteleShare<\/h4>\n                  <div class=\"pt-3 prose\"><p>Envoyez et recevez des images de patients de mani\u00e8re s\u00e9curis\u00e9e et fluide.<\/p><\/div>\n                                    <div class=\"pt-3\">\n                    <div class=\"arrowLink\">See More<\/div>\n                  <\/div>\n                                  <\/div>\n              <\/a>\n                          <a href=\"https:\/\/www.intelerad.com\/fr\/tous-les-produits\/inteleshare-vna\/\" class=\"cardStyle3 \">\n                <div class=\"cs3IconCol\">\n                  <img decoding=\"async\" src=\"https:\/\/www.intelerad.com\/wp-content\/uploads\/sites\/2\/2024\/02\/product-icon-5.svg\" alt=\"\">\n                <\/div>\n                <div class=\"cs3ContentCol\">\n                  <h4>InteleShare VNA<\/h4>\n                  <div class=\"pt-3 prose\"><p>Centralisez les donn\u00e9es dans une archive flexible, \u00e9volutive, neutre par rapport aux fournisseurs et riche en fonctionnalit\u00e9s.<\/p><\/div>\n                                    <div class=\"pt-3\">\n                    <div class=\"arrowLink\">See More<\/div>\n                  <\/div>\n                                  <\/div>\n              <\/a>\n                          <a href=\"https:\/\/www.intelerad.com\/fr\/tous-les-produits\/intelearchive\/\" class=\"cardStyle3 \">\n                <div class=\"cs3IconCol\">\n                  <img decoding=\"async\" src=\"https:\/\/www.intelerad.com\/wp-content\/uploads\/sites\/2\/2024\/02\/product-icon-6.svg\" alt=\"\">\n                <\/div>\n                <div class=\"cs3ContentCol\">\n                  <h4>InteleArchive<\/h4>\n                  <div class=\"pt-3 prose\"><p>S\u00e9curisez vos donn\u00e9es patient avec une sauvegarde de r\u00e9cup\u00e9ration et une archivage.<\/p><\/div>\n                                    <div class=\"pt-3\">\n                    <div class=\"arrowLink\">See More<\/div>\n                  <\/div>\n                                  <\/div>\n              <\/a>\n                          <a href=\"https:\/\/www.intelerad.com\/fr\/tous-les-produits\/inteleshare-research\/\" class=\"cardStyle3 \">\n                <div class=\"cs3IconCol\">\n                  <img decoding=\"async\" src=\"https:\/\/www.intelerad.com\/wp-content\/uploads\/sites\/2\/2024\/02\/product-icon-7.svg\" alt=\"\">\n                <\/div>\n                <div class=\"cs3ContentCol\">\n                  <h4>InteleShare Research<\/h4>\n                  <div class=\"pt-3 prose\"><p>Facilitez les flux de travail de recherche bas\u00e9e sur l'imagerie.<\/p><\/div>\n                                    <div class=\"pt-3\">\n                    <div class=\"arrowLink\">See More<\/div>\n                  <\/div>\n                                  <\/div>\n              <\/a>\n                          <a href=\"https:\/\/www.intelerad.com\/fr\/tous-les-produits\/inteleheart\/\" class=\"cardStyle3 \">\n                <div class=\"cs3IconCol\">\n                  <img decoding=\"async\" src=\"https:\/\/www.intelerad.com\/wp-content\/uploads\/sites\/2\/2024\/02\/product-icon-8.svg\" alt=\"\">\n                <\/div>\n                <div class=\"cs3ContentCol\">\n                  <h4>InteleHeart<\/h4>\n                  <div class=\"pt-3 prose\"><p>Optimisez les processus cardiaques et la gestion des ECG.<\/p><\/div>\n                                    <div class=\"pt-3\">\n                    <div class=\"arrowLink\">See More<\/div>\n                  <\/div>\n                                  <\/div>\n              <\/a>\n                          <a href=\"https:\/\/www.intelerad.com\/fr\/tous-les-produits\/intelescreen\/\" class=\"cardStyle3 \">\n                <div class=\"cs3IconCol\">\n                  <img decoding=\"async\" src=\"https:\/\/www.intelerad.com\/wp-content\/uploads\/sites\/2\/2024\/02\/Group.svg\" alt=\"\">\n                <\/div>\n                <div class=\"cs3ContentCol\">\n                  <h4>InteleScreen<\/h4>\n                  <div class=\"pt-3 prose\"><p>Optimisez le suivi et le rapport d'images mammaires et pulmonaires.<\/p><\/div>\n                                    <div class=\"pt-3\">\n                    <div class=\"arrowLink\">See More<\/div>\n                  <\/div>\n                                  <\/div>\n              <\/a>\n                          <a href=\"https:\/\/www.intelerad.com\/fr\/tous-les-produits\/inteleone\/\" class=\"cardStyle3 \">\n                <div class=\"cs3IconCol\">\n                  <img decoding=\"async\" src=\"https:\/\/www.intelerad.com\/en\/wp-content\/uploads\/sites\/2\/2024\/04\/Icons-69.svg\" alt=\"\">\n                <\/div>\n                <div class=\"cs3ContentCol\">\n                  <h4>InteleOne<\/h4>\n                  <div class=\"pt-3 prose\"><p>Connectez les patients, les prestataires de soins et les informations \u00e0 travers l'entreprise.<\/p><\/div>\n                                    <div class=\"pt-3\">\n                    <div class=\"arrowLink\">See More<\/div>\n                  <\/div>\n                                  <\/div>\n              <\/a>\n                      <\/div>\n          <div class=\"flex justify-center mt-8\">\n                      <\/div>\n        <\/div>\n          <\/div>\n  <\/section>\n\t\t\t\t\t<\/div>\n\t\t\t\t<\/div>\n\t\t\t\t\t<\/div>\n\t\t\t\t<\/div>\n\t\t<div class=\"elementor-element elementor-element-77365bf e-flex e-con-boxed e-con e-parent\" data-id=\"77365bf\" data-element_type=\"container\">\n\t\t\t\t\t<div class=\"e-con-inner\">\n\t\t\t\t<div class=\"elementor-element elementor-element-adefea2 elementor-widget elementor-widget-global elementor-global-15330 elementor-widget-intelerad-cta\" data-id=\"adefea2\" data-element_type=\"widget\" data-widget_type=\"intelerad-cta.default\">\n\t\t\t\t<div class=\"elementor-widget-container\">\n\t\t\t\t\t          <section>\n        <div class=\"pt-10 md:py-[70px] pb-14\">\n          <div class=\"container px-0 pb-16 text-offWhite lg:pb-16 bg-primaryColor rounded-2xl\">\n            <div class=\"py-8 overflow-hidden text-center shapeCol lg:pb-12 lg:pt-16\">\n            <img decoding=\"async\"\n                  src=\"https:\/\/www.intelerad.com\/fr\/wp-content\/themes\/intelerad\/assets\/images\/vector-shape-light.svg\"\n                  alt=\"...\"\n                  class=\"object-cover w-full d-block !h-12 lg:!h-auto\"\n              \/>\n            <\/div>\n            <div class=\"px-3 mx-auto\">\n              <div class=\"mx-auto text-center\">\n                <h2 class=\"h1\">Pr\u00eat \u00e0 commencer?<\/h2>\n                <div class=\"pt-4 prose lg:pt-8 !max-w-[38rem] mx-auto text-offWhite\">\n                  <p>Nous connectons les professionnels de la sant\u00e9 et les informations sur l'imagerie afin que vous puissiez vous concentrer sur ce qui compte vraiment : les soins aux patients.<\/p>                <\/div>\n                <div class=\"flex justify-center mt-8\">\n                                      <a href=\"https:\/\/www.intelerad.com\/fr\/reservez-une-demo\/\" class=\"mr-4 btn btnWhite xl:mr-6\"\n                    >R\u00e9servez une d\u00e9mo<\/a>\n                                                      <a href=\"https:\/\/www.intelerad.com\/fr\/contactez-nous\/\" class=\"btn btnOutlineWhite\">Contactez-nous<\/a>\n                                  <\/div>\n              <\/div>\n            <\/div>\n          <\/div>\n        <\/div>\n      <\/section>\n    \t\t\t\t\t<\/div>\n\t\t\t\t<\/div>\n\t\t\t\t\t<\/div>\n\t\t\t\t<\/div>\n\t\t\t\t<\/div>\n\t\t","protected":false},"excerpt":{"rendered":"","protected":false},"author":18,"featured_media":0,"parent":0,"menu_order":0,"comment_status":"closed","ping_status":"closed","template":"","meta":{"_acf_changed":false,"footnotes":""},"class_list":["post-1071","page","type-page","status-publish","hentry"],"acf":[],"yoast_head":"<!-- This site is optimized with the Yoast SEO Premium plugin v26.2 (Yoast SEO v26.4) - https:\/\/yoast.com\/wordpress\/plugins\/seo\/ -->\n<title>Tous les produits | Les syst\u00e8mes m\u00e9dicaux Intelerad<\/title>\n<meta name=\"description\" content=\"D\u00e9couvrez la gamme compl\u00e8te des produits Intelerad pour l\u2019imagerie m\u00e9dicale\u202f: outils PACS, partage, archivage et plus.\" \/>\n<meta name=\"robots\" content=\"index, follow, max-snippet:-1, max-image-preview:large, max-video-preview:-1\" \/>\n<link rel=\"canonical\" href=\"https:\/\/www.intelerad.com\/fr\/tous-les-produits\/\" \/>\n<meta property=\"og:locale\" content=\"fr_FR\" \/>\n<meta property=\"og:type\" content=\"article\" \/>\n<meta property=\"og:title\" content=\"Tous les produits\" \/>\n<meta property=\"og:description\" content=\"D\u00e9couvrez la gamme compl\u00e8te des produits Intelerad pour l\u2019imagerie m\u00e9dicale\u202f: outils PACS, partage, archivage et plus.\" \/>\n<meta property=\"og:url\" content=\"https:\/\/www.intelerad.com\/fr\/tous-les-produits\/\" \/>\n<meta property=\"og:site_name\" content=\"Les syst\u00e8mes m\u00e9dicaux Intelerad\" \/>\n<meta property=\"article:publisher\" content=\"https:\/\/facebook.com\/intelerad\" \/>\n<meta property=\"article:modified_time\" content=\"2025-08-07T20:53:05+00:00\" \/>\n<meta property=\"og:image\" content=\"https:\/\/www.intelerad.com\/en\/wp-content\/uploads\/sites\/2\/2024\/04\/All-products-Hero-Image.png\" \/>\n<meta name=\"twitter:label1\" content=\"Dur\u00e9e de lecture estim\u00e9e\" \/>\n\t<meta name=\"twitter:data1\" content=\"4 minutes\" \/>\n<script type=\"application\/ld+json\" class=\"yoast-schema-graph\">{\"@context\":\"https:\/\/schema.org\",\"@graph\":[{\"@type\":\"WebPage\",\"@id\":\"https:\/\/www.intelerad.com\/fr\/tous-les-produits\/\",\"url\":\"https:\/\/www.intelerad.com\/fr\/tous-les-produits\/\",\"name\":\"Tous les produits | Les syst\u00e8mes m\u00e9dicaux Intelerad\",\"isPartOf\":{\"@id\":\"https:\/\/www.intelerad.com\/fr\/#website\"},\"primaryImageOfPage\":{\"@id\":\"https:\/\/www.intelerad.com\/fr\/tous-les-produits\/#primaryimage\"},\"image\":{\"@id\":\"https:\/\/www.intelerad.com\/fr\/tous-les-produits\/#primaryimage\"},\"thumbnailUrl\":\"https:\/\/www.intelerad.com\/en\/wp-content\/uploads\/sites\/2\/2024\/04\/All-products-Hero-Image.png\",\"datePublished\":\"2024-02-26T20:00:05+00:00\",\"dateModified\":\"2025-08-07T20:53:05+00:00\",\"description\":\"D\u00e9couvrez la gamme compl\u00e8te des produits Intelerad pour l\u2019imagerie m\u00e9dicale\u202f: outils PACS, partage, archivage et plus.\",\"breadcrumb\":{\"@id\":\"https:\/\/www.intelerad.com\/fr\/tous-les-produits\/#breadcrumb\"},\"inLanguage\":\"fr-FR\",\"potentialAction\":[{\"@type\":\"ReadAction\",\"target\":[\"https:\/\/www.intelerad.com\/fr\/tous-les-produits\/\"]}]},{\"@type\":\"ImageObject\",\"inLanguage\":\"fr-FR\",\"@id\":\"https:\/\/www.intelerad.com\/fr\/tous-les-produits\/#primaryimage\",\"url\":\"https:\/\/www.intelerad.com\/en\/wp-content\/uploads\/sites\/2\/2024\/04\/All-products-Hero-Image.png\",\"contentUrl\":\"https:\/\/www.intelerad.com\/en\/wp-content\/uploads\/sites\/2\/2024\/04\/All-products-Hero-Image.png\"},{\"@type\":\"BreadcrumbList\",\"@id\":\"https:\/\/www.intelerad.com\/fr\/tous-les-produits\/#breadcrumb\",\"itemListElement\":[{\"@type\":\"ListItem\",\"position\":1,\"name\":\"Home\",\"item\":\"https:\/\/www.intelerad.com\/fr\/\"},{\"@type\":\"ListItem\",\"position\":2,\"name\":\"Tous les produits\"}]},{\"@type\":\"WebSite\",\"@id\":\"https:\/\/www.intelerad.com\/fr\/#website\",\"url\":\"https:\/\/www.intelerad.com\/fr\/\",\"name\":\"Les syst\u00e8mes m\u00e9dicaux Intelerad\",\"description\":\"\",\"potentialAction\":[{\"@type\":\"SearchAction\",\"target\":{\"@type\":\"EntryPoint\",\"urlTemplate\":\"https:\/\/www.intelerad.com\/fr\/?s={search_term_string}\"},\"query-input\":{\"@type\":\"PropertyValueSpecification\",\"valueRequired\":true,\"valueName\":\"search_term_string\"}}],\"inLanguage\":\"fr-FR\"}]}<\/script>\n<!-- \/ Yoast SEO Premium plugin. -->","yoast_head_json":{"title":"Tous les produits | Les syst\u00e8mes m\u00e9dicaux Intelerad","description":"D\u00e9couvrez la gamme compl\u00e8te des produits Intelerad pour l\u2019imagerie m\u00e9dicale\u202f: outils PACS, partage, archivage et plus.","robots":{"index":"index","follow":"follow","max-snippet":"max-snippet:-1","max-image-preview":"max-image-preview:large","max-video-preview":"max-video-preview:-1"},"canonical":"https:\/\/www.intelerad.com\/fr\/tous-les-produits\/","og_locale":"fr_FR","og_type":"article","og_title":"Tous les produits","og_description":"D\u00e9couvrez la gamme compl\u00e8te des produits Intelerad pour l\u2019imagerie m\u00e9dicale\u202f: outils PACS, partage, archivage et plus.","og_url":"https:\/\/www.intelerad.com\/fr\/tous-les-produits\/","og_site_name":"Les syst\u00e8mes m\u00e9dicaux Intelerad","article_publisher":"https:\/\/facebook.com\/intelerad","article_modified_time":"2025-08-07T20:53:05+00:00","og_image":[{"url":"https:\/\/www.intelerad.com\/en\/wp-content\/uploads\/sites\/2\/2024\/04\/All-products-Hero-Image.png","type":"","width":"","height":""}],"twitter_misc":{"Dur\u00e9e de lecture estim\u00e9e":"4 minutes"},"schema":{"@context":"https:\/\/schema.org","@graph":[{"@type":"WebPage","@id":"https:\/\/www.intelerad.com\/fr\/tous-les-produits\/","url":"https:\/\/www.intelerad.com\/fr\/tous-les-produits\/","name":"Tous les produits | Les syst\u00e8mes m\u00e9dicaux Intelerad","isPartOf":{"@id":"https:\/\/www.intelerad.com\/fr\/#website"},"primaryImageOfPage":{"@id":"https:\/\/www.intelerad.com\/fr\/tous-les-produits\/#primaryimage"},"image":{"@id":"https:\/\/www.intelerad.com\/fr\/tous-les-produits\/#primaryimage"},"thumbnailUrl":"https:\/\/www.intelerad.com\/en\/wp-content\/uploads\/sites\/2\/2024\/04\/All-products-Hero-Image.png","datePublished":"2024-02-26T20:00:05+00:00","dateModified":"2025-08-07T20:53:05+00:00","description":"D\u00e9couvrez la gamme compl\u00e8te des produits Intelerad pour l\u2019imagerie m\u00e9dicale\u202f: outils PACS, partage, archivage et plus.","breadcrumb":{"@id":"https:\/\/www.intelerad.com\/fr\/tous-les-produits\/#breadcrumb"},"inLanguage":"fr-FR","potentialAction":[{"@type":"ReadAction","target":["https:\/\/www.intelerad.com\/fr\/tous-les-produits\/"]}]},{"@type":"ImageObject","inLanguage":"fr-FR","@id":"https:\/\/www.intelerad.com\/fr\/tous-les-produits\/#primaryimage","url":"https:\/\/www.intelerad.com\/en\/wp-content\/uploads\/sites\/2\/2024\/04\/All-products-Hero-Image.png","contentUrl":"https:\/\/www.intelerad.com\/en\/wp-content\/uploads\/sites\/2\/2024\/04\/All-products-Hero-Image.png"},{"@type":"BreadcrumbList","@id":"https:\/\/www.intelerad.com\/fr\/tous-les-produits\/#breadcrumb","itemListElement":[{"@type":"ListItem","position":1,"name":"Home","item":"https:\/\/www.intelerad.com\/fr\/"},{"@type":"ListItem","position":2,"name":"Tous les produits"}]},{"@type":"WebSite","@id":"https:\/\/www.intelerad.com\/fr\/#website","url":"https:\/\/www.intelerad.com\/fr\/","name":"Les syst\u00e8mes m\u00e9dicaux Intelerad","description":"","potentialAction":[{"@type":"SearchAction","target":{"@type":"EntryPoint","urlTemplate":"https:\/\/www.intelerad.com\/fr\/?s={search_term_string}"},"query-input":{"@type":"PropertyValueSpecification","valueRequired":true,"valueName":"search_term_string"}}],"inLanguage":"fr-FR"}]}},"_links":{"self":[{"href":"https:\/\/www.intelerad.com\/fr\/wp-json\/wp\/v2\/pages\/1071","targetHints":{"allow":["GET"]}}],"collection":[{"href":"https:\/\/www.intelerad.com\/fr\/wp-json\/wp\/v2\/pages"}],"about":[{"href":"https:\/\/www.intelerad.com\/fr\/wp-json\/wp\/v2\/types\/page"}],"author":[{"embeddable":true,"href":"https:\/\/www.intelerad.com\/fr\/wp-json\/wp\/v2\/users\/18"}],"replies":[{"embeddable":true,"href":"https:\/\/www.intelerad.com\/fr\/wp-json\/wp\/v2\/comments?post=1071"}],"version-history":[{"count":0,"href":"https:\/\/www.intelerad.com\/fr\/wp-json\/wp\/v2\/pages\/1071\/revisions"}],"wp:attachment":[{"href":"https:\/\/www.intelerad.com\/fr\/wp-json\/wp\/v2\/media?parent=1071"}],"curies":[{"name":"wp","href":"https:\/\/api.w.org\/{rel}","templated":true}]}}